{"id":9996,"date":"2025-12-05T22:07:00","date_gmt":"2025-12-05T22:07:00","guid":{"rendered":"https:\/\/senzorika.ajvonidol.si\/?post_type=product&#038;p=9996"},"modified":"2025-12-27T19:36:12","modified_gmt":"2025-12-27T19:36:12","slug":"vzmetnica-3","status":"publish","type":"product","link":"https:\/\/senzorika-varga.si\/en\/product\/vzmetnica-3\/","title":{"rendered":"Blazina za SI kletko &#8211; 4 kom"},"content":{"rendered":"<p>Komplet senzori\u010dnih vzmetnic za kletko SI, izdelan iz PVC tkanine, odporne proti obrabi, brez ftalatov, polnjene z visoko elasti\u010dno poliuretansko peno, je odli\u010dna re\u0161itev za terapije senzori\u010dne integracije. Komplet je sestavljen iz \u0161tirih kvadratnih vzmetnic, katerih dimenzije so prilagojene kletki SI, kar zagotavlja varno povr\u0161ino za vaje na vise\u010di opremi, hkrati pa izolira od trdih tal.<\/p>\n<p>Vzmetnice se lahko uporabljajo tudi kot povr\u0161ina za gimnasti\u010dne ali korektivne vaje, ki otrokom nudijo oporo med razli\u010dnimi aktivnostmi. Elementi kompleta so pritrjeni z mo\u010dnim je\u017ekom, protizdrsno dno iz teksturirane PVC tkanine pa zagotavlja stabilnost in varnost med uporabo.<\/p>\n<p>Dimenzije enojne vzmetnice: 122 x 123 x 5 cm; Celotne dimenzije: 244 x 246 x 5 cm.<\/p>","protected":false},"excerpt":{"rendered":"<p>Komplet senzori\u010dnih vzmetnic za kletko SI, izdelan iz PVC tkanine, odporne proti obrabi, brez ftalatov, polnjene z visoko elasti\u010dno poliuretansko peno, je odli\u010dna re\u0161itev za terapije senzori\u010dne integracije. Komplet je sestavljen iz \u0161tirih kvadratnih vzmetnic, katerih dimenzije so prilagojene kletki SI, kar zagotavlja varno povr\u0161ino za vaje na vise\u010di opremi, hkrati pa izolira od trdih tal.<\/p>\n<p>Vzmetnice se lahko uporabljajo tudi kot povr\u0161ina za gimnasti\u010dne ali korektivne vaje, ki otrokom nudijo oporo med razli\u010dnimi aktivnostmi. Elementi kompleta so pritrjeni z mo\u010dnim je\u017ekom, protizdrsno dno iz teksturirane PVC tkanine pa zagotavlja stabilnost in varnost med uporabo.<\/p>\n<p>Dimenzije enojne vzmetnice: 122 x 123 x 5 cm; Celotne dimenzije: 244 x 246 x 5 cm.<\/p>","protected":false},"featured_media":11710,"menu_order":0,"comment_status":"open","ping_status":"closed","template":"","meta":[],"product_brand":[],"product_cat":[130],"product_tag":[],"class_list":{"0":"post-9996","1":"product","2":"type-product","3":"status-publish","4":"has-post-thumbnail","6":"product_cat-mehki-predmeti","8":"first","9":"instock","10":"taxable","11":"shipping-taxable","12":"purchasable","13":"product-type-simple"},"jetpack_sharing_enabled":true,"_links":{"self":[{"href":"https:\/\/senzorika-varga.si\/en\/wp-json\/wp\/v2\/product\/9996","targetHints":{"allow":["GET"]}}],"collection":[{"href":"https:\/\/senzorika-varga.si\/en\/wp-json\/wp\/v2\/product"}],"about":[{"href":"https:\/\/senzorika-varga.si\/en\/wp-json\/wp\/v2\/types\/product"}],"replies":[{"embeddable":true,"href":"https:\/\/senzorika-varga.si\/en\/wp-json\/wp\/v2\/comments?post=9996"}],"version-history":[{"count":2,"href":"https:\/\/senzorika-varga.si\/en\/wp-json\/wp\/v2\/product\/9996\/revisions"}],"predecessor-version":[{"id":13000,"href":"https:\/\/senzorika-varga.si\/en\/wp-json\/wp\/v2\/product\/9996\/revisions\/13000"}],"wp:featuredmedia":[{"embeddable":true,"href":"https:\/\/senzorika-varga.si\/en\/wp-json\/wp\/v2\/media\/11710"}],"wp:attachment":[{"href":"https:\/\/senzorika-varga.si\/en\/wp-json\/wp\/v2\/media?parent=9996"}],"wp:term":[{"taxonomy":"product_brand","embeddable":true,"href":"https:\/\/senzorika-varga.si\/en\/wp-json\/wp\/v2\/product_brand?post=9996"},{"taxonomy":"product_cat","embeddable":true,"href":"https:\/\/senzorika-varga.si\/en\/wp-json\/wp\/v2\/product_cat?post=9996"},{"taxonomy":"product_tag","embeddable":true,"href":"https:\/\/senzorika-varga.si\/en\/wp-json\/wp\/v2\/product_tag?post=9996"}],"curies":[{"name":"wp","href":"https:\/\/api.w.org\/{rel}","templated":true}]}}