{"id":9992,"date":"2025-12-05T22:07:00","date_gmt":"2025-12-05T22:07:00","guid":{"rendered":"https:\/\/senzorika.ajvonidol.si\/?post_type=product&#038;p=9992"},"modified":"2025-12-27T19:36:12","modified_gmt":"2025-12-27T19:36:12","slug":"4-delna-zlozljiva-podloga-za-aktivnosti-crno-bela","status":"publish","type":"product","link":"https:\/\/senzorika-varga.si\/en\/product\/4-delna-zlozljiva-podloga-za-aktivnosti-crno-bela\/","title":{"rendered":"4-delna zlo\u017eljiva blazina &#8211; \u010drno-bela"},"content":{"rendered":"<p>\u010crno-bele 4-delne zlo\u017eljive vzmetnice so izdelane iz PVC tkanine brez ftalatov, odporne proti obrabi, znane po svoji visoki vzdr\u017eljivosti, ki zagotavlja dolgotrajno uporabo. Visoko elasti\u010dno polnilo iz poliuretanske pene zagotavlja optimalno udobje, zaradi \u010desar so idealne tako za igro kot za po\u010ditek. Zlo\u017eljiva konstrukcija vzmetnic omogo\u010da enostavno shranjevanje in transport, kar je prakti\u010dna re\u0161itev za prostore z omejenim prostorom. Trpe\u017ena povezava elementov s trakom \u0161e pove\u010da njihovo stabilnost in funkcionalnost. Univerzalna \u010drno-bela barvna shema se poda k vsaki notranjosti in ji doda sodoben pridih.<\/p>\n<p>Dimenzije: 100 x 100 x 5 cm.<\/p>","protected":false},"excerpt":{"rendered":"<p>\u010crno-bele 4-delne zlo\u017eljive vzmetnice so izdelane iz PVC tkanine brez ftalatov, odporne proti obrabi, znane po svoji visoki vzdr\u017eljivosti, ki zagotavlja dolgotrajno uporabo. Visoko elasti\u010dno polnilo iz poliuretanske pene zagotavlja optimalno udobje, zaradi \u010desar so idealne tako za igro kot za po\u010ditek. Zlo\u017eljiva konstrukcija vzmetnic omogo\u010da enostavno shranjevanje in transport, kar je prakti\u010dna re\u0161itev za prostore z omejenim prostorom. Trpe\u017ena povezava elementov s trakom \u0161e pove\u010da njihovo stabilnost in funkcionalnost. Univerzalna \u010drno-bela barvna shema se poda k vsaki notranjosti in ji doda sodoben pridih.<\/p>\n<p>Dimenzije: 100 x 100 x 5 cm.<\/p>","protected":false},"featured_media":11706,"menu_order":0,"comment_status":"open","ping_status":"closed","template":"","meta":[],"product_brand":[],"product_cat":[130],"product_tag":[],"class_list":{"0":"post-9992","1":"product","2":"type-product","3":"status-publish","4":"has-post-thumbnail","6":"product_cat-mehki-predmeti","8":"first","9":"instock","10":"taxable","11":"shipping-taxable","12":"purchasable","13":"product-type-simple"},"jetpack_sharing_enabled":true,"_links":{"self":[{"href":"https:\/\/senzorika-varga.si\/en\/wp-json\/wp\/v2\/product\/9992","targetHints":{"allow":["GET"]}}],"collection":[{"href":"https:\/\/senzorika-varga.si\/en\/wp-json\/wp\/v2\/product"}],"about":[{"href":"https:\/\/senzorika-varga.si\/en\/wp-json\/wp\/v2\/types\/product"}],"replies":[{"embeddable":true,"href":"https:\/\/senzorika-varga.si\/en\/wp-json\/wp\/v2\/comments?post=9992"}],"version-history":[{"count":2,"href":"https:\/\/senzorika-varga.si\/en\/wp-json\/wp\/v2\/product\/9992\/revisions"}],"predecessor-version":[{"id":12998,"href":"https:\/\/senzorika-varga.si\/en\/wp-json\/wp\/v2\/product\/9992\/revisions\/12998"}],"wp:featuredmedia":[{"embeddable":true,"href":"https:\/\/senzorika-varga.si\/en\/wp-json\/wp\/v2\/media\/11706"}],"wp:attachment":[{"href":"https:\/\/senzorika-varga.si\/en\/wp-json\/wp\/v2\/media?parent=9992"}],"wp:term":[{"taxonomy":"product_brand","embeddable":true,"href":"https:\/\/senzorika-varga.si\/en\/wp-json\/wp\/v2\/product_brand?post=9992"},{"taxonomy":"product_cat","embeddable":true,"href":"https:\/\/senzorika-varga.si\/en\/wp-json\/wp\/v2\/product_cat?post=9992"},{"taxonomy":"product_tag","embeddable":true,"href":"https:\/\/senzorika-varga.si\/en\/wp-json\/wp\/v2\/product_tag?post=9992"}],"curies":[{"name":"wp","href":"https:\/\/api.w.org\/{rel}","templated":true}]}}