{"id":9972,"date":"2025-12-05T22:06:58","date_gmt":"2025-12-05T22:06:58","guid":{"rendered":"https:\/\/senzorika.ajvonidol.si\/?post_type=product&#038;p=9972"},"modified":"2025-12-27T19:36:10","modified_gmt":"2025-12-27T19:36:10","slug":"3-delna-zlozljiva-podloga-za-aktivnosti-modra","status":"publish","type":"product","link":"https:\/\/senzorika-varga.si\/en\/product\/3-delna-zlozljiva-podloga-za-aktivnosti-modra\/","title":{"rendered":"3-delna zlo\u017eljiva balzina &#8211; modra"},"content":{"rendered":"<p>Modra zlo\u017eljiva podloga, prevle\u010dena s PVC tkanino brez ftalatov, odporno proti obrabi, in napolnjena z visoko elasti\u010dno poliuretansko peno, ponuja udobje in funkcionalnost med telesnimi aktivnostmi. Zahvaljujo\u010d trpe\u017enim tra\u010dnim povezavam je mogo\u010de elemente podloge enostavno zlo\u017eiti in shraniti, zaradi \u010desar je prakti\u010dna re\u0161itev za omejene prostore. Ta podloga je idealna za gimnastiko, rehabilitacijske vaje in kot dodatna povr\u0161ina za sprostitev.<\/p>\n<p>Dimenzije: 180 x 60 x 5 cm.<\/p>","protected":false},"excerpt":{"rendered":"<p>Modra zlo\u017eljiva podloga, prevle\u010dena s PVC tkanino brez ftalatov, odporno proti obrabi, in napolnjena z visoko elasti\u010dno poliuretansko peno, ponuja udobje in funkcionalnost med telesnimi aktivnostmi. Zahvaljujo\u010d trpe\u017enim tra\u010dnim povezavam je mogo\u010de elemente podloge enostavno zlo\u017eiti in shraniti, zaradi \u010desar je prakti\u010dna re\u0161itev za omejene prostore. Ta podloga je idealna za gimnastiko, rehabilitacijske vaje in kot dodatna povr\u0161ina za sprostitev.<\/p>\n<p>Dimenzije: 180 x 60 x 5 cm.<\/p>","protected":false},"featured_media":11688,"menu_order":0,"comment_status":"open","ping_status":"closed","template":"","meta":[],"product_brand":[],"product_cat":[130],"product_tag":[],"class_list":{"0":"post-9972","1":"product","2":"type-product","3":"status-publish","4":"has-post-thumbnail","6":"product_cat-mehki-predmeti","8":"first","9":"instock","10":"taxable","11":"shipping-taxable","12":"purchasable","13":"product-type-simple"},"jetpack_sharing_enabled":true,"_links":{"self":[{"href":"https:\/\/senzorika-varga.si\/en\/wp-json\/wp\/v2\/product\/9972","targetHints":{"allow":["GET"]}}],"collection":[{"href":"https:\/\/senzorika-varga.si\/en\/wp-json\/wp\/v2\/product"}],"about":[{"href":"https:\/\/senzorika-varga.si\/en\/wp-json\/wp\/v2\/types\/product"}],"replies":[{"embeddable":true,"href":"https:\/\/senzorika-varga.si\/en\/wp-json\/wp\/v2\/comments?post=9972"}],"version-history":[{"count":2,"href":"https:\/\/senzorika-varga.si\/en\/wp-json\/wp\/v2\/product\/9972\/revisions"}],"predecessor-version":[{"id":12989,"href":"https:\/\/senzorika-varga.si\/en\/wp-json\/wp\/v2\/product\/9972\/revisions\/12989"}],"wp:featuredmedia":[{"embeddable":true,"href":"https:\/\/senzorika-varga.si\/en\/wp-json\/wp\/v2\/media\/11688"}],"wp:attachment":[{"href":"https:\/\/senzorika-varga.si\/en\/wp-json\/wp\/v2\/media?parent=9972"}],"wp:term":[{"taxonomy":"product_brand","embeddable":true,"href":"https:\/\/senzorika-varga.si\/en\/wp-json\/wp\/v2\/product_brand?post=9972"},{"taxonomy":"product_cat","embeddable":true,"href":"https:\/\/senzorika-varga.si\/en\/wp-json\/wp\/v2\/product_cat?post=9972"},{"taxonomy":"product_tag","embeddable":true,"href":"https:\/\/senzorika-varga.si\/en\/wp-json\/wp\/v2\/product_tag?post=9972"}],"curies":[{"name":"wp","href":"https:\/\/api.w.org\/{rel}","templated":true}]}}