{"id":997,"date":"2025-11-03T21:50:48","date_gmt":"2025-11-03T21:50:48","guid":{"rendered":"https:\/\/senzorika.ajvonidol.si\/?post_type=product&#038;p=997"},"modified":"2025-12-31T08:34:09","modified_gmt":"2025-12-31T08:34:09","slug":"rampa-za-inv-vozicek-z-okvirjem","status":"publish","type":"product","link":"https:\/\/senzorika-varga.si\/en\/product\/rampa-za-inv-vozicek-z-okvirjem\/","title":{"rendered":"Rampa za inv. vozi\u010dek z okvirjem"},"content":{"rendered":"<div><!--block-->Rampa je odporna na vremenske vplive. Rampa se dviga in spu\u0161\u010da z zob\u010deniki. Vklju\u010den TFH okvir za enojno gugalnico. Potrebna monta\u017ea.&nbsp; <\/div>","protected":false},"excerpt":{"rendered":"<p>Rampa za inv. vozi\u010dek z okvirjem<\/p>","protected":false},"featured_media":8301,"menu_order":0,"comment_status":"open","ping_status":"closed","template":"","meta":[],"product_brand":[],"product_cat":[76,78,75,77],"product_tag":[],"class_list":{"0":"post-997","1":"product","2":"type-product","3":"status-publish","4":"has-post-thumbnail","6":"product_cat-gugalnice","7":"product_cat-senzorna-integracija","8":"product_cat-vestibularni-pripomocki","9":"product_cat-vzmetenje","11":"first","12":"instock","13":"taxable","14":"shipping-taxable","15":"purchasable","16":"product-type-simple"},"jetpack_sharing_enabled":true,"_links":{"self":[{"href":"https:\/\/senzorika-varga.si\/en\/wp-json\/wp\/v2\/product\/997","targetHints":{"allow":["GET"]}}],"collection":[{"href":"https:\/\/senzorika-varga.si\/en\/wp-json\/wp\/v2\/product"}],"about":[{"href":"https:\/\/senzorika-varga.si\/en\/wp-json\/wp\/v2\/types\/product"}],"replies":[{"embeddable":true,"href":"https:\/\/senzorika-varga.si\/en\/wp-json\/wp\/v2\/comments?post=997"}],"version-history":[{"count":1,"href":"https:\/\/senzorika-varga.si\/en\/wp-json\/wp\/v2\/product\/997\/revisions"}],"predecessor-version":[{"id":998,"href":"https:\/\/senzorika-varga.si\/en\/wp-json\/wp\/v2\/product\/997\/revisions\/998"}],"wp:featuredmedia":[{"embeddable":true,"href":"https:\/\/senzorika-varga.si\/en\/wp-json\/wp\/v2\/media\/8301"}],"wp:attachment":[{"href":"https:\/\/senzorika-varga.si\/en\/wp-json\/wp\/v2\/media?parent=997"}],"wp:term":[{"taxonomy":"product_brand","embeddable":true,"href":"https:\/\/senzorika-varga.si\/en\/wp-json\/wp\/v2\/product_brand?post=997"},{"taxonomy":"product_cat","embeddable":true,"href":"https:\/\/senzorika-varga.si\/en\/wp-json\/wp\/v2\/product_cat?post=997"},{"taxonomy":"product_tag","embeddable":true,"href":"https:\/\/senzorika-varga.si\/en\/wp-json\/wp\/v2\/product_tag?post=997"}],"curies":[{"name":"wp","href":"https:\/\/api.w.org\/{rel}","templated":true}]}}