{"id":9956,"date":"2025-12-05T22:06:56","date_gmt":"2025-12-05T22:06:56","guid":{"rendered":"https:\/\/senzorika.ajvonidol.si\/?post_type=product&#038;p=9956"},"modified":"2025-12-27T19:36:07","modified_gmt":"2025-12-27T19:36:07","slug":"zlozljiva-vzmetnica-4-kosi-limetino-siva","status":"publish","type":"product","link":"https:\/\/senzorika-varga.si\/en\/product\/zlozljiva-vzmetnica-4-kosi-limetino-siva\/","title":{"rendered":"Zlo\u017eljiva vzmetnica \u2013 4 kosi &#8211; limetino-siva"},"content":{"rendered":"<p>4-delna zlo\u017eljiva gimnasti\u010dna vzmetnica v limetno sivi barvi je izdelana iz PVC tkanine brez ftalatov, odporne proti odrgninam, z nedrse\u010dim dnom iz teksturirane PVC tkanine, ki zagotavlja stabilnost na razli\u010dnih povr\u0161inah. Visoko elasti\u010dno polnilo iz poliuretanske pene zagotavlja udobje in trdno oporo med vadbo. Zahvaljujo\u010d zlo\u017eljivi konstrukciji je vzmetnica priro\u010dna za shranjevanje in prihranek prostora, zlasti v prostorih z omejenim prostorom. Trpe\u017ena povezava elementov vzmetnice s trakom zagotavlja stabilnost in olaj\u0161a uporabo med razli\u010dnimi telesnimi aktivnostmi.<\/p>\n<p>Dimenzije: 120 x 245 x 3 cm<\/p>","protected":false},"excerpt":{"rendered":"<p>4-delna zlo\u017eljiva gimnasti\u010dna vzmetnica v limetno sivi barvi je izdelana iz PVC tkanine brez ftalatov, odporne proti odrgninam, z nedrse\u010dim dnom iz teksturirane PVC tkanine, ki zagotavlja stabilnost na razli\u010dnih povr\u0161inah. Visoko elasti\u010dno polnilo iz poliuretanske pene zagotavlja udobje in trdno oporo med vadbo. Zahvaljujo\u010d zlo\u017eljivi konstrukciji je vzmetnica priro\u010dna za shranjevanje in prihranek prostora, zlasti v prostorih z omejenim prostorom. Trpe\u017ena povezava elementov vzmetnice s trakom zagotavlja stabilnost in olaj\u0161a uporabo med razli\u010dnimi telesnimi aktivnostmi.<\/p>\n<p>Dimenzije: 120 x 245 x 3 cm<\/p>","protected":false},"featured_media":11668,"menu_order":0,"comment_status":"open","ping_status":"closed","template":"","meta":[],"product_brand":[],"product_cat":[130],"product_tag":[],"class_list":{"0":"post-9956","1":"product","2":"type-product","3":"status-publish","4":"has-post-thumbnail","6":"product_cat-mehki-predmeti","8":"first","9":"instock","10":"taxable","11":"shipping-taxable","12":"purchasable","13":"product-type-simple"},"jetpack_sharing_enabled":true,"_links":{"self":[{"href":"https:\/\/senzorika-varga.si\/en\/wp-json\/wp\/v2\/product\/9956","targetHints":{"allow":["GET"]}}],"collection":[{"href":"https:\/\/senzorika-varga.si\/en\/wp-json\/wp\/v2\/product"}],"about":[{"href":"https:\/\/senzorika-varga.si\/en\/wp-json\/wp\/v2\/types\/product"}],"replies":[{"embeddable":true,"href":"https:\/\/senzorika-varga.si\/en\/wp-json\/wp\/v2\/comments?post=9956"}],"version-history":[{"count":1,"href":"https:\/\/senzorika-varga.si\/en\/wp-json\/wp\/v2\/product\/9956\/revisions"}],"predecessor-version":[{"id":9957,"href":"https:\/\/senzorika-varga.si\/en\/wp-json\/wp\/v2\/product\/9956\/revisions\/9957"}],"wp:featuredmedia":[{"embeddable":true,"href":"https:\/\/senzorika-varga.si\/en\/wp-json\/wp\/v2\/media\/11668"}],"wp:attachment":[{"href":"https:\/\/senzorika-varga.si\/en\/wp-json\/wp\/v2\/media?parent=9956"}],"wp:term":[{"taxonomy":"product_brand","embeddable":true,"href":"https:\/\/senzorika-varga.si\/en\/wp-json\/wp\/v2\/product_brand?post=9956"},{"taxonomy":"product_cat","embeddable":true,"href":"https:\/\/senzorika-varga.si\/en\/wp-json\/wp\/v2\/product_cat?post=9956"},{"taxonomy":"product_tag","embeddable":true,"href":"https:\/\/senzorika-varga.si\/en\/wp-json\/wp\/v2\/product_tag?post=9956"}],"curies":[{"name":"wp","href":"https:\/\/api.w.org\/{rel}","templated":true}]}}