{"id":9948,"date":"2025-12-05T22:06:56","date_gmt":"2025-12-05T22:06:56","guid":{"rendered":"https:\/\/senzorika.ajvonidol.si\/?post_type=product&#038;p=9948"},"modified":"2025-12-27T19:36:07","modified_gmt":"2025-12-27T19:36:07","slug":"solske-vzmetnice-2","status":"publish","type":"product","link":"https:\/\/senzorika-varga.si\/en\/product\/solske-vzmetnice-2\/","title":{"rendered":"Vzmetnica z vogali 10cm"},"content":{"rendered":"<p>Modra gimnasti\u010dna podloga, zasnovana za izobra\u017eevalne in terapevtske ustanove, ima oja\u010dane vogale za dodatno vzdr\u017eljivost in varnost med intenzivno uporabo. S prevleko iz PVC tkanine, odporne proti obrabi, brez ftalatov, zagotavlja enostavno \u010di\u0161\u010denje. Protizdrsna spodnja stran s teksturirano PVC tkanino dodatno pove\u010da stabilnost med vadbo.<\/p>\n<p>Dimenzije: 200 x 120 x 10 cm.&#8221;<\/p>","protected":false},"excerpt":{"rendered":"<p>Modra gimnasti\u010dna podloga, zasnovana za izobra\u017eevalne in terapevtske ustanove, ima oja\u010dane vogale za dodatno vzdr\u017eljivost in varnost med intenzivno uporabo. S prevleko iz PVC tkanine, odporne proti obrabi, brez ftalatov, zagotavlja enostavno \u010di\u0161\u010denje. Protizdrsna spodnja stran s teksturirano PVC tkanino dodatno pove\u010da stabilnost med vadbo.<\/p>\n<p>Dimenzije: 200 x 120 x 10 cm.&#8221;<\/p>","protected":false},"featured_media":11661,"menu_order":0,"comment_status":"open","ping_status":"closed","template":"","meta":[],"product_brand":[],"product_cat":[130],"product_tag":[],"class_list":{"0":"post-9948","1":"product","2":"type-product","3":"status-publish","4":"has-post-thumbnail","6":"product_cat-mehki-predmeti","8":"first","9":"instock","10":"taxable","11":"shipping-taxable","12":"purchasable","13":"product-type-simple"},"jetpack_sharing_enabled":true,"_links":{"self":[{"href":"https:\/\/senzorika-varga.si\/en\/wp-json\/wp\/v2\/product\/9948","targetHints":{"allow":["GET"]}}],"collection":[{"href":"https:\/\/senzorika-varga.si\/en\/wp-json\/wp\/v2\/product"}],"about":[{"href":"https:\/\/senzorika-varga.si\/en\/wp-json\/wp\/v2\/types\/product"}],"replies":[{"embeddable":true,"href":"https:\/\/senzorika-varga.si\/en\/wp-json\/wp\/v2\/comments?post=9948"}],"version-history":[{"count":2,"href":"https:\/\/senzorika-varga.si\/en\/wp-json\/wp\/v2\/product\/9948\/revisions"}],"predecessor-version":[{"id":12986,"href":"https:\/\/senzorika-varga.si\/en\/wp-json\/wp\/v2\/product\/9948\/revisions\/12986"}],"wp:featuredmedia":[{"embeddable":true,"href":"https:\/\/senzorika-varga.si\/en\/wp-json\/wp\/v2\/media\/11661"}],"wp:attachment":[{"href":"https:\/\/senzorika-varga.si\/en\/wp-json\/wp\/v2\/media?parent=9948"}],"wp:term":[{"taxonomy":"product_brand","embeddable":true,"href":"https:\/\/senzorika-varga.si\/en\/wp-json\/wp\/v2\/product_brand?post=9948"},{"taxonomy":"product_cat","embeddable":true,"href":"https:\/\/senzorika-varga.si\/en\/wp-json\/wp\/v2\/product_cat?post=9948"},{"taxonomy":"product_tag","embeddable":true,"href":"https:\/\/senzorika-varga.si\/en\/wp-json\/wp\/v2\/product_tag?post=9948"}],"curies":[{"name":"wp","href":"https:\/\/api.w.org\/{rel}","templated":true}]}}