{"id":9940,"date":"2025-12-05T22:06:54","date_gmt":"2025-12-05T22:06:54","guid":{"rendered":"https:\/\/senzorika.ajvonidol.si\/?post_type=product&#038;p=9940"},"modified":"2025-12-27T19:36:05","modified_gmt":"2025-12-27T19:36:05","slug":"vzmetnica","status":"publish","type":"product","link":"https:\/\/senzorika-varga.si\/en\/product\/vzmetnica\/","title":{"rendered":"Gimnasti\u010dna vzmetnica 10cm"},"content":{"rendered":"<p>Siva gimnasti\u010dna podloga, prekrita s PVC tkanino brez ftalatov, odporno proti obrabi, in napolnjena z visoko elasti\u010dno poliuretansko peno, zagotavlja trdno oporo med telesnimi vajami. Njena debela konstrukcija pove\u010duje varnost z zmanj\u0161anjem tveganja po\u0161kodb med intenzivnim treningom ali gimnasti\u010dnimi aktivnostmi. Podloga je primerna za korektivne in rehabilitacijske vaje, saj ponuja udobno in trpe\u017eno povr\u0161ino za vadbo.<\/p>\n<p>Dimenzije: 200 x 80 x 10 cm.<\/p>","protected":false},"excerpt":{"rendered":"<p>Siva gimnasti\u010dna podloga, prekrita s PVC tkanino brez ftalatov, odporno proti obrabi, in napolnjena z visoko elasti\u010dno poliuretansko peno, zagotavlja trdno oporo med telesnimi vajami. Njena debela konstrukcija pove\u010duje varnost z zmanj\u0161anjem tveganja po\u0161kodb med intenzivnim treningom ali gimnasti\u010dnimi aktivnostmi. Podloga je primerna za korektivne in rehabilitacijske vaje, saj ponuja udobno in trpe\u017eno povr\u0161ino za vadbo.<\/p>\n<p>Dimenzije: 200 x 80 x 10 cm.<\/p>","protected":false},"featured_media":11657,"menu_order":0,"comment_status":"open","ping_status":"closed","template":"","meta":[],"product_brand":[],"product_cat":[130],"product_tag":[],"class_list":{"0":"post-9940","1":"product","2":"type-product","3":"status-publish","4":"has-post-thumbnail","6":"product_cat-mehki-predmeti","8":"first","9":"instock","10":"taxable","11":"shipping-taxable","12":"purchasable","13":"product-type-simple"},"jetpack_sharing_enabled":true,"_links":{"self":[{"href":"https:\/\/senzorika-varga.si\/en\/wp-json\/wp\/v2\/product\/9940","targetHints":{"allow":["GET"]}}],"collection":[{"href":"https:\/\/senzorika-varga.si\/en\/wp-json\/wp\/v2\/product"}],"about":[{"href":"https:\/\/senzorika-varga.si\/en\/wp-json\/wp\/v2\/types\/product"}],"replies":[{"embeddable":true,"href":"https:\/\/senzorika-varga.si\/en\/wp-json\/wp\/v2\/comments?post=9940"}],"version-history":[{"count":2,"href":"https:\/\/senzorika-varga.si\/en\/wp-json\/wp\/v2\/product\/9940\/revisions"}],"predecessor-version":[{"id":12983,"href":"https:\/\/senzorika-varga.si\/en\/wp-json\/wp\/v2\/product\/9940\/revisions\/12983"}],"wp:featuredmedia":[{"embeddable":true,"href":"https:\/\/senzorika-varga.si\/en\/wp-json\/wp\/v2\/media\/11657"}],"wp:attachment":[{"href":"https:\/\/senzorika-varga.si\/en\/wp-json\/wp\/v2\/media?parent=9940"}],"wp:term":[{"taxonomy":"product_brand","embeddable":true,"href":"https:\/\/senzorika-varga.si\/en\/wp-json\/wp\/v2\/product_brand?post=9940"},{"taxonomy":"product_cat","embeddable":true,"href":"https:\/\/senzorika-varga.si\/en\/wp-json\/wp\/v2\/product_cat?post=9940"},{"taxonomy":"product_tag","embeddable":true,"href":"https:\/\/senzorika-varga.si\/en\/wp-json\/wp\/v2\/product_tag?post=9940"}],"curies":[{"name":"wp","href":"https:\/\/api.w.org\/{rel}","templated":true}]}}