{"id":9938,"date":"2025-12-05T22:06:54","date_gmt":"2025-12-05T22:06:54","guid":{"rendered":"https:\/\/senzorika.ajvonidol.si\/?post_type=product&#038;p=9938"},"modified":"2025-12-27T19:36:05","modified_gmt":"2025-12-27T19:36:05","slug":"dolga-tekaska-steza","status":"publish","type":"product","link":"https:\/\/senzorika-varga.si\/en\/product\/dolga-tekaska-steza\/","title":{"rendered":"Dolga blazina"},"content":{"rendered":"<p>10 cm debela modra penasta tekalna steza, prevle\u010dena s PVC tkanino, odporno proti obrabi brez ftalatov, in napolnjena z visoko elasti\u010dno poliuretansko peno, je odli\u010dno orodje za gibalno terapijo, rehabilitacijo in krepilne vaje. Njena ravna povr\u0161ina idealno podpira razvoj ravnote\u017eja, stabilizacije in motori\u010dne koordinacije. Tekalna steza omogo\u010da razli\u010dne vaje, kot so hoja, tek in posturalne vaje, kar spodbuja motori\u010dni razvoj in zavedanje telesa. Izdelek zagotavlja udobje in varnost za uporabnike vseh starosti. Poleg tega prevleka iz PVC tkanine z zadrgo omogo\u010da enostavno shranjevanje in \u010di\u0161\u010denje, nedrse\u010da teksturirana PVC spodnja stran pa zagotavlja stabilnost in varnost med vadbo.<\/p>\n<p>Dimenzije: 180 x 60 x 10 cm; 3 kosi.<\/p>","protected":false},"excerpt":{"rendered":"<p>10 cm debela modra penasta tekalna steza, prevle\u010dena s PVC tkanino, odporno proti obrabi brez ftalatov, in napolnjena z visoko elasti\u010dno poliuretansko peno, je odli\u010dno orodje za gibalno terapijo, rehabilitacijo in krepilne vaje. Njena ravna povr\u0161ina idealno podpira razvoj ravnote\u017eja, stabilizacije in motori\u010dne koordinacije. Tekalna steza omogo\u010da razli\u010dne vaje, kot so hoja, tek in posturalne vaje, kar spodbuja motori\u010dni razvoj in zavedanje telesa. Izdelek zagotavlja udobje in varnost za uporabnike vseh starosti. Poleg tega prevleka iz PVC tkanine z zadrgo omogo\u010da enostavno shranjevanje in \u010di\u0161\u010denje, nedrse\u010da teksturirana PVC spodnja stran pa zagotavlja stabilnost in varnost med vadbo.<\/p>\n<p>Dimenzije: 180 x 60 x 10 cm; 3 kosi.<\/p>","protected":false},"featured_media":11656,"menu_order":0,"comment_status":"open","ping_status":"closed","template":"","meta":[],"product_brand":[],"product_cat":[130],"product_tag":[],"class_list":{"0":"post-9938","1":"product","2":"type-product","3":"status-publish","4":"has-post-thumbnail","6":"product_cat-mehki-predmeti","8":"first","9":"instock","10":"taxable","11":"shipping-taxable","12":"purchasable","13":"product-type-simple"},"jetpack_sharing_enabled":true,"_links":{"self":[{"href":"https:\/\/senzorika-varga.si\/en\/wp-json\/wp\/v2\/product\/9938","targetHints":{"allow":["GET"]}}],"collection":[{"href":"https:\/\/senzorika-varga.si\/en\/wp-json\/wp\/v2\/product"}],"about":[{"href":"https:\/\/senzorika-varga.si\/en\/wp-json\/wp\/v2\/types\/product"}],"replies":[{"embeddable":true,"href":"https:\/\/senzorika-varga.si\/en\/wp-json\/wp\/v2\/comments?post=9938"}],"version-history":[{"count":2,"href":"https:\/\/senzorika-varga.si\/en\/wp-json\/wp\/v2\/product\/9938\/revisions"}],"predecessor-version":[{"id":12982,"href":"https:\/\/senzorika-varga.si\/en\/wp-json\/wp\/v2\/product\/9938\/revisions\/12982"}],"wp:featuredmedia":[{"embeddable":true,"href":"https:\/\/senzorika-varga.si\/en\/wp-json\/wp\/v2\/media\/11656"}],"wp:attachment":[{"href":"https:\/\/senzorika-varga.si\/en\/wp-json\/wp\/v2\/media?parent=9938"}],"wp:term":[{"taxonomy":"product_brand","embeddable":true,"href":"https:\/\/senzorika-varga.si\/en\/wp-json\/wp\/v2\/product_brand?post=9938"},{"taxonomy":"product_cat","embeddable":true,"href":"https:\/\/senzorika-varga.si\/en\/wp-json\/wp\/v2\/product_cat?post=9938"},{"taxonomy":"product_tag","embeddable":true,"href":"https:\/\/senzorika-varga.si\/en\/wp-json\/wp\/v2\/product_tag?post=9938"}],"curies":[{"name":"wp","href":"https:\/\/api.w.org\/{rel}","templated":true}]}}