{"id":9924,"date":"2025-12-05T22:06:51","date_gmt":"2025-12-05T22:06:51","guid":{"rendered":"https:\/\/senzorika.ajvonidol.si\/?post_type=product&#038;p=9924"},"modified":"2025-12-27T19:36:02","modified_gmt":"2025-12-27T19:36:02","slug":"gugalnik-haski","status":"publish","type":"product","link":"https:\/\/senzorika-varga.si\/en\/product\/gugalnik-haski\/","title":{"rendered":"Gugalnik Haski"},"content":{"rendered":"<p>Penasta gugalnica v obliki haskija, prevle\u010dena s PVC tkanino brez ftalatov, odporno proti obrabi, je odli\u010dna pomo\u010d za otroke pri razvoju ravnote\u017eja in koordinacije. Njena nedrse\u010da teksturirana spodnja stran iz tkanine zagotavlja stabilnost, trpe\u017een digitalni tisk pa ustvarja realisti\u010dne, \u017eive vzorce, ki ne zbledijo. Polnjena z visoko odporno poliuretansko peno ponuja udobje in vzdr\u017eljivost ter spodbuja otroke k aktivni in varni igri. Idealna za razli\u010dne igralne prostore.<\/p>\n<p>Dimenzije: 24 x 78 x 59 cm.<\/p>","protected":false},"excerpt":{"rendered":"<p>Penasta gugalnica v obliki haskija, prevle\u010dena s PVC tkanino brez ftalatov, odporno proti obrabi, je odli\u010dna pomo\u010d za otroke pri razvoju ravnote\u017eja in koordinacije. Njena nedrse\u010da teksturirana spodnja stran iz tkanine zagotavlja stabilnost, trpe\u017een digitalni tisk pa ustvarja realisti\u010dne, \u017eive vzorce, ki ne zbledijo. Polnjena z visoko odporno poliuretansko peno ponuja udobje in vzdr\u017eljivost ter spodbuja otroke k aktivni in varni igri. Idealna za razli\u010dne igralne prostore.<\/p>\n<p>Dimenzije: 24 x 78 x 59 cm.<\/p>","protected":false},"featured_media":11643,"menu_order":0,"comment_status":"open","ping_status":"closed","template":"","meta":[],"product_brand":[],"product_cat":[130],"product_tag":[],"class_list":{"0":"post-9924","1":"product","2":"type-product","3":"status-publish","4":"has-post-thumbnail","6":"product_cat-mehki-predmeti","8":"first","9":"instock","10":"taxable","11":"shipping-taxable","12":"purchasable","13":"product-type-simple"},"jetpack_sharing_enabled":true,"_links":{"self":[{"href":"https:\/\/senzorika-varga.si\/en\/wp-json\/wp\/v2\/product\/9924","targetHints":{"allow":["GET"]}}],"collection":[{"href":"https:\/\/senzorika-varga.si\/en\/wp-json\/wp\/v2\/product"}],"about":[{"href":"https:\/\/senzorika-varga.si\/en\/wp-json\/wp\/v2\/types\/product"}],"replies":[{"embeddable":true,"href":"https:\/\/senzorika-varga.si\/en\/wp-json\/wp\/v2\/comments?post=9924"}],"version-history":[{"count":1,"href":"https:\/\/senzorika-varga.si\/en\/wp-json\/wp\/v2\/product\/9924\/revisions"}],"predecessor-version":[{"id":9925,"href":"https:\/\/senzorika-varga.si\/en\/wp-json\/wp\/v2\/product\/9924\/revisions\/9925"}],"wp:featuredmedia":[{"embeddable":true,"href":"https:\/\/senzorika-varga.si\/en\/wp-json\/wp\/v2\/media\/11643"}],"wp:attachment":[{"href":"https:\/\/senzorika-varga.si\/en\/wp-json\/wp\/v2\/media?parent=9924"}],"wp:term":[{"taxonomy":"product_brand","embeddable":true,"href":"https:\/\/senzorika-varga.si\/en\/wp-json\/wp\/v2\/product_brand?post=9924"},{"taxonomy":"product_cat","embeddable":true,"href":"https:\/\/senzorika-varga.si\/en\/wp-json\/wp\/v2\/product_cat?post=9924"},{"taxonomy":"product_tag","embeddable":true,"href":"https:\/\/senzorika-varga.si\/en\/wp-json\/wp\/v2\/product_tag?post=9924"}],"curies":[{"name":"wp","href":"https:\/\/api.w.org\/{rel}","templated":true}]}}