{"id":9922,"date":"2025-12-05T22:06:51","date_gmt":"2025-12-05T22:06:51","guid":{"rendered":"https:\/\/senzorika.ajvonidol.si\/?post_type=product&#038;p=9922"},"modified":"2025-12-27T19:36:02","modified_gmt":"2025-12-27T19:36:02","slug":"gugalnik-racka","status":"publish","type":"product","link":"https:\/\/senzorika-varga.si\/en\/product\/gugalnik-racka\/","title":{"rendered":"Gugalnik Ra\u010dka"},"content":{"rendered":"<p>Penasti gugalnik v obliki ra\u010dke, prevle\u010den s PVC tkanino brez ftalatov, ki je odporna proti odrgninam, je odli\u010dno orodje za igro in u\u010denje. Njegova zasnova spodbuja razvoj ravnote\u017eja in koordinacije ter spodbuja otroke k telesni dejavnosti. Nedrse\u010de dno iz teksturirane PVC tkanine zagotavlja varnost med uporabo, visoko elasti\u010dno polnilo iz poliuretanske pene pa zagotavlja udobje in vzdr\u017eljivost. Ta gugalnik je odli\u010den dodatek k vsakemu igralnemu prostoru, saj spodbuja ustvarjalno in aktivno igro.<\/p>\n<p>Dimenzije: 69 x 62 x 24 cm.<\/p>","protected":false},"excerpt":{"rendered":"<p>Penasti gugalnik v obliki ra\u010dke, prevle\u010den s PVC tkanino brez ftalatov, ki je odporna proti odrgninam, je odli\u010dno orodje za igro in u\u010denje. Njegova zasnova spodbuja razvoj ravnote\u017eja in koordinacije ter spodbuja otroke k telesni dejavnosti. Nedrse\u010de dno iz teksturirane PVC tkanine zagotavlja varnost med uporabo, visoko elasti\u010dno polnilo iz poliuretanske pene pa zagotavlja udobje in vzdr\u017eljivost. Ta gugalnik je odli\u010den dodatek k vsakemu igralnemu prostoru, saj spodbuja ustvarjalno in aktivno igro.<\/p>\n<p>Dimenzije: 69 x 62 x 24 cm.<\/p>","protected":false},"featured_media":11641,"menu_order":0,"comment_status":"open","ping_status":"closed","template":"","meta":[],"product_brand":[],"product_cat":[130],"product_tag":[],"class_list":{"0":"post-9922","1":"product","2":"type-product","3":"status-publish","4":"has-post-thumbnail","6":"product_cat-mehki-predmeti","8":"first","9":"instock","10":"taxable","11":"shipping-taxable","12":"purchasable","13":"product-type-simple"},"jetpack_sharing_enabled":true,"_links":{"self":[{"href":"https:\/\/senzorika-varga.si\/en\/wp-json\/wp\/v2\/product\/9922","targetHints":{"allow":["GET"]}}],"collection":[{"href":"https:\/\/senzorika-varga.si\/en\/wp-json\/wp\/v2\/product"}],"about":[{"href":"https:\/\/senzorika-varga.si\/en\/wp-json\/wp\/v2\/types\/product"}],"replies":[{"embeddable":true,"href":"https:\/\/senzorika-varga.si\/en\/wp-json\/wp\/v2\/comments?post=9922"}],"version-history":[{"count":1,"href":"https:\/\/senzorika-varga.si\/en\/wp-json\/wp\/v2\/product\/9922\/revisions"}],"predecessor-version":[{"id":9923,"href":"https:\/\/senzorika-varga.si\/en\/wp-json\/wp\/v2\/product\/9922\/revisions\/9923"}],"wp:featuredmedia":[{"embeddable":true,"href":"https:\/\/senzorika-varga.si\/en\/wp-json\/wp\/v2\/media\/11641"}],"wp:attachment":[{"href":"https:\/\/senzorika-varga.si\/en\/wp-json\/wp\/v2\/media?parent=9922"}],"wp:term":[{"taxonomy":"product_brand","embeddable":true,"href":"https:\/\/senzorika-varga.si\/en\/wp-json\/wp\/v2\/product_brand?post=9922"},{"taxonomy":"product_cat","embeddable":true,"href":"https:\/\/senzorika-varga.si\/en\/wp-json\/wp\/v2\/product_cat?post=9922"},{"taxonomy":"product_tag","embeddable":true,"href":"https:\/\/senzorika-varga.si\/en\/wp-json\/wp\/v2\/product_tag?post=9922"}],"curies":[{"name":"wp","href":"https:\/\/api.w.org\/{rel}","templated":true}]}}