{"id":9904,"date":"2025-12-05T22:06:49","date_gmt":"2025-12-05T22:06:49","guid":{"rendered":"https:\/\/senzorika.ajvonidol.si\/?post_type=product&#038;p=9904"},"modified":"2025-12-27T19:35:59","modified_gmt":"2025-12-27T19:35:59","slug":"mavricni-tunel","status":"publish","type":"product","link":"https:\/\/senzorika-varga.si\/en\/product\/mavricni-tunel\/","title":{"rendered":"Mavri\u010dni tunel"},"content":{"rendered":"<p>Barvit komplet tunelov iz pene, sestavljen iz \u0161tirih kosov, prevle\u010den s PVC tkanino brez ftalatov, odporno proti obrabi, in napolnjen z visoko elasti\u010dno poliuretansko peno. Ta inovativna struktura ponuja \u0161tevilne mo\u017enosti za igro in vadbo, razvija otrokove motori\u010dne sposobnosti, koordinacijo in socialne sposobnosti. Tunel spodbuja raziskovanje in ustvarjalnost, zaradi \u010desar je idealen dodatek k igralnemu koti\u010dku.<\/p>\n<p>Skupne dimenzije: 100 x 60 x 70 cm.<\/p>","protected":false},"excerpt":{"rendered":"<p>Barvit komplet tunelov iz pene, sestavljen iz \u0161tirih kosov, prevle\u010den s PVC tkanino brez ftalatov, odporno proti obrabi, in napolnjen z visoko elasti\u010dno poliuretansko peno. Ta inovativna struktura ponuja \u0161tevilne mo\u017enosti za igro in vadbo, razvija otrokove motori\u010dne sposobnosti, koordinacijo in socialne sposobnosti. Tunel spodbuja raziskovanje in ustvarjalnost, zaradi \u010desar je idealen dodatek k igralnemu koti\u010dku.<\/p>\n<p>Skupne dimenzije: 100 x 60 x 70 cm.<\/p>","protected":false},"featured_media":11628,"menu_order":0,"comment_status":"open","ping_status":"closed","template":"","meta":[],"product_brand":[],"product_cat":[130],"product_tag":[],"class_list":{"0":"post-9904","1":"product","2":"type-product","3":"status-publish","4":"has-post-thumbnail","6":"product_cat-mehki-predmeti","8":"first","9":"instock","10":"taxable","11":"shipping-taxable","12":"purchasable","13":"product-type-simple"},"jetpack_sharing_enabled":true,"_links":{"self":[{"href":"https:\/\/senzorika-varga.si\/en\/wp-json\/wp\/v2\/product\/9904","targetHints":{"allow":["GET"]}}],"collection":[{"href":"https:\/\/senzorika-varga.si\/en\/wp-json\/wp\/v2\/product"}],"about":[{"href":"https:\/\/senzorika-varga.si\/en\/wp-json\/wp\/v2\/types\/product"}],"replies":[{"embeddable":true,"href":"https:\/\/senzorika-varga.si\/en\/wp-json\/wp\/v2\/comments?post=9904"}],"version-history":[{"count":1,"href":"https:\/\/senzorika-varga.si\/en\/wp-json\/wp\/v2\/product\/9904\/revisions"}],"predecessor-version":[{"id":9905,"href":"https:\/\/senzorika-varga.si\/en\/wp-json\/wp\/v2\/product\/9904\/revisions\/9905"}],"wp:featuredmedia":[{"embeddable":true,"href":"https:\/\/senzorika-varga.si\/en\/wp-json\/wp\/v2\/media\/11628"}],"wp:attachment":[{"href":"https:\/\/senzorika-varga.si\/en\/wp-json\/wp\/v2\/media?parent=9904"}],"wp:term":[{"taxonomy":"product_brand","embeddable":true,"href":"https:\/\/senzorika-varga.si\/en\/wp-json\/wp\/v2\/product_brand?post=9904"},{"taxonomy":"product_cat","embeddable":true,"href":"https:\/\/senzorika-varga.si\/en\/wp-json\/wp\/v2\/product_cat?post=9904"},{"taxonomy":"product_tag","embeddable":true,"href":"https:\/\/senzorika-varga.si\/en\/wp-json\/wp\/v2\/product_tag?post=9904"}],"curies":[{"name":"wp","href":"https:\/\/api.w.org\/{rel}","templated":true}]}}