{"id":9894,"date":"2025-12-05T22:06:49","date_gmt":"2025-12-05T22:06:49","guid":{"rendered":"https:\/\/senzorika.ajvonidol.si\/?post_type=product&#038;p=9894"},"modified":"2025-12-27T19:35:59","modified_gmt":"2025-12-27T19:35:59","slug":"vrecke-za-utezi","status":"publish","type":"product","link":"https:\/\/senzorika-varga.si\/en\/product\/vrecke-za-utezi\/","title":{"rendered":"Vre\u010dke za ute\u017ei"},"content":{"rendered":"<p>Vre\u010de za ute\u017ei so izdelane iz PVC tkanine brez ftalatov, ki je odporna proti odrgninam, kar zagotavlja vzdr\u017eljivost in udobje med uporabo. Napolnjene so s steklenimi kroglicami in so idealne za razli\u010dne vaje za krepitev in ravnote\u017eje, saj uporabniku omogo\u010dajo prilagajanje obremenitve individualnim potrebam. Uporaba vre\u010dk med vadbo izbolj\u0161a mo\u010d, ravnote\u017eje in motori\u010dno koordinacijo.<\/p>\n<p>Komplet vsebuje:<\/p>\n<p>2 x temno zelena, tehta 1,5 kg<\/p>\n<p>2 x zelena, tehta 1 kg<\/p>\n<p>2 x svetlo zelena, tehta 0,5 kg<\/p>","protected":false},"excerpt":{"rendered":"<p>Vre\u010de za ute\u017ei so izdelane iz PVC tkanine brez ftalatov, ki je odporna proti odrgninam, kar zagotavlja vzdr\u017eljivost in udobje med uporabo. Napolnjene so s steklenimi kroglicami in so idealne za razli\u010dne vaje za krepitev in ravnote\u017eje, saj uporabniku omogo\u010dajo prilagajanje obremenitve individualnim potrebam. Uporaba vre\u010dk med vadbo izbolj\u0161a mo\u010d, ravnote\u017eje in motori\u010dno koordinacijo.<\/p>\n<p>Komplet vsebuje:<\/p>\n<p>2 x temno zelena, tehta 1,5 kg<\/p>\n<p>2 x zelena, tehta 1 kg<\/p>\n<p>2 x svetlo zelena, tehta 0,5 kg<\/p>","protected":false},"featured_media":11621,"menu_order":0,"comment_status":"open","ping_status":"closed","template":"","meta":[],"product_brand":[],"product_cat":[130],"product_tag":[],"class_list":{"0":"post-9894","1":"product","2":"type-product","3":"status-publish","4":"has-post-thumbnail","6":"product_cat-mehki-predmeti","8":"first","9":"instock","10":"taxable","11":"shipping-taxable","12":"purchasable","13":"product-type-simple"},"jetpack_sharing_enabled":true,"_links":{"self":[{"href":"https:\/\/senzorika-varga.si\/en\/wp-json\/wp\/v2\/product\/9894","targetHints":{"allow":["GET"]}}],"collection":[{"href":"https:\/\/senzorika-varga.si\/en\/wp-json\/wp\/v2\/product"}],"about":[{"href":"https:\/\/senzorika-varga.si\/en\/wp-json\/wp\/v2\/types\/product"}],"replies":[{"embeddable":true,"href":"https:\/\/senzorika-varga.si\/en\/wp-json\/wp\/v2\/comments?post=9894"}],"version-history":[{"count":1,"href":"https:\/\/senzorika-varga.si\/en\/wp-json\/wp\/v2\/product\/9894\/revisions"}],"predecessor-version":[{"id":9895,"href":"https:\/\/senzorika-varga.si\/en\/wp-json\/wp\/v2\/product\/9894\/revisions\/9895"}],"wp:featuredmedia":[{"embeddable":true,"href":"https:\/\/senzorika-varga.si\/en\/wp-json\/wp\/v2\/media\/11621"}],"wp:attachment":[{"href":"https:\/\/senzorika-varga.si\/en\/wp-json\/wp\/v2\/media?parent=9894"}],"wp:term":[{"taxonomy":"product_brand","embeddable":true,"href":"https:\/\/senzorika-varga.si\/en\/wp-json\/wp\/v2\/product_brand?post=9894"},{"taxonomy":"product_cat","embeddable":true,"href":"https:\/\/senzorika-varga.si\/en\/wp-json\/wp\/v2\/product_cat?post=9894"},{"taxonomy":"product_tag","embeddable":true,"href":"https:\/\/senzorika-varga.si\/en\/wp-json\/wp\/v2\/product_tag?post=9894"}],"curies":[{"name":"wp","href":"https:\/\/api.w.org\/{rel}","templated":true}]}}