{"id":9890,"date":"2025-12-05T22:06:49","date_gmt":"2025-12-05T22:06:49","guid":{"rendered":"https:\/\/senzorika.ajvonidol.si\/?post_type=product&#038;p=9890"},"modified":"2025-12-27T19:35:59","modified_gmt":"2025-12-27T19:35:59","slug":"steze-za-malcke-komplet-5-kosov","status":"publish","type":"product","link":"https:\/\/senzorika-varga.si\/en\/product\/steze-za-malcke-komplet-5-kosov\/","title":{"rendered":"Steze za mal\u010dke. Komplet 5 kosov"},"content":{"rendered":"<p>Komplet petih rehabilitacijskih poti je odli\u010dno orodje za spodbujanje motori\u010dnih in senzori\u010dnih sposobnosti pri majhnih otrocih. Prevle\u010dene so s PVC tkanino brez ftalatov, odporno proti obrabi, kar zagotavlja varnost in vzdr\u017eljivost. Z razli\u010dnimi vi\u0161inami (5\u201320 cm) in nedrse\u010do teksturirano PVC tkanino na dnu lahko otroci skozi igro razvijajo ob\u010dutek za ravnote\u017eje in koordinacijo. Vaje na poteh podpirajo motori\u010dni razvoj in zavedanje telesa, zaradi svoje vsestranskosti pa so primerne za razli\u010dne terapije.<\/p>\n<p>Dimenzije: \u0161irina 60 cm, globina 39\u201340 cm.<\/p>","protected":false},"excerpt":{"rendered":"<p>Komplet petih rehabilitacijskih poti je odli\u010dno orodje za spodbujanje motori\u010dnih in senzori\u010dnih sposobnosti pri majhnih otrocih. Prevle\u010dene so s PVC tkanino brez ftalatov, odporno proti obrabi, kar zagotavlja varnost in vzdr\u017eljivost. Z razli\u010dnimi vi\u0161inami (5\u201320 cm) in nedrse\u010do teksturirano PVC tkanino na dnu lahko otroci skozi igro razvijajo ob\u010dutek za ravnote\u017eje in koordinacijo. Vaje na poteh podpirajo motori\u010dni razvoj in zavedanje telesa, zaradi svoje vsestranskosti pa so primerne za razli\u010dne terapije.<\/p>\n<p>Dimenzije: \u0161irina 60 cm, globina 39\u201340 cm.<\/p>","protected":false},"featured_media":11616,"menu_order":0,"comment_status":"open","ping_status":"closed","template":"","meta":[],"product_brand":[],"product_cat":[130],"product_tag":[],"class_list":{"0":"post-9890","1":"product","2":"type-product","3":"status-publish","4":"has-post-thumbnail","6":"product_cat-mehki-predmeti","8":"first","9":"instock","10":"taxable","11":"shipping-taxable","12":"purchasable","13":"product-type-simple"},"jetpack_sharing_enabled":true,"_links":{"self":[{"href":"https:\/\/senzorika-varga.si\/en\/wp-json\/wp\/v2\/product\/9890","targetHints":{"allow":["GET"]}}],"collection":[{"href":"https:\/\/senzorika-varga.si\/en\/wp-json\/wp\/v2\/product"}],"about":[{"href":"https:\/\/senzorika-varga.si\/en\/wp-json\/wp\/v2\/types\/product"}],"replies":[{"embeddable":true,"href":"https:\/\/senzorika-varga.si\/en\/wp-json\/wp\/v2\/comments?post=9890"}],"version-history":[{"count":1,"href":"https:\/\/senzorika-varga.si\/en\/wp-json\/wp\/v2\/product\/9890\/revisions"}],"predecessor-version":[{"id":9891,"href":"https:\/\/senzorika-varga.si\/en\/wp-json\/wp\/v2\/product\/9890\/revisions\/9891"}],"wp:featuredmedia":[{"embeddable":true,"href":"https:\/\/senzorika-varga.si\/en\/wp-json\/wp\/v2\/media\/11616"}],"wp:attachment":[{"href":"https:\/\/senzorika-varga.si\/en\/wp-json\/wp\/v2\/media?parent=9890"}],"wp:term":[{"taxonomy":"product_brand","embeddable":true,"href":"https:\/\/senzorika-varga.si\/en\/wp-json\/wp\/v2\/product_brand?post=9890"},{"taxonomy":"product_cat","embeddable":true,"href":"https:\/\/senzorika-varga.si\/en\/wp-json\/wp\/v2\/product_cat?post=9890"},{"taxonomy":"product_tag","embeddable":true,"href":"https:\/\/senzorika-varga.si\/en\/wp-json\/wp\/v2\/product_tag?post=9890"}],"curies":[{"name":"wp","href":"https:\/\/api.w.org\/{rel}","templated":true}]}}