{"id":9888,"date":"2025-12-05T22:06:49","date_gmt":"2025-12-05T22:06:49","guid":{"rendered":"https:\/\/senzorika.ajvonidol.si\/?post_type=product&#038;p=9888"},"modified":"2025-12-27T19:35:59","modified_gmt":"2025-12-27T19:35:59","slug":"steze-za-malcke-komplet-4-kosov","status":"publish","type":"product","link":"https:\/\/senzorika-varga.si\/en\/product\/steze-za-malcke-komplet-4-kosov\/","title":{"rendered":"Steze za mal\u010dke. Komplet 4 kosov"},"content":{"rendered":"<p>Rehabilitacijske poti za mal\u010dke so sestavljene iz \u0161tirih elementov, prevle\u010denih s PVC tkanino brez ftalatov, odporno proti obrabi, kar zagotavlja visoko vzdr\u017eljivost in enostavno vzdr\u017eevanje. Polnilo iz visoko elasti\u010dne poliuretanske pene prispeva k udobju med uporabo. Komplet podpira otrokov motori\u010dni razvoj in omogo\u010da razli\u010dne vaje, povezane z ravnote\u017ejem, koordinacijo in propriocepcijo. Zahvaljujo\u010d nedrse\u010demu dnu iz teksturirane PVC tkanine lahko otroci varno raziskujejo in se igrajo v razli\u010dnih konfiguracijah.<\/p>\n<p>Dimenzije: 60 x 156 x 20 cm.<\/p>","protected":false},"excerpt":{"rendered":"<p>Rehabilitacijske poti za mal\u010dke so sestavljene iz \u0161tirih elementov, prevle\u010denih s PVC tkanino brez ftalatov, odporno proti obrabi, kar zagotavlja visoko vzdr\u017eljivost in enostavno vzdr\u017eevanje. Polnilo iz visoko elasti\u010dne poliuretanske pene prispeva k udobju med uporabo. Komplet podpira otrokov motori\u010dni razvoj in omogo\u010da razli\u010dne vaje, povezane z ravnote\u017ejem, koordinacijo in propriocepcijo. Zahvaljujo\u010d nedrse\u010demu dnu iz teksturirane PVC tkanine lahko otroci varno raziskujejo in se igrajo v razli\u010dnih konfiguracijah.<\/p>\n<p>Dimenzije: 60 x 156 x 20 cm.<\/p>","protected":false},"featured_media":11614,"menu_order":0,"comment_status":"open","ping_status":"closed","template":"","meta":[],"product_brand":[],"product_cat":[130],"product_tag":[],"class_list":{"0":"post-9888","1":"product","2":"type-product","3":"status-publish","4":"has-post-thumbnail","6":"product_cat-mehki-predmeti","8":"first","9":"instock","10":"taxable","11":"shipping-taxable","12":"purchasable","13":"product-type-simple"},"jetpack_sharing_enabled":true,"_links":{"self":[{"href":"https:\/\/senzorika-varga.si\/en\/wp-json\/wp\/v2\/product\/9888","targetHints":{"allow":["GET"]}}],"collection":[{"href":"https:\/\/senzorika-varga.si\/en\/wp-json\/wp\/v2\/product"}],"about":[{"href":"https:\/\/senzorika-varga.si\/en\/wp-json\/wp\/v2\/types\/product"}],"replies":[{"embeddable":true,"href":"https:\/\/senzorika-varga.si\/en\/wp-json\/wp\/v2\/comments?post=9888"}],"version-history":[{"count":1,"href":"https:\/\/senzorika-varga.si\/en\/wp-json\/wp\/v2\/product\/9888\/revisions"}],"predecessor-version":[{"id":9889,"href":"https:\/\/senzorika-varga.si\/en\/wp-json\/wp\/v2\/product\/9888\/revisions\/9889"}],"wp:featuredmedia":[{"embeddable":true,"href":"https:\/\/senzorika-varga.si\/en\/wp-json\/wp\/v2\/media\/11614"}],"wp:attachment":[{"href":"https:\/\/senzorika-varga.si\/en\/wp-json\/wp\/v2\/media?parent=9888"}],"wp:term":[{"taxonomy":"product_brand","embeddable":true,"href":"https:\/\/senzorika-varga.si\/en\/wp-json\/wp\/v2\/product_brand?post=9888"},{"taxonomy":"product_cat","embeddable":true,"href":"https:\/\/senzorika-varga.si\/en\/wp-json\/wp\/v2\/product_cat?post=9888"},{"taxonomy":"product_tag","embeddable":true,"href":"https:\/\/senzorika-varga.si\/en\/wp-json\/wp\/v2\/product_tag?post=9888"}],"curies":[{"name":"wp","href":"https:\/\/api.w.org\/{rel}","templated":true}]}}