{"id":9882,"date":"2025-12-05T22:06:47","date_gmt":"2025-12-05T22:06:47","guid":{"rendered":"https:\/\/senzorika.ajvonidol.si\/?post_type=product&#038;p=9882"},"modified":"2025-12-27T19:35:57","modified_gmt":"2025-12-27T19:35:57","slug":"stopnice","status":"publish","type":"product","link":"https:\/\/senzorika-varga.si\/en\/product\/stopnice\/","title":{"rendered":"Stopnice"},"content":{"rendered":"<p>Turkizne stopnice, prevle\u010dene s PVC tkanino, odporno proti obrabi brez ftalatov, in napolnjene z visoko elasti\u010dno poliuretansko peno, so vsestransko orodje za gibalno terapijo, rehabilitacijo in krepilne vaje. Njihova stopni\u010dasta zasnova odli\u010dno podpira razvoj ravnote\u017eja, stabilizacije in motori\u010dne koordinacije. Stopnice omogo\u010dajo razli\u010dne vaje, kot so plezanje, skakanje med stopnicami in vaje za izbolj\u0161anje mo\u010di nog, kar spodbuja motori\u010dni razvoj in zavedanje telesa. Poleg tega nedrse\u010da podlaga iz teksturirane PVC tkanine zagotavlja stabilnost in varnost med vadbo.<\/p>\n<p>Dimenzije: 90 x 60 x 60 cm<\/p>","protected":false},"excerpt":{"rendered":"<p>Turkizne stopnice, prevle\u010dene s PVC tkanino, odporno proti obrabi brez ftalatov, in napolnjene z visoko elasti\u010dno poliuretansko peno, so vsestransko orodje za gibalno terapijo, rehabilitacijo in krepilne vaje. Njihova stopni\u010dasta zasnova odli\u010dno podpira razvoj ravnote\u017eja, stabilizacije in motori\u010dne koordinacije. Stopnice omogo\u010dajo razli\u010dne vaje, kot so plezanje, skakanje med stopnicami in vaje za izbolj\u0161anje mo\u010di nog, kar spodbuja motori\u010dni razvoj in zavedanje telesa. Poleg tega nedrse\u010da podlaga iz teksturirane PVC tkanine zagotavlja stabilnost in varnost med vadbo.<\/p>\n<p>Dimenzije: 90 x 60 x 60 cm<\/p>","protected":false},"featured_media":11608,"menu_order":0,"comment_status":"open","ping_status":"closed","template":"","meta":[],"product_brand":[],"product_cat":[130],"product_tag":[],"class_list":{"0":"post-9882","1":"product","2":"type-product","3":"status-publish","4":"has-post-thumbnail","6":"product_cat-mehki-predmeti","8":"first","9":"instock","10":"taxable","11":"shipping-taxable","12":"purchasable","13":"product-type-simple"},"jetpack_sharing_enabled":true,"_links":{"self":[{"href":"https:\/\/senzorika-varga.si\/en\/wp-json\/wp\/v2\/product\/9882","targetHints":{"allow":["GET"]}}],"collection":[{"href":"https:\/\/senzorika-varga.si\/en\/wp-json\/wp\/v2\/product"}],"about":[{"href":"https:\/\/senzorika-varga.si\/en\/wp-json\/wp\/v2\/types\/product"}],"replies":[{"embeddable":true,"href":"https:\/\/senzorika-varga.si\/en\/wp-json\/wp\/v2\/comments?post=9882"}],"version-history":[{"count":1,"href":"https:\/\/senzorika-varga.si\/en\/wp-json\/wp\/v2\/product\/9882\/revisions"}],"predecessor-version":[{"id":9883,"href":"https:\/\/senzorika-varga.si\/en\/wp-json\/wp\/v2\/product\/9882\/revisions\/9883"}],"wp:featuredmedia":[{"embeddable":true,"href":"https:\/\/senzorika-varga.si\/en\/wp-json\/wp\/v2\/media\/11608"}],"wp:attachment":[{"href":"https:\/\/senzorika-varga.si\/en\/wp-json\/wp\/v2\/media?parent=9882"}],"wp:term":[{"taxonomy":"product_brand","embeddable":true,"href":"https:\/\/senzorika-varga.si\/en\/wp-json\/wp\/v2\/product_brand?post=9882"},{"taxonomy":"product_cat","embeddable":true,"href":"https:\/\/senzorika-varga.si\/en\/wp-json\/wp\/v2\/product_cat?post=9882"},{"taxonomy":"product_tag","embeddable":true,"href":"https:\/\/senzorika-varga.si\/en\/wp-json\/wp\/v2\/product_tag?post=9882"}],"curies":[{"name":"wp","href":"https:\/\/api.w.org\/{rel}","templated":true}]}}