{"id":9878,"date":"2025-12-05T22:06:47","date_gmt":"2025-12-05T22:06:47","guid":{"rendered":"https:\/\/senzorika.ajvonidol.si\/?post_type=product&#038;p=9878"},"modified":"2025-12-27T19:35:57","modified_gmt":"2025-12-27T19:35:57","slug":"stopnice-z-zaobljenimi-stopnicami","status":"publish","type":"product","link":"https:\/\/senzorika-varga.si\/en\/product\/stopnice-z-zaobljenimi-stopnicami\/","title":{"rendered":"Stopnice z zaobljenimi stopnicami"},"content":{"rendered":"<p>Modre stopnice z zaobljenimi stopnicami so idealna re\u0161itev za gimnastiko, rehabilitacijo in igralne dejavnosti. Povr\u0161ina, prekrita s protizdrsno PVC tkanino brez ftalatov, je zelo odporna proti odrgninam, majhne izbokline na tkanini pa spodbujajo proprioceptivni sistem in pomagajo pri razvoju telesne zavesti, zlasti pri uporabnikih z razvojnimi motnjami.<\/p>\n<p>Uporaba stopnic spodbuja razvoj motori\u010dnih sposobnosti, ravnote\u017eja in koordinacije. Omogo\u010dajo razli\u010dne oblike igre in vadbe, kar prispeva k izbolj\u0161ani telesni pripravljenosti in samozavesti.<\/p>\n<p>Dimenzije: 90 x 60 x 60 cm.&#8221;<\/p>","protected":false},"excerpt":{"rendered":"<p>Modre stopnice z zaobljenimi stopnicami so idealna re\u0161itev za gimnastiko, rehabilitacijo in igralne dejavnosti. Povr\u0161ina, prekrita s protizdrsno PVC tkanino brez ftalatov, je zelo odporna proti odrgninam, majhne izbokline na tkanini pa spodbujajo proprioceptivni sistem in pomagajo pri razvoju telesne zavesti, zlasti pri uporabnikih z razvojnimi motnjami.<\/p>\n<p>Uporaba stopnic spodbuja razvoj motori\u010dnih sposobnosti, ravnote\u017eja in koordinacije. Omogo\u010dajo razli\u010dne oblike igre in vadbe, kar prispeva k izbolj\u0161ani telesni pripravljenosti in samozavesti.<\/p>\n<p>Dimenzije: 90 x 60 x 60 cm.&#8221;<\/p>","protected":false},"featured_media":11605,"menu_order":0,"comment_status":"open","ping_status":"closed","template":"","meta":[],"product_brand":[],"product_cat":[130],"product_tag":[],"class_list":{"0":"post-9878","1":"product","2":"type-product","3":"status-publish","4":"has-post-thumbnail","6":"product_cat-mehki-predmeti","8":"first","9":"instock","10":"taxable","11":"shipping-taxable","12":"purchasable","13":"product-type-simple"},"jetpack_sharing_enabled":true,"_links":{"self":[{"href":"https:\/\/senzorika-varga.si\/en\/wp-json\/wp\/v2\/product\/9878","targetHints":{"allow":["GET"]}}],"collection":[{"href":"https:\/\/senzorika-varga.si\/en\/wp-json\/wp\/v2\/product"}],"about":[{"href":"https:\/\/senzorika-varga.si\/en\/wp-json\/wp\/v2\/types\/product"}],"replies":[{"embeddable":true,"href":"https:\/\/senzorika-varga.si\/en\/wp-json\/wp\/v2\/comments?post=9878"}],"version-history":[{"count":1,"href":"https:\/\/senzorika-varga.si\/en\/wp-json\/wp\/v2\/product\/9878\/revisions"}],"predecessor-version":[{"id":9879,"href":"https:\/\/senzorika-varga.si\/en\/wp-json\/wp\/v2\/product\/9878\/revisions\/9879"}],"wp:featuredmedia":[{"embeddable":true,"href":"https:\/\/senzorika-varga.si\/en\/wp-json\/wp\/v2\/media\/11605"}],"wp:attachment":[{"href":"https:\/\/senzorika-varga.si\/en\/wp-json\/wp\/v2\/media?parent=9878"}],"wp:term":[{"taxonomy":"product_brand","embeddable":true,"href":"https:\/\/senzorika-varga.si\/en\/wp-json\/wp\/v2\/product_brand?post=9878"},{"taxonomy":"product_cat","embeddable":true,"href":"https:\/\/senzorika-varga.si\/en\/wp-json\/wp\/v2\/product_cat?post=9878"},{"taxonomy":"product_tag","embeddable":true,"href":"https:\/\/senzorika-varga.si\/en\/wp-json\/wp\/v2\/product_tag?post=9878"}],"curies":[{"name":"wp","href":"https:\/\/api.w.org\/{rel}","templated":true}]}}