{"id":9874,"date":"2025-12-05T22:06:46","date_gmt":"2025-12-05T22:06:46","guid":{"rendered":"https:\/\/senzorika.ajvonidol.si\/?post_type=product&#038;p=9874"},"modified":"2025-12-27T19:35:57","modified_gmt":"2025-12-27T19:35:57","slug":"osnova-s-polkrogom","status":"publish","type":"product","link":"https:\/\/senzorika-varga.si\/en\/product\/osnova-s-polkrogom\/","title":{"rendered":"Osnova s \u200b\u200bpolkrogom"},"content":{"rendered":"<p>\u201eVijoli\u010dna pravokotna osnova je prekrita s PVC tkanino, odporno proti obrabi, brez ftalatov, notranjost pa je napolnjena z visoko elasti\u010dno poliuretansko peno. Zaradi edinstvene oblike v obliki \u010drke H je idealna za kombiniranje z drugimi oblikami za ustvarjanje razli\u010dnih ovir, ki otroke vklju\u010dijo v aktivno igro in motori\u010dni razvoj. Oblika spodbuja razvoj ravnote\u017eja, koordinacije in mo\u010di. Uporabniki jo lahko uporabljajo za vaje, kot so plezanje, pre\u010dkanje ali spu\u0161\u010danje pod ali skozi elemente, kar spodbuja njihove motori\u010dne sposobnosti in razvija telesno zavest. Zahvaljujo\u010d svoji zasnovi pravokotna osnova spodbuja ustvarjalno razmi\u0161ljanje in gradnjo lastnih poti, kar spodbuja razvoj socialnih ve\u0161\u010din, kot sta sodelovanje in komunikacija pri igri z vrstniki. Ta izdelek je odli\u010dno orodje v senzori\u010dni terapiji, rehabilitaciji in pred\u0161olski vzgoji, saj otrokom ponuja varen in udoben prostor za telesno aktivnost.Dimenzije 60 x 30 x 60 cm.\u201c<\/p>","protected":false},"excerpt":{"rendered":"<p>\u201eVijoli\u010dna pravokotna osnova je prekrita s PVC tkanino, odporno proti obrabi, brez ftalatov, notranjost pa je napolnjena z visoko elasti\u010dno poliuretansko peno. Zaradi edinstvene oblike v obliki \u010drke H je idealna za kombiniranje z drugimi oblikami za ustvarjanje razli\u010dnih ovir, ki otroke vklju\u010dijo v aktivno igro in motori\u010dni razvoj. Oblika spodbuja razvoj ravnote\u017eja, koordinacije in mo\u010di. Uporabniki jo lahko uporabljajo za vaje, kot so plezanje, pre\u010dkanje ali spu\u0161\u010danje pod ali skozi elemente, kar spodbuja njihove motori\u010dne sposobnosti in razvija telesno zavest. Zahvaljujo\u010d svoji zasnovi pravokotna osnova spodbuja ustvarjalno razmi\u0161ljanje in gradnjo lastnih poti, kar spodbuja razvoj socialnih ve\u0161\u010din, kot sta sodelovanje in komunikacija pri igri z vrstniki. Ta izdelek je odli\u010dno orodje v senzori\u010dni terapiji, rehabilitaciji in pred\u0161olski vzgoji, saj otrokom ponuja varen in udoben prostor za telesno aktivnost.Dimenzije 60 x 30 x 60 cm.\u201c<\/p>","protected":false},"featured_media":11602,"menu_order":0,"comment_status":"open","ping_status":"closed","template":"","meta":[],"product_brand":[],"product_cat":[130],"product_tag":[],"class_list":{"0":"post-9874","1":"product","2":"type-product","3":"status-publish","4":"has-post-thumbnail","6":"product_cat-mehki-predmeti","8":"first","9":"instock","10":"taxable","11":"shipping-taxable","12":"purchasable","13":"product-type-simple"},"jetpack_sharing_enabled":true,"_links":{"self":[{"href":"https:\/\/senzorika-varga.si\/en\/wp-json\/wp\/v2\/product\/9874","targetHints":{"allow":["GET"]}}],"collection":[{"href":"https:\/\/senzorika-varga.si\/en\/wp-json\/wp\/v2\/product"}],"about":[{"href":"https:\/\/senzorika-varga.si\/en\/wp-json\/wp\/v2\/types\/product"}],"replies":[{"embeddable":true,"href":"https:\/\/senzorika-varga.si\/en\/wp-json\/wp\/v2\/comments?post=9874"}],"version-history":[{"count":1,"href":"https:\/\/senzorika-varga.si\/en\/wp-json\/wp\/v2\/product\/9874\/revisions"}],"predecessor-version":[{"id":9875,"href":"https:\/\/senzorika-varga.si\/en\/wp-json\/wp\/v2\/product\/9874\/revisions\/9875"}],"wp:featuredmedia":[{"embeddable":true,"href":"https:\/\/senzorika-varga.si\/en\/wp-json\/wp\/v2\/media\/11602"}],"wp:attachment":[{"href":"https:\/\/senzorika-varga.si\/en\/wp-json\/wp\/v2\/media?parent=9874"}],"wp:term":[{"taxonomy":"product_brand","embeddable":true,"href":"https:\/\/senzorika-varga.si\/en\/wp-json\/wp\/v2\/product_brand?post=9874"},{"taxonomy":"product_cat","embeddable":true,"href":"https:\/\/senzorika-varga.si\/en\/wp-json\/wp\/v2\/product_cat?post=9874"},{"taxonomy":"product_tag","embeddable":true,"href":"https:\/\/senzorika-varga.si\/en\/wp-json\/wp\/v2\/product_tag?post=9874"}],"curies":[{"name":"wp","href":"https:\/\/api.w.org\/{rel}","templated":true}]}}