{"id":9870,"date":"2025-12-05T22:06:46","date_gmt":"2025-12-05T22:06:46","guid":{"rendered":"https:\/\/senzorika.ajvonidol.si\/?post_type=product&#038;p=9870"},"modified":"2025-12-27T19:35:57","modified_gmt":"2025-12-27T19:35:57","slug":"majhen-klin","status":"publish","type":"product","link":"https:\/\/senzorika-varga.si\/en\/product\/majhen-klin\/","title":{"rendered":"Majhen klin"},"content":{"rendered":"<p>Vijoli\u010dna klinasta podloga, prevle\u010dena s PVC tkanino brez ftalatov, odporno proti obrabi, in napolnjena z visoko elasti\u010dno poliuretansko peno, je funkcionalna penasta oblika, ki se lahko uporablja pri razli\u010dnih rehabilitacijskih in gimnasti\u010dnih vajah. Njena edinstvena po\u0161evna oblika podpira ravnote\u017eje, stabilizacijo in izbolj\u0161anje dr\u017ee. Uporablja se lahko za krepilne, korektivne in mobilizacijske vaje, ki spodbujajo motori\u010dni razvoj in koordinacijo telesa. Nedrse\u010da podlaga iz teksturirane PVC tkanine zagotavlja stabilnost med uporabo, kar pove\u010duje udobje in varnost.<\/p>\n<p>Dimenzije: 60 x 60 x 30 cm.<\/p>","protected":false},"excerpt":{"rendered":"<p>Vijoli\u010dna klinasta podloga, prevle\u010dena s PVC tkanino brez ftalatov, odporno proti obrabi, in napolnjena z visoko elasti\u010dno poliuretansko peno, je funkcionalna penasta oblika, ki se lahko uporablja pri razli\u010dnih rehabilitacijskih in gimnasti\u010dnih vajah. Njena edinstvena po\u0161evna oblika podpira ravnote\u017eje, stabilizacijo in izbolj\u0161anje dr\u017ee. Uporablja se lahko za krepilne, korektivne in mobilizacijske vaje, ki spodbujajo motori\u010dni razvoj in koordinacijo telesa. Nedrse\u010da podlaga iz teksturirane PVC tkanine zagotavlja stabilnost med uporabo, kar pove\u010duje udobje in varnost.<\/p>\n<p>Dimenzije: 60 x 60 x 30 cm.<\/p>","protected":false},"featured_media":11600,"menu_order":0,"comment_status":"open","ping_status":"closed","template":"","meta":[],"product_brand":[],"product_cat":[130],"product_tag":[],"class_list":{"0":"post-9870","1":"product","2":"type-product","3":"status-publish","4":"has-post-thumbnail","6":"product_cat-mehki-predmeti","8":"first","9":"instock","10":"taxable","11":"shipping-taxable","12":"purchasable","13":"product-type-simple"},"jetpack_sharing_enabled":true,"_links":{"self":[{"href":"https:\/\/senzorika-varga.si\/en\/wp-json\/wp\/v2\/product\/9870","targetHints":{"allow":["GET"]}}],"collection":[{"href":"https:\/\/senzorika-varga.si\/en\/wp-json\/wp\/v2\/product"}],"about":[{"href":"https:\/\/senzorika-varga.si\/en\/wp-json\/wp\/v2\/types\/product"}],"replies":[{"embeddable":true,"href":"https:\/\/senzorika-varga.si\/en\/wp-json\/wp\/v2\/comments?post=9870"}],"version-history":[{"count":1,"href":"https:\/\/senzorika-varga.si\/en\/wp-json\/wp\/v2\/product\/9870\/revisions"}],"predecessor-version":[{"id":9871,"href":"https:\/\/senzorika-varga.si\/en\/wp-json\/wp\/v2\/product\/9870\/revisions\/9871"}],"wp:featuredmedia":[{"embeddable":true,"href":"https:\/\/senzorika-varga.si\/en\/wp-json\/wp\/v2\/media\/11600"}],"wp:attachment":[{"href":"https:\/\/senzorika-varga.si\/en\/wp-json\/wp\/v2\/media?parent=9870"}],"wp:term":[{"taxonomy":"product_brand","embeddable":true,"href":"https:\/\/senzorika-varga.si\/en\/wp-json\/wp\/v2\/product_brand?post=9870"},{"taxonomy":"product_cat","embeddable":true,"href":"https:\/\/senzorika-varga.si\/en\/wp-json\/wp\/v2\/product_cat?post=9870"},{"taxonomy":"product_tag","embeddable":true,"href":"https:\/\/senzorika-varga.si\/en\/wp-json\/wp\/v2\/product_tag?post=9870"}],"curies":[{"name":"wp","href":"https:\/\/api.w.org\/{rel}","templated":true}]}}