{"id":9854,"date":"2025-12-05T22:06:41","date_gmt":"2025-12-05T22:06:41","guid":{"rendered":"https:\/\/senzorika.ajvonidol.si\/?post_type=product&#038;p=9854"},"modified":"2025-12-27T19:35:54","modified_gmt":"2025-12-27T19:35:54","slug":"most","status":"publish","type":"product","link":"https:\/\/senzorika-varga.si\/en\/product\/most\/","title":{"rendered":"Most"},"content":{"rendered":"<p>Modri \u200b\u200boblikovalec mostu iz pene, prevle\u010den s PVC tkanino brez ftalatov, odporno proti obrabi, in napolnjen z visoko elasti\u010dno poliuretansko peno, je vsestransko orodje, zasnovano za podporo gibalni terapiji, rehabilitaciji in krepilnim vajam. Zaradi svoje ukrivljene oblike je idealen za vadbo ravnote\u017eja, koordinacije in stabilizacije telesa. Omogo\u010da ravnote\u017eje, nagibanje in kotaljenje, kar spodbuja motori\u010dni razvoj in zavedanje telesa. Izdelek zagotavlja udobje in varnost pri vadbi ter omogo\u010da razli\u010dne oblike vadbe za otroke in odrasle.<\/p>\n<p>Dimenzije: 120 x 60 x 30 cm<\/p>","protected":false},"excerpt":{"rendered":"<p>Modri \u200b\u200boblikovalec mostu iz pene, prevle\u010den s PVC tkanino brez ftalatov, odporno proti obrabi, in napolnjen z visoko elasti\u010dno poliuretansko peno, je vsestransko orodje, zasnovano za podporo gibalni terapiji, rehabilitaciji in krepilnim vajam. Zaradi svoje ukrivljene oblike je idealen za vadbo ravnote\u017eja, koordinacije in stabilizacije telesa. Omogo\u010da ravnote\u017eje, nagibanje in kotaljenje, kar spodbuja motori\u010dni razvoj in zavedanje telesa. Izdelek zagotavlja udobje in varnost pri vadbi ter omogo\u010da razli\u010dne oblike vadbe za otroke in odrasle.<\/p>\n<p>Dimenzije: 120 x 60 x 30 cm<\/p>","protected":false},"featured_media":11586,"menu_order":0,"comment_status":"open","ping_status":"closed","template":"","meta":[],"product_brand":[],"product_cat":[130],"product_tag":[],"class_list":{"0":"post-9854","1":"product","2":"type-product","3":"status-publish","4":"has-post-thumbnail","6":"product_cat-mehki-predmeti","8":"first","9":"instock","10":"taxable","11":"shipping-taxable","12":"purchasable","13":"product-type-simple"},"jetpack_sharing_enabled":true,"_links":{"self":[{"href":"https:\/\/senzorika-varga.si\/en\/wp-json\/wp\/v2\/product\/9854","targetHints":{"allow":["GET"]}}],"collection":[{"href":"https:\/\/senzorika-varga.si\/en\/wp-json\/wp\/v2\/product"}],"about":[{"href":"https:\/\/senzorika-varga.si\/en\/wp-json\/wp\/v2\/types\/product"}],"replies":[{"embeddable":true,"href":"https:\/\/senzorika-varga.si\/en\/wp-json\/wp\/v2\/comments?post=9854"}],"version-history":[{"count":1,"href":"https:\/\/senzorika-varga.si\/en\/wp-json\/wp\/v2\/product\/9854\/revisions"}],"predecessor-version":[{"id":9855,"href":"https:\/\/senzorika-varga.si\/en\/wp-json\/wp\/v2\/product\/9854\/revisions\/9855"}],"wp:featuredmedia":[{"embeddable":true,"href":"https:\/\/senzorika-varga.si\/en\/wp-json\/wp\/v2\/media\/11586"}],"wp:attachment":[{"href":"https:\/\/senzorika-varga.si\/en\/wp-json\/wp\/v2\/media?parent=9854"}],"wp:term":[{"taxonomy":"product_brand","embeddable":true,"href":"https:\/\/senzorika-varga.si\/en\/wp-json\/wp\/v2\/product_brand?post=9854"},{"taxonomy":"product_cat","embeddable":true,"href":"https:\/\/senzorika-varga.si\/en\/wp-json\/wp\/v2\/product_cat?post=9854"},{"taxonomy":"product_tag","embeddable":true,"href":"https:\/\/senzorika-varga.si\/en\/wp-json\/wp\/v2\/product_tag?post=9854"}],"curies":[{"name":"wp","href":"https:\/\/api.w.org\/{rel}","templated":true}]}}