{"id":9852,"date":"2025-12-05T22:06:41","date_gmt":"2025-12-05T22:06:41","guid":{"rendered":"https:\/\/senzorika.ajvonidol.si\/?post_type=product&#038;p=9852"},"modified":"2025-12-27T19:35:54","modified_gmt":"2025-12-27T19:35:54","slug":"lok","status":"publish","type":"product","link":"https:\/\/senzorika-varga.si\/en\/product\/lok\/","title":{"rendered":"Lok"},"content":{"rendered":"<p>Ro\u017enata penasta figurica v obliki loka, prekrita s PVC tkanino brez ftalatov, odporno proti obrabi, in napolnjena z visoko elasti\u010dno poliuretansko peno, je idealno orodje za gibalno terapijo, rehabilitacijo in krepilne vaje. Njena ukrivljena oblika u\u010dinkovito podpira razvoj ravnote\u017eja, stabilizacije in motori\u010dne koordinacije. Omogo\u010da kotaljenje, nagibanje in ravnote\u017eje, spodbuja motori\u010dne sposobnosti in zavedanje telesa. Izdelek zagotavlja varnost in udobje, zaradi \u010desar je primeren tako za otroke kot za odrasle.<\/p>\n<p>Dimenzije: 120 x 60 x 30 cm<\/p>","protected":false},"excerpt":{"rendered":"<p>Ro\u017enata penasta figurica v obliki loka, prekrita s PVC tkanino brez ftalatov, odporno proti obrabi, in napolnjena z visoko elasti\u010dno poliuretansko peno, je idealno orodje za gibalno terapijo, rehabilitacijo in krepilne vaje. Njena ukrivljena oblika u\u010dinkovito podpira razvoj ravnote\u017eja, stabilizacije in motori\u010dne koordinacije. Omogo\u010da kotaljenje, nagibanje in ravnote\u017eje, spodbuja motori\u010dne sposobnosti in zavedanje telesa. Izdelek zagotavlja varnost in udobje, zaradi \u010desar je primeren tako za otroke kot za odrasle.<\/p>\n<p>Dimenzije: 120 x 60 x 30 cm<\/p>","protected":false},"featured_media":11585,"menu_order":0,"comment_status":"open","ping_status":"closed","template":"","meta":[],"product_brand":[],"product_cat":[130],"product_tag":[],"class_list":{"0":"post-9852","1":"product","2":"type-product","3":"status-publish","4":"has-post-thumbnail","6":"product_cat-mehki-predmeti","8":"first","9":"instock","10":"taxable","11":"shipping-taxable","12":"purchasable","13":"product-type-simple"},"jetpack_sharing_enabled":true,"_links":{"self":[{"href":"https:\/\/senzorika-varga.si\/en\/wp-json\/wp\/v2\/product\/9852","targetHints":{"allow":["GET"]}}],"collection":[{"href":"https:\/\/senzorika-varga.si\/en\/wp-json\/wp\/v2\/product"}],"about":[{"href":"https:\/\/senzorika-varga.si\/en\/wp-json\/wp\/v2\/types\/product"}],"replies":[{"embeddable":true,"href":"https:\/\/senzorika-varga.si\/en\/wp-json\/wp\/v2\/comments?post=9852"}],"version-history":[{"count":1,"href":"https:\/\/senzorika-varga.si\/en\/wp-json\/wp\/v2\/product\/9852\/revisions"}],"predecessor-version":[{"id":9853,"href":"https:\/\/senzorika-varga.si\/en\/wp-json\/wp\/v2\/product\/9852\/revisions\/9853"}],"wp:featuredmedia":[{"embeddable":true,"href":"https:\/\/senzorika-varga.si\/en\/wp-json\/wp\/v2\/media\/11585"}],"wp:attachment":[{"href":"https:\/\/senzorika-varga.si\/en\/wp-json\/wp\/v2\/media?parent=9852"}],"wp:term":[{"taxonomy":"product_brand","embeddable":true,"href":"https:\/\/senzorika-varga.si\/en\/wp-json\/wp\/v2\/product_brand?post=9852"},{"taxonomy":"product_cat","embeddable":true,"href":"https:\/\/senzorika-varga.si\/en\/wp-json\/wp\/v2\/product_cat?post=9852"},{"taxonomy":"product_tag","embeddable":true,"href":"https:\/\/senzorika-varga.si\/en\/wp-json\/wp\/v2\/product_tag?post=9852"}],"curies":[{"name":"wp","href":"https:\/\/api.w.org\/{rel}","templated":true}]}}