{"id":9846,"date":"2025-12-05T22:06:41","date_gmt":"2025-12-05T22:06:41","guid":{"rendered":"https:\/\/senzorika.ajvonidol.si\/?post_type=product&#038;p=9846"},"modified":"2025-12-27T19:35:54","modified_gmt":"2025-12-27T19:35:54","slug":"tram-90","status":"publish","type":"product","link":"https:\/\/senzorika-varga.si\/en\/product\/tram-90\/","title":{"rendered":"Tram 90"},"content":{"rendered":"<p>Rde\u010da penasta gred, prevle\u010dena s PVC tkanino brez ftalatov, odporno proti obrabi, in napolnjena z visoko elasti\u010dno poliuretansko peno, je robustno orodje za terapijo in rehabilitacijo, ki u\u010dinkovito podpira razvoj ravnote\u017eja, stabilizacije in motori\u010dne koordinacije. Njena konstrukcija zagotavlja stabilno oporo med vajami, zaradi \u010desar je idealna za vadbo telesnega nadzora, krepitev mi\u0161ic in izbolj\u0161anje dr\u017ee. Gredo lahko uporabljajo otroci, odrasli in starej\u0161i za razli\u010dne vaje za ravnote\u017eje in rehabilitacijo, kar pomaga pri razvoju mo\u010di in zavedanja telesa. Zaradi preproste oblike je uporabna tudi kot sede\u017ena klop. Dimenzije: 90 x 30 x 30 cm<\/p>","protected":false},"excerpt":{"rendered":"<p>Rde\u010da penasta gred, prevle\u010dena s PVC tkanino brez ftalatov, odporno proti obrabi, in napolnjena z visoko elasti\u010dno poliuretansko peno, je robustno orodje za terapijo in rehabilitacijo, ki u\u010dinkovito podpira razvoj ravnote\u017eja, stabilizacije in motori\u010dne koordinacije. Njena konstrukcija zagotavlja stabilno oporo med vajami, zaradi \u010desar je idealna za vadbo telesnega nadzora, krepitev mi\u0161ic in izbolj\u0161anje dr\u017ee. Gredo lahko uporabljajo otroci, odrasli in starej\u0161i za razli\u010dne vaje za ravnote\u017eje in rehabilitacijo, kar pomaga pri razvoju mo\u010di in zavedanja telesa. Zaradi preproste oblike je uporabna tudi kot sede\u017ena klop. Dimenzije: 90 x 30 x 30 cm<\/p>","protected":false},"featured_media":11582,"menu_order":0,"comment_status":"open","ping_status":"closed","template":"","meta":[],"product_brand":[],"product_cat":[130],"product_tag":[],"class_list":{"0":"post-9846","1":"product","2":"type-product","3":"status-publish","4":"has-post-thumbnail","6":"product_cat-mehki-predmeti","8":"first","9":"instock","10":"taxable","11":"shipping-taxable","12":"purchasable","13":"product-type-simple"},"jetpack_sharing_enabled":true,"_links":{"self":[{"href":"https:\/\/senzorika-varga.si\/en\/wp-json\/wp\/v2\/product\/9846","targetHints":{"allow":["GET"]}}],"collection":[{"href":"https:\/\/senzorika-varga.si\/en\/wp-json\/wp\/v2\/product"}],"about":[{"href":"https:\/\/senzorika-varga.si\/en\/wp-json\/wp\/v2\/types\/product"}],"replies":[{"embeddable":true,"href":"https:\/\/senzorika-varga.si\/en\/wp-json\/wp\/v2\/comments?post=9846"}],"version-history":[{"count":1,"href":"https:\/\/senzorika-varga.si\/en\/wp-json\/wp\/v2\/product\/9846\/revisions"}],"predecessor-version":[{"id":9847,"href":"https:\/\/senzorika-varga.si\/en\/wp-json\/wp\/v2\/product\/9846\/revisions\/9847"}],"wp:featuredmedia":[{"embeddable":true,"href":"https:\/\/senzorika-varga.si\/en\/wp-json\/wp\/v2\/media\/11582"}],"wp:attachment":[{"href":"https:\/\/senzorika-varga.si\/en\/wp-json\/wp\/v2\/media?parent=9846"}],"wp:term":[{"taxonomy":"product_brand","embeddable":true,"href":"https:\/\/senzorika-varga.si\/en\/wp-json\/wp\/v2\/product_brand?post=9846"},{"taxonomy":"product_cat","embeddable":true,"href":"https:\/\/senzorika-varga.si\/en\/wp-json\/wp\/v2\/product_cat?post=9846"},{"taxonomy":"product_tag","embeddable":true,"href":"https:\/\/senzorika-varga.si\/en\/wp-json\/wp\/v2\/product_tag?post=9846"}],"curies":[{"name":"wp","href":"https:\/\/api.w.org\/{rel}","templated":true}]}}