{"id":9844,"date":"2025-12-05T22:06:38","date_gmt":"2025-12-05T22:06:38","guid":{"rendered":"https:\/\/senzorika.ajvonidol.si\/?post_type=product&#038;p=9844"},"modified":"2025-12-27T19:35:52","modified_gmt":"2025-12-27T19:35:52","slug":"kocka","status":"publish","type":"product","link":"https:\/\/senzorika-varga.si\/en\/product\/kocka\/","title":{"rendered":"Kocka"},"content":{"rendered":"<p>Rumena kocka, prevle\u010dena s PVC tkanino brez ftalatov, odporno proti obrabi, in napolnjena z visoko elasti\u010dno poliuretansko peno, je vsestransko orodje za razvoj motori\u010dnih sposobnosti in koordinacije. Njene dimenzije in oblika omogo\u010dajo razli\u010dne dejavnosti, kot so plezanje, ravnote\u017eje in metanje, kar spodbuja ravnote\u017eje in koordinacijo. Poleg tega se kocka lahko uporablja kot tabure, ki zagotavlja udoben prostor za po\u010ditek.Dimenzije: 30 x 30 x 30 cm<\/p>","protected":false},"excerpt":{"rendered":"<p>Rumena kocka, prevle\u010dena s PVC tkanino brez ftalatov, odporno proti obrabi, in napolnjena z visoko elasti\u010dno poliuretansko peno, je vsestransko orodje za razvoj motori\u010dnih sposobnosti in koordinacije. Njene dimenzije in oblika omogo\u010dajo razli\u010dne dejavnosti, kot so plezanje, ravnote\u017eje in metanje, kar spodbuja ravnote\u017eje in koordinacijo. Poleg tega se kocka lahko uporablja kot tabure, ki zagotavlja udoben prostor za po\u010ditek.Dimenzije: 30 x 30 x 30 cm<\/p>","protected":false},"featured_media":11581,"menu_order":0,"comment_status":"open","ping_status":"closed","template":"","meta":[],"product_brand":[],"product_cat":[130],"product_tag":[],"class_list":{"0":"post-9844","1":"product","2":"type-product","3":"status-publish","4":"has-post-thumbnail","6":"product_cat-mehki-predmeti","8":"first","9":"instock","10":"taxable","11":"shipping-taxable","12":"purchasable","13":"product-type-simple"},"jetpack_sharing_enabled":true,"_links":{"self":[{"href":"https:\/\/senzorika-varga.si\/en\/wp-json\/wp\/v2\/product\/9844","targetHints":{"allow":["GET"]}}],"collection":[{"href":"https:\/\/senzorika-varga.si\/en\/wp-json\/wp\/v2\/product"}],"about":[{"href":"https:\/\/senzorika-varga.si\/en\/wp-json\/wp\/v2\/types\/product"}],"replies":[{"embeddable":true,"href":"https:\/\/senzorika-varga.si\/en\/wp-json\/wp\/v2\/comments?post=9844"}],"version-history":[{"count":1,"href":"https:\/\/senzorika-varga.si\/en\/wp-json\/wp\/v2\/product\/9844\/revisions"}],"predecessor-version":[{"id":9845,"href":"https:\/\/senzorika-varga.si\/en\/wp-json\/wp\/v2\/product\/9844\/revisions\/9845"}],"wp:featuredmedia":[{"embeddable":true,"href":"https:\/\/senzorika-varga.si\/en\/wp-json\/wp\/v2\/media\/11581"}],"wp:attachment":[{"href":"https:\/\/senzorika-varga.si\/en\/wp-json\/wp\/v2\/media?parent=9844"}],"wp:term":[{"taxonomy":"product_brand","embeddable":true,"href":"https:\/\/senzorika-varga.si\/en\/wp-json\/wp\/v2\/product_brand?post=9844"},{"taxonomy":"product_cat","embeddable":true,"href":"https:\/\/senzorika-varga.si\/en\/wp-json\/wp\/v2\/product_cat?post=9844"},{"taxonomy":"product_tag","embeddable":true,"href":"https:\/\/senzorika-varga.si\/en\/wp-json\/wp\/v2\/product_tag?post=9844"}],"curies":[{"name":"wp","href":"https:\/\/api.w.org\/{rel}","templated":true}]}}