{"id":9842,"date":"2025-12-05T22:06:38","date_gmt":"2025-12-05T22:06:38","guid":{"rendered":"https:\/\/senzorika.ajvonidol.si\/?post_type=product&#038;p=9842"},"modified":"2025-12-27T19:35:52","modified_gmt":"2025-12-27T19:35:52","slug":"mini-tram","status":"publish","type":"product","link":"https:\/\/senzorika-varga.si\/en\/product\/mini-tram\/","title":{"rendered":"Mini tram"},"content":{"rendered":"<p>Zelena penasta gred, prevle\u010dena s PVC tkanino brez ftalatov, odporno proti obrabi, in napolnjena z visoko elasti\u010dno poliuretansko peno, je robustno orodje za terapijo in rehabilitacijo. Izbolj\u0161uje ravnote\u017eje, stabilnost in koordinacijo ter zagotavlja zanesljivo oporo med vadbo. Grede so idealne za uporabnike vseh starosti za nadzor telesa, krepitev mi\u0161ic in izbolj\u0161anje dr\u017ee. Zaradi preproste zasnove se lahko uporabljajo za trening ravnote\u017eja, rehabilitacijske vaje ali kot klop za sedenje.Dimenzije: 20 x 20 x 60 cm.&#8221;<\/p>","protected":false},"excerpt":{"rendered":"<p>Zelena penasta gred, prevle\u010dena s PVC tkanino brez ftalatov, odporno proti obrabi, in napolnjena z visoko elasti\u010dno poliuretansko peno, je robustno orodje za terapijo in rehabilitacijo. Izbolj\u0161uje ravnote\u017eje, stabilnost in koordinacijo ter zagotavlja zanesljivo oporo med vadbo. Grede so idealne za uporabnike vseh starosti za nadzor telesa, krepitev mi\u0161ic in izbolj\u0161anje dr\u017ee. Zaradi preproste zasnove se lahko uporabljajo za trening ravnote\u017eja, rehabilitacijske vaje ali kot klop za sedenje.Dimenzije: 20 x 20 x 60 cm.&#8221;<\/p>","protected":false},"featured_media":11580,"menu_order":0,"comment_status":"open","ping_status":"closed","template":"","meta":[],"product_brand":[],"product_cat":[130],"product_tag":[],"class_list":{"0":"post-9842","1":"product","2":"type-product","3":"status-publish","4":"has-post-thumbnail","6":"product_cat-mehki-predmeti","8":"first","9":"instock","10":"taxable","11":"shipping-taxable","12":"purchasable","13":"product-type-simple"},"jetpack_sharing_enabled":true,"_links":{"self":[{"href":"https:\/\/senzorika-varga.si\/en\/wp-json\/wp\/v2\/product\/9842","targetHints":{"allow":["GET"]}}],"collection":[{"href":"https:\/\/senzorika-varga.si\/en\/wp-json\/wp\/v2\/product"}],"about":[{"href":"https:\/\/senzorika-varga.si\/en\/wp-json\/wp\/v2\/types\/product"}],"replies":[{"embeddable":true,"href":"https:\/\/senzorika-varga.si\/en\/wp-json\/wp\/v2\/comments?post=9842"}],"version-history":[{"count":1,"href":"https:\/\/senzorika-varga.si\/en\/wp-json\/wp\/v2\/product\/9842\/revisions"}],"predecessor-version":[{"id":9843,"href":"https:\/\/senzorika-varga.si\/en\/wp-json\/wp\/v2\/product\/9842\/revisions\/9843"}],"wp:featuredmedia":[{"embeddable":true,"href":"https:\/\/senzorika-varga.si\/en\/wp-json\/wp\/v2\/media\/11580"}],"wp:attachment":[{"href":"https:\/\/senzorika-varga.si\/en\/wp-json\/wp\/v2\/media?parent=9842"}],"wp:term":[{"taxonomy":"product_brand","embeddable":true,"href":"https:\/\/senzorika-varga.si\/en\/wp-json\/wp\/v2\/product_brand?post=9842"},{"taxonomy":"product_cat","embeddable":true,"href":"https:\/\/senzorika-varga.si\/en\/wp-json\/wp\/v2\/product_cat?post=9842"},{"taxonomy":"product_tag","embeddable":true,"href":"https:\/\/senzorika-varga.si\/en\/wp-json\/wp\/v2\/product_tag?post=9842"}],"curies":[{"name":"wp","href":"https:\/\/api.w.org\/{rel}","templated":true}]}}