{"id":9834,"date":"2025-12-05T22:06:38","date_gmt":"2025-12-05T22:06:38","guid":{"rendered":"https:\/\/senzorika.ajvonidol.si\/?post_type=product&#038;p=9834"},"modified":"2025-12-27T19:35:51","modified_gmt":"2025-12-27T19:35:51","slug":"mini-valj","status":"publish","type":"product","link":"https:\/\/senzorika-varga.si\/en\/product\/mini-valj\/","title":{"rendered":"Mini valj"},"content":{"rendered":"<p>Majhen vijoli\u010den valj je penaste oblike, prevle\u010den s PVC tkanino brez ftalatov, odporno proti obrabi, in napolnjen z visoko elasti\u010dno poliuretansko peno. Zaradi svoje kompaktne velikosti in ergonomske oblike je idealen za razli\u010dne rehabilitacijske, gimnasti\u010dne in senzori\u010dne vaje. Valj pomaga pri razvoju motori\u010dne koordinacije, krepitvi mi\u0161ic in izbolj\u0161anju telesne stabilnosti. Uporablja se lahko tudi pri sprostitvenih vajah, ki podpirajo umirjenost in koncentracijo. Poleg tega pomaga pri delu na propriocepciji, ki vklju\u010duje zavedanje polo\u017eaja telesa v prostoru. Dimenzije: 60 x 15 cm.<\/p>","protected":false},"excerpt":{"rendered":"<p>Majhen vijoli\u010den valj je penaste oblike, prevle\u010den s PVC tkanino brez ftalatov, odporno proti obrabi, in napolnjen z visoko elasti\u010dno poliuretansko peno. Zaradi svoje kompaktne velikosti in ergonomske oblike je idealen za razli\u010dne rehabilitacijske, gimnasti\u010dne in senzori\u010dne vaje. Valj pomaga pri razvoju motori\u010dne koordinacije, krepitvi mi\u0161ic in izbolj\u0161anju telesne stabilnosti. Uporablja se lahko tudi pri sprostitvenih vajah, ki podpirajo umirjenost in koncentracijo. Poleg tega pomaga pri delu na propriocepciji, ki vklju\u010duje zavedanje polo\u017eaja telesa v prostoru. Dimenzije: 60 x 15 cm.<\/p>","protected":false},"featured_media":11575,"menu_order":0,"comment_status":"open","ping_status":"closed","template":"","meta":[],"product_brand":[],"product_cat":[130],"product_tag":[],"class_list":{"0":"post-9834","1":"product","2":"type-product","3":"status-publish","4":"has-post-thumbnail","6":"product_cat-mehki-predmeti","8":"first","9":"instock","10":"taxable","11":"shipping-taxable","12":"purchasable","13":"product-type-simple"},"jetpack_sharing_enabled":true,"_links":{"self":[{"href":"https:\/\/senzorika-varga.si\/en\/wp-json\/wp\/v2\/product\/9834","targetHints":{"allow":["GET"]}}],"collection":[{"href":"https:\/\/senzorika-varga.si\/en\/wp-json\/wp\/v2\/product"}],"about":[{"href":"https:\/\/senzorika-varga.si\/en\/wp-json\/wp\/v2\/types\/product"}],"replies":[{"embeddable":true,"href":"https:\/\/senzorika-varga.si\/en\/wp-json\/wp\/v2\/comments?post=9834"}],"version-history":[{"count":1,"href":"https:\/\/senzorika-varga.si\/en\/wp-json\/wp\/v2\/product\/9834\/revisions"}],"predecessor-version":[{"id":9835,"href":"https:\/\/senzorika-varga.si\/en\/wp-json\/wp\/v2\/product\/9834\/revisions\/9835"}],"wp:featuredmedia":[{"embeddable":true,"href":"https:\/\/senzorika-varga.si\/en\/wp-json\/wp\/v2\/media\/11575"}],"wp:attachment":[{"href":"https:\/\/senzorika-varga.si\/en\/wp-json\/wp\/v2\/media?parent=9834"}],"wp:term":[{"taxonomy":"product_brand","embeddable":true,"href":"https:\/\/senzorika-varga.si\/en\/wp-json\/wp\/v2\/product_brand?post=9834"},{"taxonomy":"product_cat","embeddable":true,"href":"https:\/\/senzorika-varga.si\/en\/wp-json\/wp\/v2\/product_cat?post=9834"},{"taxonomy":"product_tag","embeddable":true,"href":"https:\/\/senzorika-varga.si\/en\/wp-json\/wp\/v2\/product_tag?post=9834"}],"curies":[{"name":"wp","href":"https:\/\/api.w.org\/{rel}","templated":true}]}}