{"id":9832,"date":"2025-12-05T22:06:38","date_gmt":"2025-12-05T22:06:38","guid":{"rendered":"https:\/\/senzorika.ajvonidol.si\/?post_type=product&#038;p=9832"},"modified":"2025-12-27T19:35:51","modified_gmt":"2025-12-27T19:35:51","slug":"srednji-valj","status":"publish","type":"product","link":"https:\/\/senzorika-varga.si\/en\/product\/srednji-valj\/","title":{"rendered":"Srednji valj"},"content":{"rendered":"<p>Rde\u010di penasti valj s premerom 15 cm je izdelan iz PVC tkanine brez ftalatov, odporne proti obrabi, notranjost pa je oblo\u017eena z visoko elasti\u010dno poliuretansko peno. Zasnovan je za terapijo, rehabilitacijo in krepitev mi\u0161ic ter je primeren za uporabnike vseh starosti. Ta valj se odli\u010dno obnese pri vajah za ravnote\u017eje, stabilizacijo in kotaljenje, kar spodbuja gibljivost in elasti\u010dnost mi\u0161ic. Njegova vsestranska zasnova podpira razli\u010dne vaje, namenjene izbolj\u0161anju mo\u010di, koordinacije in ravnote\u017eja, zaradi \u010desar je odli\u010dno orodje za manualno terapijo in rehabilitacijo. Dimenzije: 60 x 15 cm.<\/p>","protected":false},"excerpt":{"rendered":"<p>Rde\u010di penasti valj s premerom 15 cm je izdelan iz PVC tkanine brez ftalatov, odporne proti obrabi, notranjost pa je oblo\u017eena z visoko elasti\u010dno poliuretansko peno. Zasnovan je za terapijo, rehabilitacijo in krepitev mi\u0161ic ter je primeren za uporabnike vseh starosti. Ta valj se odli\u010dno obnese pri vajah za ravnote\u017eje, stabilizacijo in kotaljenje, kar spodbuja gibljivost in elasti\u010dnost mi\u0161ic. Njegova vsestranska zasnova podpira razli\u010dne vaje, namenjene izbolj\u0161anju mo\u010di, koordinacije in ravnote\u017eja, zaradi \u010desar je odli\u010dno orodje za manualno terapijo in rehabilitacijo. Dimenzije: 60 x 15 cm.<\/p>","protected":false},"featured_media":11574,"menu_order":0,"comment_status":"open","ping_status":"closed","template":"","meta":[],"product_brand":[],"product_cat":[130],"product_tag":[],"class_list":{"0":"post-9832","1":"product","2":"type-product","3":"status-publish","4":"has-post-thumbnail","6":"product_cat-mehki-predmeti","8":"first","9":"instock","10":"taxable","11":"shipping-taxable","12":"purchasable","13":"product-type-simple"},"jetpack_sharing_enabled":true,"_links":{"self":[{"href":"https:\/\/senzorika-varga.si\/en\/wp-json\/wp\/v2\/product\/9832","targetHints":{"allow":["GET"]}}],"collection":[{"href":"https:\/\/senzorika-varga.si\/en\/wp-json\/wp\/v2\/product"}],"about":[{"href":"https:\/\/senzorika-varga.si\/en\/wp-json\/wp\/v2\/types\/product"}],"replies":[{"embeddable":true,"href":"https:\/\/senzorika-varga.si\/en\/wp-json\/wp\/v2\/comments?post=9832"}],"version-history":[{"count":1,"href":"https:\/\/senzorika-varga.si\/en\/wp-json\/wp\/v2\/product\/9832\/revisions"}],"predecessor-version":[{"id":9833,"href":"https:\/\/senzorika-varga.si\/en\/wp-json\/wp\/v2\/product\/9832\/revisions\/9833"}],"wp:featuredmedia":[{"embeddable":true,"href":"https:\/\/senzorika-varga.si\/en\/wp-json\/wp\/v2\/media\/11574"}],"wp:attachment":[{"href":"https:\/\/senzorika-varga.si\/en\/wp-json\/wp\/v2\/media?parent=9832"}],"wp:term":[{"taxonomy":"product_brand","embeddable":true,"href":"https:\/\/senzorika-varga.si\/en\/wp-json\/wp\/v2\/product_brand?post=9832"},{"taxonomy":"product_cat","embeddable":true,"href":"https:\/\/senzorika-varga.si\/en\/wp-json\/wp\/v2\/product_cat?post=9832"},{"taxonomy":"product_tag","embeddable":true,"href":"https:\/\/senzorika-varga.si\/en\/wp-json\/wp\/v2\/product_tag?post=9832"}],"curies":[{"name":"wp","href":"https:\/\/api.w.org\/{rel}","templated":true}]}}