{"id":9826,"date":"2025-12-05T22:06:38","date_gmt":"2025-12-05T22:06:38","guid":{"rendered":"https:\/\/senzorika.ajvonidol.si\/?post_type=product&#038;p=9826"},"modified":"2025-12-27T19:35:51","modified_gmt":"2025-12-27T19:35:51","slug":"majhen-valj","status":"publish","type":"product","link":"https:\/\/senzorika-varga.si\/en\/product\/majhen-valj\/","title":{"rendered":"Majhen valj"},"content":{"rendered":"<p>Oran\u017een penasti valj s premerom 10 cm je prevle\u010den s PVC tkanino brez ftalatov, odporno proti obrabi, in napolnjen z visoko elasti\u010dno poliuretansko peno. Zasnovan je za terapijo, rehabilitacijo in krepilne vaje, zaradi \u010desar je vsestranski dodatek k vsaki rutini. Idealen za aktivnosti ravnote\u017eja, stabilizacije in krepitve. Valj je u\u010dinkovit tudi za vaje kotaljenja, ki izbolj\u0161ajo gibljivost in elasti\u010dnost mi\u0161ic. Njegova zasnova omogo\u010da razli\u010dne vaje, ki izbolj\u0161ajo mo\u010d, koordinacijo in ravnote\u017eje, zaradi \u010desar je dragoceno orodje za manualno terapijo in izbolj\u0161anje dr\u017ee.<\/p>","protected":false},"excerpt":{"rendered":"<p>Oran\u017een penasti valj s premerom 10 cm je prevle\u010den s PVC tkanino brez ftalatov, odporno proti obrabi, in napolnjen z visoko elasti\u010dno poliuretansko peno. Zasnovan je za terapijo, rehabilitacijo in krepilne vaje, zaradi \u010desar je vsestranski dodatek k vsaki rutini. Idealen za aktivnosti ravnote\u017eja, stabilizacije in krepitve. Valj je u\u010dinkovit tudi za vaje kotaljenja, ki izbolj\u0161ajo gibljivost in elasti\u010dnost mi\u0161ic. Njegova zasnova omogo\u010da razli\u010dne vaje, ki izbolj\u0161ajo mo\u010d, koordinacijo in ravnote\u017eje, zaradi \u010desar je dragoceno orodje za manualno terapijo in izbolj\u0161anje dr\u017ee.<\/p>","protected":false},"featured_media":11571,"menu_order":0,"comment_status":"open","ping_status":"closed","template":"","meta":[],"product_brand":[],"product_cat":[130],"product_tag":[],"class_list":{"0":"post-9826","1":"product","2":"type-product","3":"status-publish","4":"has-post-thumbnail","6":"product_cat-mehki-predmeti","8":"first","9":"instock","10":"taxable","11":"shipping-taxable","12":"purchasable","13":"product-type-simple"},"jetpack_sharing_enabled":true,"_links":{"self":[{"href":"https:\/\/senzorika-varga.si\/en\/wp-json\/wp\/v2\/product\/9826","targetHints":{"allow":["GET"]}}],"collection":[{"href":"https:\/\/senzorika-varga.si\/en\/wp-json\/wp\/v2\/product"}],"about":[{"href":"https:\/\/senzorika-varga.si\/en\/wp-json\/wp\/v2\/types\/product"}],"replies":[{"embeddable":true,"href":"https:\/\/senzorika-varga.si\/en\/wp-json\/wp\/v2\/comments?post=9826"}],"version-history":[{"count":1,"href":"https:\/\/senzorika-varga.si\/en\/wp-json\/wp\/v2\/product\/9826\/revisions"}],"predecessor-version":[{"id":9827,"href":"https:\/\/senzorika-varga.si\/en\/wp-json\/wp\/v2\/product\/9826\/revisions\/9827"}],"wp:featuredmedia":[{"embeddable":true,"href":"https:\/\/senzorika-varga.si\/en\/wp-json\/wp\/v2\/media\/11571"}],"wp:attachment":[{"href":"https:\/\/senzorika-varga.si\/en\/wp-json\/wp\/v2\/media?parent=9826"}],"wp:term":[{"taxonomy":"product_brand","embeddable":true,"href":"https:\/\/senzorika-varga.si\/en\/wp-json\/wp\/v2\/product_brand?post=9826"},{"taxonomy":"product_cat","embeddable":true,"href":"https:\/\/senzorika-varga.si\/en\/wp-json\/wp\/v2\/product_cat?post=9826"},{"taxonomy":"product_tag","embeddable":true,"href":"https:\/\/senzorika-varga.si\/en\/wp-json\/wp\/v2\/product_tag?post=9826"}],"curies":[{"name":"wp","href":"https:\/\/api.w.org\/{rel}","templated":true}]}}