{"id":981,"date":"2025-11-03T21:50:47","date_gmt":"2025-11-03T21:50:47","guid":{"rendered":"https:\/\/senzorika.ajvonidol.si\/?post_type=product&#038;p=981"},"modified":"2025-12-31T08:33:53","modified_gmt":"2025-12-31T08:33:53","slug":"vibra-vzglavnik","status":"publish","type":"product","link":"https:\/\/senzorika-varga.si\/en\/product\/vibra-vzglavnik\/","title":{"rendered":"Vibra vzglavnik"},"content":{"rendered":"<div><!--block-->Za vibriranje pritisnite ta mehak vzglavnik. Barva vzglavnika je simboli\u010dna.<\/p>\n<p>Na\u0161 najbolje prodajan izdelek, ki resni\u010dno prikazuje vzrok in posledico! Rahlo pritisnite in za\u010dne vibrirati, spustite in se ustavi! \u010cudovita senzori\u010dna stimulacija z vibracijami za vse starosti in priljubljena pri ljudeh, ki potrebujejo povratno informacijo prek \u010dutila za dotik.<\/p>\n<p>Material je iz poliestra in se lahko obri\u0161e.<\/p>\n<p>Baterije niso prilo\u017eene!<\/p><\/div>","protected":false},"excerpt":{"rendered":"<p>Vibra vzglavnik<\/p>","protected":false},"featured_media":5032,"menu_order":0,"comment_status":"open","ping_status":"closed","template":"","meta":[],"product_brand":[],"product_cat":[96,82,95,97,125,80,100,99],"product_tag":[],"class_list":{"0":"post-981","1":"product","2":"type-product","3":"status-publish","4":"has-post-thumbnail","6":"product_cat-masaza","7":"product_cat-mehke-igrace","8":"product_cat-propriocepcija","9":"product_cat-razlicnost-stiska","10":"product_cat-snoezelen","11":"product_cat-taktilni-pripomocki","12":"product_cat-udobje","13":"product_cat-vibracije","15":"first","16":"instock","17":"taxable","18":"shipping-taxable","19":"purchasable","20":"product-type-simple"},"jetpack_sharing_enabled":true,"_links":{"self":[{"href":"https:\/\/senzorika-varga.si\/en\/wp-json\/wp\/v2\/product\/981","targetHints":{"allow":["GET"]}}],"collection":[{"href":"https:\/\/senzorika-varga.si\/en\/wp-json\/wp\/v2\/product"}],"about":[{"href":"https:\/\/senzorika-varga.si\/en\/wp-json\/wp\/v2\/types\/product"}],"replies":[{"embeddable":true,"href":"https:\/\/senzorika-varga.si\/en\/wp-json\/wp\/v2\/comments?post=981"}],"version-history":[{"count":1,"href":"https:\/\/senzorika-varga.si\/en\/wp-json\/wp\/v2\/product\/981\/revisions"}],"predecessor-version":[{"id":982,"href":"https:\/\/senzorika-varga.si\/en\/wp-json\/wp\/v2\/product\/981\/revisions\/982"}],"wp:featuredmedia":[{"embeddable":true,"href":"https:\/\/senzorika-varga.si\/en\/wp-json\/wp\/v2\/media\/5032"}],"wp:attachment":[{"href":"https:\/\/senzorika-varga.si\/en\/wp-json\/wp\/v2\/media?parent=981"}],"wp:term":[{"taxonomy":"product_brand","embeddable":true,"href":"https:\/\/senzorika-varga.si\/en\/wp-json\/wp\/v2\/product_brand?post=981"},{"taxonomy":"product_cat","embeddable":true,"href":"https:\/\/senzorika-varga.si\/en\/wp-json\/wp\/v2\/product_cat?post=981"},{"taxonomy":"product_tag","embeddable":true,"href":"https:\/\/senzorika-varga.si\/en\/wp-json\/wp\/v2\/product_tag?post=981"}],"curies":[{"name":"wp","href":"https:\/\/api.w.org\/{rel}","templated":true}]}}