{"id":977,"date":"2025-11-03T21:50:46","date_gmt":"2025-11-03T21:50:46","guid":{"rendered":"https:\/\/senzorika.ajvonidol.si\/?post_type=product&#038;p=977"},"modified":"2026-01-05T12:43:01","modified_gmt":"2026-01-05T12:43:01","slug":"pocivalnik","status":"publish","type":"product","link":"https:\/\/senzorika-varga.si\/en\/product\/pocivalnik\/","title":{"rendered":"Po\u010divalnik"},"content":{"rendered":"<div><!--block-->Priljubljen po\u010divalnik, pokon\u010dno razporeja&nbsp; te\u017eko enakomerno. \u010cudovito z Masa\u017eno blazino (9RMPF) ni vklju\u010deno v ceno.<\/div>","protected":false},"excerpt":{"rendered":"<p>Po\u010divalnik<\/p>","protected":false},"featured_media":7884,"menu_order":0,"comment_status":"open","ping_status":"closed","template":"","meta":[],"product_brand":[],"product_cat":[96,130,98,95,125,100,99],"product_tag":[],"class_list":{"0":"post-977","1":"product","2":"type-product","3":"status-publish","4":"has-post-thumbnail","6":"product_cat-masaza","7":"product_cat-mehki-predmeti","8":"product_cat-obcutek-telesa","9":"product_cat-propriocepcija","10":"product_cat-snoezelen","11":"product_cat-udobje","12":"product_cat-vibracije","14":"first","15":"instock","16":"taxable","17":"shipping-taxable","18":"purchasable","19":"product-type-simple"},"jetpack_sharing_enabled":true,"_links":{"self":[{"href":"https:\/\/senzorika-varga.si\/en\/wp-json\/wp\/v2\/product\/977","targetHints":{"allow":["GET"]}}],"collection":[{"href":"https:\/\/senzorika-varga.si\/en\/wp-json\/wp\/v2\/product"}],"about":[{"href":"https:\/\/senzorika-varga.si\/en\/wp-json\/wp\/v2\/types\/product"}],"replies":[{"embeddable":true,"href":"https:\/\/senzorika-varga.si\/en\/wp-json\/wp\/v2\/comments?post=977"}],"version-history":[{"count":1,"href":"https:\/\/senzorika-varga.si\/en\/wp-json\/wp\/v2\/product\/977\/revisions"}],"predecessor-version":[{"id":978,"href":"https:\/\/senzorika-varga.si\/en\/wp-json\/wp\/v2\/product\/977\/revisions\/978"}],"wp:featuredmedia":[{"embeddable":true,"href":"https:\/\/senzorika-varga.si\/en\/wp-json\/wp\/v2\/media\/7884"}],"wp:attachment":[{"href":"https:\/\/senzorika-varga.si\/en\/wp-json\/wp\/v2\/media?parent=977"}],"wp:term":[{"taxonomy":"product_brand","embeddable":true,"href":"https:\/\/senzorika-varga.si\/en\/wp-json\/wp\/v2\/product_brand?post=977"},{"taxonomy":"product_cat","embeddable":true,"href":"https:\/\/senzorika-varga.si\/en\/wp-json\/wp\/v2\/product_cat?post=977"},{"taxonomy":"product_tag","embeddable":true,"href":"https:\/\/senzorika-varga.si\/en\/wp-json\/wp\/v2\/product_tag?post=977"}],"curies":[{"name":"wp","href":"https:\/\/api.w.org\/{rel}","templated":true}]}}