{"id":973,"date":"2025-11-03T21:50:46","date_gmt":"2025-11-03T21:50:46","guid":{"rendered":"https:\/\/senzorika.ajvonidol.si\/?post_type=product&#038;p=973"},"modified":"2026-02-25T12:28:17","modified_gmt":"2026-02-25T12:28:17","slug":"frammock","status":"publish","type":"product","link":"https:\/\/senzorika-varga.si\/en\/product\/frammock\/","title":{"rendered":"Frammock"},"content":{"rendered":"<p>To je vise\u010da mre\u017ea v okvirju. Udobna kot vise\u010da mre\u017ea, vendar je veliko la\u017eje priti na njo in z nje. SWoft stranice in mehka vrv omogo\u010da prijeten prostor. Dobite pustolovski ob\u010dutek, kot da letite. Okvir ni vklju\u010den v ceno! Okvir se prodaja lo\u010deno (enojni \u2013 8TSFS ali dvojni okvir \u2013 8TSFD).<\/p>","protected":false},"excerpt":{"rendered":"<p>Frammock<\/p>","protected":false},"featured_media":7571,"menu_order":0,"comment_status":"open","ping_status":"closed","template":"","meta":[],"product_brand":[],"product_cat":[76,78,125,75],"product_tag":[],"class_list":{"0":"post-973","1":"product","2":"type-product","3":"status-publish","4":"has-post-thumbnail","6":"product_cat-gugalnice","7":"product_cat-senzorna-integracija","8":"product_cat-snoezelen","9":"product_cat-vestibularni-pripomocki","11":"first","12":"instock","13":"taxable","14":"shipping-taxable","15":"purchasable","16":"product-type-simple"},"jetpack_sharing_enabled":true,"_links":{"self":[{"href":"https:\/\/senzorika-varga.si\/en\/wp-json\/wp\/v2\/product\/973","targetHints":{"allow":["GET"]}}],"collection":[{"href":"https:\/\/senzorika-varga.si\/en\/wp-json\/wp\/v2\/product"}],"about":[{"href":"https:\/\/senzorika-varga.si\/en\/wp-json\/wp\/v2\/types\/product"}],"replies":[{"embeddable":true,"href":"https:\/\/senzorika-varga.si\/en\/wp-json\/wp\/v2\/comments?post=973"}],"version-history":[{"count":2,"href":"https:\/\/senzorika-varga.si\/en\/wp-json\/wp\/v2\/product\/973\/revisions"}],"predecessor-version":[{"id":13541,"href":"https:\/\/senzorika-varga.si\/en\/wp-json\/wp\/v2\/product\/973\/revisions\/13541"}],"wp:featuredmedia":[{"embeddable":true,"href":"https:\/\/senzorika-varga.si\/en\/wp-json\/wp\/v2\/media\/7571"}],"wp:attachment":[{"href":"https:\/\/senzorika-varga.si\/en\/wp-json\/wp\/v2\/media?parent=973"}],"wp:term":[{"taxonomy":"product_brand","embeddable":true,"href":"https:\/\/senzorika-varga.si\/en\/wp-json\/wp\/v2\/product_brand?post=973"},{"taxonomy":"product_cat","embeddable":true,"href":"https:\/\/senzorika-varga.si\/en\/wp-json\/wp\/v2\/product_cat?post=973"},{"taxonomy":"product_tag","embeddable":true,"href":"https:\/\/senzorika-varga.si\/en\/wp-json\/wp\/v2\/product_tag?post=973"}],"curies":[{"name":"wp","href":"https:\/\/api.w.org\/{rel}","templated":true}]}}