{"id":943,"date":"2025-11-03T21:50:44","date_gmt":"2025-11-03T21:50:44","guid":{"rendered":"https:\/\/senzorika.ajvonidol.si\/?post_type=product&#038;p=943"},"modified":"2025-12-31T08:33:54","modified_gmt":"2025-12-31T08:33:54","slug":"masazna-blazina","status":"publish","type":"product","link":"https:\/\/senzorika-varga.si\/en\/product\/masazna-blazina\/","title":{"rendered":"Masa\u017ena blazina"},"content":{"rendered":"<div><!--block-->Blazina s petimi 12v motorji. Z ro\u010dnim regulatorjem izbirate med razli\u010dnimi kombinacijami hitrosti vibriranja. Prosimo, upo\u0161tevajte, da je bila ta podloga testirana samo za uporabo z na\u0161o prevleko za masa\u017eno blazino &#8211; 9MMVC (ni prilo\u017eena).&nbsp;<\/p>\n<p>Polnilnik je vklju\u010den.<\/p><\/div>","protected":false},"excerpt":{"rendered":"<p>Masa\u017ena blazina<\/p>","protected":false},"featured_media":9141,"menu_order":0,"comment_status":"open","ping_status":"closed","template":"","meta":[],"product_brand":[],"product_cat":[95,125,99],"product_tag":[],"class_list":{"0":"post-943","1":"product","2":"type-product","3":"status-publish","4":"has-post-thumbnail","6":"product_cat-propriocepcija","7":"product_cat-snoezelen","8":"product_cat-vibracije","10":"first","11":"instock","12":"taxable","13":"shipping-taxable","14":"purchasable","15":"product-type-simple"},"jetpack_sharing_enabled":true,"_links":{"self":[{"href":"https:\/\/senzorika-varga.si\/en\/wp-json\/wp\/v2\/product\/943","targetHints":{"allow":["GET"]}}],"collection":[{"href":"https:\/\/senzorika-varga.si\/en\/wp-json\/wp\/v2\/product"}],"about":[{"href":"https:\/\/senzorika-varga.si\/en\/wp-json\/wp\/v2\/types\/product"}],"replies":[{"embeddable":true,"href":"https:\/\/senzorika-varga.si\/en\/wp-json\/wp\/v2\/comments?post=943"}],"version-history":[{"count":1,"href":"https:\/\/senzorika-varga.si\/en\/wp-json\/wp\/v2\/product\/943\/revisions"}],"predecessor-version":[{"id":944,"href":"https:\/\/senzorika-varga.si\/en\/wp-json\/wp\/v2\/product\/943\/revisions\/944"}],"wp:featuredmedia":[{"embeddable":true,"href":"https:\/\/senzorika-varga.si\/en\/wp-json\/wp\/v2\/media\/9141"}],"wp:attachment":[{"href":"https:\/\/senzorika-varga.si\/en\/wp-json\/wp\/v2\/media?parent=943"}],"wp:term":[{"taxonomy":"product_brand","embeddable":true,"href":"https:\/\/senzorika-varga.si\/en\/wp-json\/wp\/v2\/product_brand?post=943"},{"taxonomy":"product_cat","embeddable":true,"href":"https:\/\/senzorika-varga.si\/en\/wp-json\/wp\/v2\/product_cat?post=943"},{"taxonomy":"product_tag","embeddable":true,"href":"https:\/\/senzorika-varga.si\/en\/wp-json\/wp\/v2\/product_tag?post=943"}],"curies":[{"name":"wp","href":"https:\/\/api.w.org\/{rel}","templated":true}]}}