{"id":941,"date":"2025-11-03T21:50:42","date_gmt":"2025-11-03T21:50:42","guid":{"rendered":"https:\/\/senzorika.ajvonidol.si\/?post_type=product&#038;p=941"},"modified":"2025-12-31T08:36:46","modified_gmt":"2025-12-31T08:36:46","slug":"osvetljen-bazen-z-zogami","status":"publish","type":"product","link":"https:\/\/senzorika-varga.si\/en\/product\/osvetljen-bazen-z-zogami\/","title":{"rendered":"Osvetljen bazen z \u017eogami"},"content":{"rendered":"<p>Osnovni del tega bazena bodo osvetlile \u017eogice. Izjemno dobro pa\u0161e z izbiro velike barvne blazine. Cena je razli\u010dna in odvisna od velikosti in kompleksnosti oblike.<\/p>","protected":false},"excerpt":{"rendered":"<p>Osvetljen bazen z \u017eogami<\/p>","protected":false},"featured_media":8504,"menu_order":0,"comment_status":"open","ping_status":"closed","template":"","meta":[],"product_brand":[],"product_cat":[130,125],"product_tag":[],"class_list":{"0":"post-941","1":"product","2":"type-product","3":"status-publish","4":"has-post-thumbnail","6":"product_cat-mehki-predmeti","7":"product_cat-snoezelen","9":"first","10":"instock","11":"taxable","12":"shipping-taxable","13":"purchasable","14":"product-type-simple"},"jetpack_sharing_enabled":true,"_links":{"self":[{"href":"https:\/\/senzorika-varga.si\/en\/wp-json\/wp\/v2\/product\/941","targetHints":{"allow":["GET"]}}],"collection":[{"href":"https:\/\/senzorika-varga.si\/en\/wp-json\/wp\/v2\/product"}],"about":[{"href":"https:\/\/senzorika-varga.si\/en\/wp-json\/wp\/v2\/types\/product"}],"replies":[{"embeddable":true,"href":"https:\/\/senzorika-varga.si\/en\/wp-json\/wp\/v2\/comments?post=941"}],"version-history":[{"count":1,"href":"https:\/\/senzorika-varga.si\/en\/wp-json\/wp\/v2\/product\/941\/revisions"}],"predecessor-version":[{"id":942,"href":"https:\/\/senzorika-varga.si\/en\/wp-json\/wp\/v2\/product\/941\/revisions\/942"}],"wp:featuredmedia":[{"embeddable":true,"href":"https:\/\/senzorika-varga.si\/en\/wp-json\/wp\/v2\/media\/8504"}],"wp:attachment":[{"href":"https:\/\/senzorika-varga.si\/en\/wp-json\/wp\/v2\/media?parent=941"}],"wp:term":[{"taxonomy":"product_brand","embeddable":true,"href":"https:\/\/senzorika-varga.si\/en\/wp-json\/wp\/v2\/product_brand?post=941"},{"taxonomy":"product_cat","embeddable":true,"href":"https:\/\/senzorika-varga.si\/en\/wp-json\/wp\/v2\/product_cat?post=941"},{"taxonomy":"product_tag","embeddable":true,"href":"https:\/\/senzorika-varga.si\/en\/wp-json\/wp\/v2\/product_tag?post=941"}],"curies":[{"name":"wp","href":"https:\/\/api.w.org\/{rel}","templated":true}]}}