{"id":939,"date":"2025-11-03T21:50:42","date_gmt":"2025-11-03T21:50:42","guid":{"rendered":"https:\/\/senzorika.ajvonidol.si\/?post_type=product&#038;p=939"},"modified":"2025-12-31T08:33:19","modified_gmt":"2025-12-31T08:33:19","slug":"pisana-zogica","status":"publish","type":"product","link":"https:\/\/senzorika-varga.si\/en\/product\/pisana-zogica\/","title":{"rendered":"Pisana \u017eogica"},"content":{"rendered":"<p>Ve\u010dja \u017eogica, ki se ob poskakovanju ble\u0161\u010di.<\/p>","protected":false},"excerpt":{"rendered":"<p>Pisana \u017eogica<\/p>","protected":false},"featured_media":5105,"menu_order":0,"comment_status":"open","ping_status":"closed","template":"","meta":[],"product_brand":[],"product_cat":[71,106,70,101,95,97,104,105,100],"product_tag":[],"class_list":{"0":"post-939","1":"product","2":"type-product","3":"status-publish","4":"has-post-thumbnail","6":"product_cat-barve","7":"product_cat-gibanje","8":"product_cat-gledanje","9":"product_cat-motorika","10":"product_cat-propriocepcija","11":"product_cat-razlicnost-stiska","12":"product_cat-seganje","13":"product_cat-terapija","14":"product_cat-udobje","16":"first","17":"instock","18":"taxable","19":"shipping-taxable","20":"purchasable","21":"product-type-simple"},"jetpack_sharing_enabled":true,"_links":{"self":[{"href":"https:\/\/senzorika-varga.si\/en\/wp-json\/wp\/v2\/product\/939","targetHints":{"allow":["GET"]}}],"collection":[{"href":"https:\/\/senzorika-varga.si\/en\/wp-json\/wp\/v2\/product"}],"about":[{"href":"https:\/\/senzorika-varga.si\/en\/wp-json\/wp\/v2\/types\/product"}],"replies":[{"embeddable":true,"href":"https:\/\/senzorika-varga.si\/en\/wp-json\/wp\/v2\/comments?post=939"}],"version-history":[{"count":2,"href":"https:\/\/senzorika-varga.si\/en\/wp-json\/wp\/v2\/product\/939\/revisions"}],"predecessor-version":[{"id":9705,"href":"https:\/\/senzorika-varga.si\/en\/wp-json\/wp\/v2\/product\/939\/revisions\/9705"}],"wp:featuredmedia":[{"embeddable":true,"href":"https:\/\/senzorika-varga.si\/en\/wp-json\/wp\/v2\/media\/5105"}],"wp:attachment":[{"href":"https:\/\/senzorika-varga.si\/en\/wp-json\/wp\/v2\/media?parent=939"}],"wp:term":[{"taxonomy":"product_brand","embeddable":true,"href":"https:\/\/senzorika-varga.si\/en\/wp-json\/wp\/v2\/product_brand?post=939"},{"taxonomy":"product_cat","embeddable":true,"href":"https:\/\/senzorika-varga.si\/en\/wp-json\/wp\/v2\/product_cat?post=939"},{"taxonomy":"product_tag","embeddable":true,"href":"https:\/\/senzorika-varga.si\/en\/wp-json\/wp\/v2\/product_tag?post=939"}],"curies":[{"name":"wp","href":"https:\/\/api.w.org\/{rel}","templated":true}]}}