{"id":8403,"date":"2025-11-11T22:59:12","date_gmt":"2025-11-11T22:59:12","guid":{"rendered":"https:\/\/senzorika.ajvonidol.si\/?post_type=product&#038;p=8403"},"modified":"2026-01-11T21:40:16","modified_gmt":"2026-01-11T21:40:16","slug":"12m-vodni-stolp","status":"publish","type":"product","link":"https:\/\/senzorika-varga.si\/en\/product\/12m-vodni-stolp\/","title":{"rendered":"1,2m Vodni stolp"},"content":{"rendered":"<div><!--block-->Odli\u010den vodni stolp z svetlimi barvami, ki se jih lahko upravlja.: \u010drpalka je tiha in mo\u010dna.&nbsp; Mo\u017eno je upravljati s stikalom (9CTBT) in se prilagaja lahko tudi s koli\u010dino zraka v njej, da ustreza razpolo\u017eenju (ne\u017een tok je bolj spro\u0161\u010dujo\u010d, bolj razigran tok je stimulativen). Vodni stolp je mo\u010dan, varno pritrjen in ne more priti do uhajanja. Na\u0161i Vodni stolpi so proizvedeni v Veliki Britaniji, da izpolnjujejo visoko kvaliteto. Na\u0161e \u010drpalke delujejo lepo z raznimi vlo\u017eki.&nbsp;<br \/>Ne vsebuje Kontrolnih gumbov (9CTBT) ter Brez\u017ei\u010dnega sprejemnika (9RGRX).<\/div>","protected":false},"excerpt":{"rendered":"<p>1,2m Vodni stolp<\/p>","protected":false},"featured_media":8404,"menu_order":0,"comment_status":"open","ping_status":"closed","template":"","meta":[],"product_brand":[],"product_cat":[71,70,125,68,128],"product_tag":[],"class_list":{"0":"post-8403","1":"product","2":"type-product","3":"status-publish","4":"has-post-thumbnail","6":"product_cat-barve","7":"product_cat-gledanje","8":"product_cat-snoezelen","9":"product_cat-vizualni-pripomocki","10":"product_cat-vodni-stolpi","12":"first","13":"instock","14":"taxable","15":"shipping-taxable","16":"purchasable","17":"product-type-simple"},"jetpack_sharing_enabled":true,"_links":{"self":[{"href":"https:\/\/senzorika-varga.si\/en\/wp-json\/wp\/v2\/product\/8403","targetHints":{"allow":["GET"]}}],"collection":[{"href":"https:\/\/senzorika-varga.si\/en\/wp-json\/wp\/v2\/product"}],"about":[{"href":"https:\/\/senzorika-varga.si\/en\/wp-json\/wp\/v2\/types\/product"}],"replies":[{"embeddable":true,"href":"https:\/\/senzorika-varga.si\/en\/wp-json\/wp\/v2\/comments?post=8403"}],"version-history":[{"count":1,"href":"https:\/\/senzorika-varga.si\/en\/wp-json\/wp\/v2\/product\/8403\/revisions"}],"predecessor-version":[{"id":8414,"href":"https:\/\/senzorika-varga.si\/en\/wp-json\/wp\/v2\/product\/8403\/revisions\/8414"}],"wp:featuredmedia":[{"embeddable":true,"href":"https:\/\/senzorika-varga.si\/en\/wp-json\/wp\/v2\/media\/8404"}],"wp:attachment":[{"href":"https:\/\/senzorika-varga.si\/en\/wp-json\/wp\/v2\/media?parent=8403"}],"wp:term":[{"taxonomy":"product_brand","embeddable":true,"href":"https:\/\/senzorika-varga.si\/en\/wp-json\/wp\/v2\/product_brand?post=8403"},{"taxonomy":"product_cat","embeddable":true,"href":"https:\/\/senzorika-varga.si\/en\/wp-json\/wp\/v2\/product_cat?post=8403"},{"taxonomy":"product_tag","embeddable":true,"href":"https:\/\/senzorika-varga.si\/en\/wp-json\/wp\/v2\/product_tag?post=8403"}],"curies":[{"name":"wp","href":"https:\/\/api.w.org\/{rel}","templated":true}]}}