{"id":8333,"date":"2025-11-11T22:58:40","date_gmt":"2025-11-11T22:58:40","guid":{"rendered":"https:\/\/senzorika.ajvonidol.si\/?post_type=product&#038;p=8333"},"modified":"2026-01-11T21:43:00","modified_gmt":"2026-01-11T21:43:00","slug":"400-opticnih-vlaken","status":"publish","type":"product","link":"https:\/\/senzorika-varga.si\/en\/product\/400-opticnih-vlaken\/","title":{"rendered":"400 opti\u010dnih vlaken"},"content":{"rendered":"<div><!--block-->Dose\u017eite maksimalno z veliko vlakni, 400 vlaken dol\u017ein do 4m! Vklju\u010duje vir svetlobe.<\/div>","protected":false},"excerpt":{"rendered":"<p>400 opti\u010dnih vlaken<\/p>","protected":false},"featured_media":8334,"menu_order":0,"comment_status":"open","ping_status":"closed","template":"","meta":[],"product_brand":[],"product_cat":[127,125],"product_tag":[],"class_list":{"0":"post-8333","1":"product","2":"type-product","3":"status-publish","4":"has-post-thumbnail","6":"product_cat-opticna-vlakna","7":"product_cat-snoezelen","9":"first","10":"instock","11":"taxable","12":"shipping-taxable","13":"purchasable","14":"product-type-simple"},"jetpack_sharing_enabled":true,"_links":{"self":[{"href":"https:\/\/senzorika-varga.si\/en\/wp-json\/wp\/v2\/product\/8333","targetHints":{"allow":["GET"]}}],"collection":[{"href":"https:\/\/senzorika-varga.si\/en\/wp-json\/wp\/v2\/product"}],"about":[{"href":"https:\/\/senzorika-varga.si\/en\/wp-json\/wp\/v2\/types\/product"}],"replies":[{"embeddable":true,"href":"https:\/\/senzorika-varga.si\/en\/wp-json\/wp\/v2\/comments?post=8333"}],"version-history":[{"count":1,"href":"https:\/\/senzorika-varga.si\/en\/wp-json\/wp\/v2\/product\/8333\/revisions"}],"predecessor-version":[{"id":8335,"href":"https:\/\/senzorika-varga.si\/en\/wp-json\/wp\/v2\/product\/8333\/revisions\/8335"}],"wp:featuredmedia":[{"embeddable":true,"href":"https:\/\/senzorika-varga.si\/en\/wp-json\/wp\/v2\/media\/8334"}],"wp:attachment":[{"href":"https:\/\/senzorika-varga.si\/en\/wp-json\/wp\/v2\/media?parent=8333"}],"wp:term":[{"taxonomy":"product_brand","embeddable":true,"href":"https:\/\/senzorika-varga.si\/en\/wp-json\/wp\/v2\/product_brand?post=8333"},{"taxonomy":"product_cat","embeddable":true,"href":"https:\/\/senzorika-varga.si\/en\/wp-json\/wp\/v2\/product_cat?post=8333"},{"taxonomy":"product_tag","embeddable":true,"href":"https:\/\/senzorika-varga.si\/en\/wp-json\/wp\/v2\/product_tag?post=8333"}],"curies":[{"name":"wp","href":"https:\/\/api.w.org\/{rel}","templated":true}]}}