{"id":7583,"date":"2025-11-11T22:49:47","date_gmt":"2025-11-11T22:49:47","guid":{"rendered":"https:\/\/senzorika.ajvonidol.si\/?post_type=product&#038;p=7583"},"modified":"2026-02-28T07:36:09","modified_gmt":"2026-02-28T07:36:09","slug":"lahka-plosca-za-guganje","status":"publish","type":"product","link":"https:\/\/senzorika-varga.si\/en\/product\/lahka-plosca-za-guganje\/","title":{"rendered":"Lahka plo\u0161\u010da za guganje"},"content":{"rendered":"<p><!--StartFragment --><\/p>\n<p>Lahka gugalnica je odli\u010dna za senzori\u010dno integracijo in prijeten vestibularni vnos. Je udobna, z mehko penasto obrobo in ne\u017eno mre\u017eo, ki omogo\u010da varno in prijetno sedenje. Zaradi odprte zasnove uporabnik dobro vidi okolico, zato je priljubljena tako v parkih kot na doma\u010dem vrtu.\u00a0Ima \u0161tiri nastavljive vrvi, ki omogo\u010dajo enostavno prilagoditev vi\u0161ine. Primerna je za celoletno uporabo na prostem. Okvir ni vklju\u010den!<\/p>\n<p><!--EndFragment --><\/p>\n<p><!--EndFragment --><\/p>","protected":false},"excerpt":{"rendered":"<p>Lahka plo\u0161\u010da za guganje<\/p>","protected":false},"featured_media":7584,"menu_order":0,"comment_status":"open","ping_status":"closed","template":"","meta":[],"product_brand":[],"product_cat":[76,78,75],"product_tag":[],"class_list":{"0":"post-7583","1":"product","2":"type-product","3":"status-publish","4":"has-post-thumbnail","6":"product_cat-gugalnice","7":"product_cat-senzorna-integracija","8":"product_cat-vestibularni-pripomocki","10":"first","11":"instock","12":"taxable","13":"shipping-taxable","14":"purchasable","15":"product-type-simple"},"jetpack_sharing_enabled":true,"_links":{"self":[{"href":"https:\/\/senzorika-varga.si\/en\/wp-json\/wp\/v2\/product\/7583","targetHints":{"allow":["GET"]}}],"collection":[{"href":"https:\/\/senzorika-varga.si\/en\/wp-json\/wp\/v2\/product"}],"about":[{"href":"https:\/\/senzorika-varga.si\/en\/wp-json\/wp\/v2\/types\/product"}],"replies":[{"embeddable":true,"href":"https:\/\/senzorika-varga.si\/en\/wp-json\/wp\/v2\/comments?post=7583"}],"version-history":[{"count":3,"href":"https:\/\/senzorika-varga.si\/en\/wp-json\/wp\/v2\/product\/7583\/revisions"}],"predecessor-version":[{"id":13560,"href":"https:\/\/senzorika-varga.si\/en\/wp-json\/wp\/v2\/product\/7583\/revisions\/13560"}],"wp:featuredmedia":[{"embeddable":true,"href":"https:\/\/senzorika-varga.si\/en\/wp-json\/wp\/v2\/media\/7584"}],"wp:attachment":[{"href":"https:\/\/senzorika-varga.si\/en\/wp-json\/wp\/v2\/media?parent=7583"}],"wp:term":[{"taxonomy":"product_brand","embeddable":true,"href":"https:\/\/senzorika-varga.si\/en\/wp-json\/wp\/v2\/product_brand?post=7583"},{"taxonomy":"product_cat","embeddable":true,"href":"https:\/\/senzorika-varga.si\/en\/wp-json\/wp\/v2\/product_cat?post=7583"},{"taxonomy":"product_tag","embeddable":true,"href":"https:\/\/senzorika-varga.si\/en\/wp-json\/wp\/v2\/product_tag?post=7583"}],"curies":[{"name":"wp","href":"https:\/\/api.w.org\/{rel}","templated":true}]}}