{"id":7451,"date":"2025-11-11T22:48:51","date_gmt":"2025-11-11T22:48:51","guid":{"rendered":"https:\/\/senzorika.ajvonidol.si\/?post_type=product&#038;p=7451"},"modified":"2025-12-31T08:33:38","modified_gmt":"2025-12-31T08:33:38","slug":"air-cushion-small","status":"publish","type":"product","link":"https:\/\/senzorika-varga.si\/en\/product\/air-cushion-small\/","title":{"rendered":"Velika zra\u010dna blazina"},"content":{"rendered":"<div><!--block-->Napihljiva vestibularna plo\u0161\u010da posnema va\u0161e gibanje, deluje kot napihljiva \u017eoga. Uporaba: na tleh za vaje za ravnote\u017eje, propriocepcijo in krepitev mi\u0161i\u010d spodnjih okon\u010din. Vsaka stran ima 2 razli\u010dni ploskvi (gladka in nagubana). Napihne se s standardno tla\u010dilko (ni vklju\u010dena). Max.110 kg. Izbirate med temi barvami: \u010drna, modra, zelena, rde\u010da in rumena.<\/div>","protected":false},"excerpt":{"rendered":"<p>Velika zra\u010dna blazina<\/p>","protected":false},"featured_media":7452,"menu_order":0,"comment_status":"open","ping_status":"closed","template":"","meta":[],"product_brand":[],"product_cat":[101,67,80,84,105],"product_tag":[],"class_list":{"0":"post-7451","1":"product","2":"type-product","3":"status-publish","4":"has-post-thumbnail","6":"product_cat-motorika","7":"product_cat-ravnotezje","8":"product_cat-taktilni-pripomocki","9":"product_cat-taktilno-razlikovanje","10":"product_cat-terapija","12":"first","13":"instock","14":"taxable","15":"shipping-taxable","16":"purchasable","17":"product-type-simple"},"jetpack_sharing_enabled":true,"_links":{"self":[{"href":"https:\/\/senzorika-varga.si\/en\/wp-json\/wp\/v2\/product\/7451","targetHints":{"allow":["GET"]}}],"collection":[{"href":"https:\/\/senzorika-varga.si\/en\/wp-json\/wp\/v2\/product"}],"about":[{"href":"https:\/\/senzorika-varga.si\/en\/wp-json\/wp\/v2\/types\/product"}],"replies":[{"embeddable":true,"href":"https:\/\/senzorika-varga.si\/en\/wp-json\/wp\/v2\/comments?post=7451"}],"version-history":[{"count":1,"href":"https:\/\/senzorika-varga.si\/en\/wp-json\/wp\/v2\/product\/7451\/revisions"}],"predecessor-version":[{"id":7454,"href":"https:\/\/senzorika-varga.si\/en\/wp-json\/wp\/v2\/product\/7451\/revisions\/7454"}],"wp:featuredmedia":[{"embeddable":true,"href":"https:\/\/senzorika-varga.si\/en\/wp-json\/wp\/v2\/media\/7452"}],"wp:attachment":[{"href":"https:\/\/senzorika-varga.si\/en\/wp-json\/wp\/v2\/media?parent=7451"}],"wp:term":[{"taxonomy":"product_brand","embeddable":true,"href":"https:\/\/senzorika-varga.si\/en\/wp-json\/wp\/v2\/product_brand?post=7451"},{"taxonomy":"product_cat","embeddable":true,"href":"https:\/\/senzorika-varga.si\/en\/wp-json\/wp\/v2\/product_cat?post=7451"},{"taxonomy":"product_tag","embeddable":true,"href":"https:\/\/senzorika-varga.si\/en\/wp-json\/wp\/v2\/product_tag?post=7451"}],"curies":[{"name":"wp","href":"https:\/\/api.w.org\/{rel}","templated":true}]}}