{"id":5022,"date":"2025-11-03T22:52:52","date_gmt":"2025-11-03T22:52:52","guid":{"rendered":"https:\/\/senzorika.ajvonidol.si\/?post_type=product&#038;p=5022"},"modified":"2025-12-31T08:35:31","modified_gmt":"2025-12-31T08:35:31","slug":"zvoni-naokoli","status":"publish","type":"product","link":"https:\/\/senzorika-varga.si\/en\/product\/zvoni-naokoli\/","title":{"rendered":"Zvoni naokoli"},"content":{"rendered":"<p>Med tem, ko robot vrti, se nos igra z zvonovi. Spremenite lahko smer igranja; nara\u0161\u010dajo\u010di zvoki ali padajo\u010di zvoki. Vrtenje se lahko ustavi z roko. Lahko priklju\u010dite na zunanje stikalo. Lepo in zelo \u017eivahno.<\/p>","protected":false},"excerpt":{"rendered":"<p>Zvoni naokoli<\/p>","protected":false},"featured_media":5023,"menu_order":0,"comment_status":"open","ping_status":"closed","template":"","meta":[],"product_brand":[],"product_cat":[112,107,111],"product_tag":[],"class_list":{"0":"post-5022","1":"product","2":"type-product","3":"status-publish","4":"has-post-thumbnail","6":"product_cat-odzivnost-in-nagrajevanje","7":"product_cat-spoznavanje","8":"product_cat-stikala","10":"first","11":"instock","12":"taxable","13":"shipping-taxable","14":"purchasable","15":"product-type-simple"},"jetpack_sharing_enabled":true,"_links":{"self":[{"href":"https:\/\/senzorika-varga.si\/en\/wp-json\/wp\/v2\/product\/5022","targetHints":{"allow":["GET"]}}],"collection":[{"href":"https:\/\/senzorika-varga.si\/en\/wp-json\/wp\/v2\/product"}],"about":[{"href":"https:\/\/senzorika-varga.si\/en\/wp-json\/wp\/v2\/types\/product"}],"replies":[{"embeddable":true,"href":"https:\/\/senzorika-varga.si\/en\/wp-json\/wp\/v2\/comments?post=5022"}],"version-history":[{"count":1,"href":"https:\/\/senzorika-varga.si\/en\/wp-json\/wp\/v2\/product\/5022\/revisions"}],"predecessor-version":[{"id":5027,"href":"https:\/\/senzorika-varga.si\/en\/wp-json\/wp\/v2\/product\/5022\/revisions\/5027"}],"wp:featuredmedia":[{"embeddable":true,"href":"https:\/\/senzorika-varga.si\/en\/wp-json\/wp\/v2\/media\/5023"}],"wp:attachment":[{"href":"https:\/\/senzorika-varga.si\/en\/wp-json\/wp\/v2\/media?parent=5022"}],"wp:term":[{"taxonomy":"product_brand","embeddable":true,"href":"https:\/\/senzorika-varga.si\/en\/wp-json\/wp\/v2\/product_brand?post=5022"},{"taxonomy":"product_cat","embeddable":true,"href":"https:\/\/senzorika-varga.si\/en\/wp-json\/wp\/v2\/product_cat?post=5022"},{"taxonomy":"product_tag","embeddable":true,"href":"https:\/\/senzorika-varga.si\/en\/wp-json\/wp\/v2\/product_tag?post=5022"}],"curies":[{"name":"wp","href":"https:\/\/api.w.org\/{rel}","templated":true}]}}