{"id":4917,"date":"2025-11-03T21:59:22","date_gmt":"2025-11-03T21:59:22","guid":{"rendered":"https:\/\/senzorika.ajvonidol.si\/?post_type=product&#038;p=4917"},"modified":"2025-12-31T08:34:15","modified_gmt":"2025-12-31T08:34:15","slug":"otroski-sedez-z-verigami-varnostni-pas-en1176","status":"publish","type":"product","link":"https:\/\/senzorika-varga.si\/en\/product\/otroski-sedez-z-verigami-varnostni-pas-en1176\/","title":{"rendered":"Otro\u0161ki sede\u017e z verigami &#8211; varnostni pas &#8211; EN1176"},"content":{"rendered":"<div><!--block-->Sede\u017e je z verigami, ki so skladne z EN1176, tako da izpolnjujejo ustrezne zahteve za uporabo v nedoma\u010dem okolju. Idealno za uporabo v \u0161olah, bolni\u0161nicah, domovih za ostarele in drugih institucionalnih okoljih.<br \/>Zavodi itd,  ki razmi\u0161ljajo o na\u0161em sede\u017eu s certifikatom EN1176 za javno igri\u0161\u010de, se morajo dodatno posvetovati, saj niso izdelani tako, da bi bili odporni na vandalizem.<\/div>","protected":false},"excerpt":{"rendered":"<p>Otro\u0161ki sede\u017e z verigami &#8211; varnostni pas &#8211; EN1176<\/p>","protected":false},"featured_media":7713,"menu_order":0,"comment_status":"open","ping_status":"closed","template":"","meta":[],"product_brand":[],"product_cat":[76,75],"product_tag":[],"class_list":{"0":"post-4917","1":"product","2":"type-product","3":"status-publish","4":"has-post-thumbnail","6":"product_cat-gugalnice","7":"product_cat-vestibularni-pripomocki","9":"first","10":"instock","11":"taxable","12":"shipping-taxable","13":"purchasable","14":"product-type-simple"},"jetpack_sharing_enabled":true,"_links":{"self":[{"href":"https:\/\/senzorika-varga.si\/en\/wp-json\/wp\/v2\/product\/4917","targetHints":{"allow":["GET"]}}],"collection":[{"href":"https:\/\/senzorika-varga.si\/en\/wp-json\/wp\/v2\/product"}],"about":[{"href":"https:\/\/senzorika-varga.si\/en\/wp-json\/wp\/v2\/types\/product"}],"replies":[{"embeddable":true,"href":"https:\/\/senzorika-varga.si\/en\/wp-json\/wp\/v2\/comments?post=4917"}],"version-history":[{"count":1,"href":"https:\/\/senzorika-varga.si\/en\/wp-json\/wp\/v2\/product\/4917\/revisions"}],"predecessor-version":[{"id":4918,"href":"https:\/\/senzorika-varga.si\/en\/wp-json\/wp\/v2\/product\/4917\/revisions\/4918"}],"wp:featuredmedia":[{"embeddable":true,"href":"https:\/\/senzorika-varga.si\/en\/wp-json\/wp\/v2\/media\/7713"}],"wp:attachment":[{"href":"https:\/\/senzorika-varga.si\/en\/wp-json\/wp\/v2\/media?parent=4917"}],"wp:term":[{"taxonomy":"product_brand","embeddable":true,"href":"https:\/\/senzorika-varga.si\/en\/wp-json\/wp\/v2\/product_brand?post=4917"},{"taxonomy":"product_cat","embeddable":true,"href":"https:\/\/senzorika-varga.si\/en\/wp-json\/wp\/v2\/product_cat?post=4917"},{"taxonomy":"product_tag","embeddable":true,"href":"https:\/\/senzorika-varga.si\/en\/wp-json\/wp\/v2\/product_tag?post=4917"}],"curies":[{"name":"wp","href":"https:\/\/api.w.org\/{rel}","templated":true}]}}