{"id":4885,"date":"2025-11-03T21:59:16","date_gmt":"2025-11-03T21:59:16","guid":{"rendered":"https:\/\/senzorika.ajvonidol.si\/?post_type=product&#038;p=4885"},"modified":"2025-12-31T08:34:41","modified_gmt":"2025-12-31T08:34:41","slug":"poskocni-stol","status":"publish","type":"product","link":"https:\/\/senzorika-varga.si\/en\/product\/poskocni-stol\/","title":{"rendered":"Posko\u010dni stol"},"content":{"rendered":"<div><!--block-->Posko\u010dni stol je morda bolj primeren za ve\u010dje otroke z dalj\u0161imi nogami.<\/div>","protected":false},"excerpt":{"rendered":"<p>Posko\u010dni stol<\/p>","protected":false},"featured_media":0,"menu_order":0,"comment_status":"open","ping_status":"closed","template":"","meta":[],"product_brand":[],"product_cat":[75],"product_tag":[],"class_list":{"0":"post-4885","1":"product","2":"type-product","3":"status-publish","5":"product_cat-vestibularni-pripomocki","7":"first","8":"instock","9":"taxable","10":"shipping-taxable","11":"purchasable","12":"product-type-simple"},"jetpack_sharing_enabled":true,"_links":{"self":[{"href":"https:\/\/senzorika-varga.si\/en\/wp-json\/wp\/v2\/product\/4885","targetHints":{"allow":["GET"]}}],"collection":[{"href":"https:\/\/senzorika-varga.si\/en\/wp-json\/wp\/v2\/product"}],"about":[{"href":"https:\/\/senzorika-varga.si\/en\/wp-json\/wp\/v2\/types\/product"}],"replies":[{"embeddable":true,"href":"https:\/\/senzorika-varga.si\/en\/wp-json\/wp\/v2\/comments?post=4885"}],"version-history":[{"count":1,"href":"https:\/\/senzorika-varga.si\/en\/wp-json\/wp\/v2\/product\/4885\/revisions"}],"predecessor-version":[{"id":4886,"href":"https:\/\/senzorika-varga.si\/en\/wp-json\/wp\/v2\/product\/4885\/revisions\/4886"}],"wp:attachment":[{"href":"https:\/\/senzorika-varga.si\/en\/wp-json\/wp\/v2\/media?parent=4885"}],"wp:term":[{"taxonomy":"product_brand","embeddable":true,"href":"https:\/\/senzorika-varga.si\/en\/wp-json\/wp\/v2\/product_brand?post=4885"},{"taxonomy":"product_cat","embeddable":true,"href":"https:\/\/senzorika-varga.si\/en\/wp-json\/wp\/v2\/product_cat?post=4885"},{"taxonomy":"product_tag","embeddable":true,"href":"https:\/\/senzorika-varga.si\/en\/wp-json\/wp\/v2\/product_tag?post=4885"}],"curies":[{"name":"wp","href":"https:\/\/api.w.org\/{rel}","templated":true}]}}