{"id":4875,"date":"2025-11-03T21:59:16","date_gmt":"2025-11-03T21:59:16","guid":{"rendered":"https:\/\/senzorika.ajvonidol.si\/?post_type=product&#038;p=4875"},"modified":"2025-12-31T08:33:48","modified_gmt":"2025-12-31T08:33:48","slug":"kvadratna-vibrirajoca-talna-podloga","status":"publish","type":"product","link":"https:\/\/senzorika-varga.si\/en\/product\/kvadratna-vibrirajoca-talna-podloga\/","title":{"rendered":"Kvadratna vibrirajo\u010da talna podloga"},"content":{"rendered":"<div><!--block-->Do\u017eivite izbolj\u0161ano sprostitev in senzori\u010dno stimulacijo z na\u0161o vibrirajo\u010do podlogo za tla.<\/div>","protected":false},"excerpt":{"rendered":"<p>Kvadratna vibrirajo\u010da talna podloga<\/p>","protected":false},"featured_media":9470,"menu_order":0,"comment_status":"open","ping_status":"closed","template":"","meta":[],"product_brand":[],"product_cat":[96,95,125],"product_tag":[],"class_list":{"0":"post-4875","1":"product","2":"type-product","3":"status-publish","4":"has-post-thumbnail","6":"product_cat-masaza","7":"product_cat-propriocepcija","8":"product_cat-snoezelen","10":"first","11":"instock","12":"taxable","13":"shipping-taxable","14":"purchasable","15":"product-type-simple"},"jetpack_sharing_enabled":true,"_links":{"self":[{"href":"https:\/\/senzorika-varga.si\/en\/wp-json\/wp\/v2\/product\/4875","targetHints":{"allow":["GET"]}}],"collection":[{"href":"https:\/\/senzorika-varga.si\/en\/wp-json\/wp\/v2\/product"}],"about":[{"href":"https:\/\/senzorika-varga.si\/en\/wp-json\/wp\/v2\/types\/product"}],"replies":[{"embeddable":true,"href":"https:\/\/senzorika-varga.si\/en\/wp-json\/wp\/v2\/comments?post=4875"}],"version-history":[{"count":1,"href":"https:\/\/senzorika-varga.si\/en\/wp-json\/wp\/v2\/product\/4875\/revisions"}],"predecessor-version":[{"id":4876,"href":"https:\/\/senzorika-varga.si\/en\/wp-json\/wp\/v2\/product\/4875\/revisions\/4876"}],"wp:featuredmedia":[{"embeddable":true,"href":"https:\/\/senzorika-varga.si\/en\/wp-json\/wp\/v2\/media\/9470"}],"wp:attachment":[{"href":"https:\/\/senzorika-varga.si\/en\/wp-json\/wp\/v2\/media?parent=4875"}],"wp:term":[{"taxonomy":"product_brand","embeddable":true,"href":"https:\/\/senzorika-varga.si\/en\/wp-json\/wp\/v2\/product_brand?post=4875"},{"taxonomy":"product_cat","embeddable":true,"href":"https:\/\/senzorika-varga.si\/en\/wp-json\/wp\/v2\/product_cat?post=4875"},{"taxonomy":"product_tag","embeddable":true,"href":"https:\/\/senzorika-varga.si\/en\/wp-json\/wp\/v2\/product_tag?post=4875"}],"curies":[{"name":"wp","href":"https:\/\/api.w.org\/{rel}","templated":true}]}}