{"id":4873,"date":"2025-11-03T21:59:16","date_gmt":"2025-11-03T21:59:16","guid":{"rendered":"https:\/\/senzorika.ajvonidol.si\/?post_type=product&#038;p=4873"},"modified":"2025-12-31T08:35:49","modified_gmt":"2025-12-31T08:35:49","slug":"toc-kontrolna-kocka","status":"publish","type":"product","link":"https:\/\/senzorika-varga.si\/en\/product\/toc-kontrolna-kocka\/","title":{"rendered":"TOC kontrolna kocka"},"content":{"rendered":"<div><!--block-->TFH je nadgradil Genialno kocko. Nastali polieder za nadzor barve &nbsp;je matemati\u010dno nepravilen dekaeder, tehni\u010dno okrnjeni oktaeder in prakti\u010dno zelo zabaven.<\/div>","protected":false},"excerpt":{"rendered":"<p>TOC kontrolna kocka<\/p>","protected":false},"featured_media":0,"menu_order":0,"comment_status":"open","ping_status":"closed","template":"","meta":[],"product_brand":[],"product_cat":[132,125],"product_tag":[],"class_list":{"0":"post-4873","1":"product","2":"type-product","3":"status-publish","5":"product_cat-mse-kontrolniki","6":"product_cat-snoezelen","8":"first","9":"instock","10":"taxable","11":"shipping-taxable","12":"purchasable","13":"product-type-simple"},"jetpack_sharing_enabled":true,"_links":{"self":[{"href":"https:\/\/senzorika-varga.si\/en\/wp-json\/wp\/v2\/product\/4873","targetHints":{"allow":["GET"]}}],"collection":[{"href":"https:\/\/senzorika-varga.si\/en\/wp-json\/wp\/v2\/product"}],"about":[{"href":"https:\/\/senzorika-varga.si\/en\/wp-json\/wp\/v2\/types\/product"}],"replies":[{"embeddable":true,"href":"https:\/\/senzorika-varga.si\/en\/wp-json\/wp\/v2\/comments?post=4873"}],"version-history":[{"count":1,"href":"https:\/\/senzorika-varga.si\/en\/wp-json\/wp\/v2\/product\/4873\/revisions"}],"predecessor-version":[{"id":4874,"href":"https:\/\/senzorika-varga.si\/en\/wp-json\/wp\/v2\/product\/4873\/revisions\/4874"}],"wp:attachment":[{"href":"https:\/\/senzorika-varga.si\/en\/wp-json\/wp\/v2\/media?parent=4873"}],"wp:term":[{"taxonomy":"product_brand","embeddable":true,"href":"https:\/\/senzorika-varga.si\/en\/wp-json\/wp\/v2\/product_brand?post=4873"},{"taxonomy":"product_cat","embeddable":true,"href":"https:\/\/senzorika-varga.si\/en\/wp-json\/wp\/v2\/product_cat?post=4873"},{"taxonomy":"product_tag","embeddable":true,"href":"https:\/\/senzorika-varga.si\/en\/wp-json\/wp\/v2\/product_tag?post=4873"}],"curies":[{"name":"wp","href":"https:\/\/api.w.org\/{rel}","templated":true}]}}