{"id":4871,"date":"2025-11-03T21:59:16","date_gmt":"2025-11-03T21:59:16","guid":{"rendered":"https:\/\/senzorika.ajvonidol.si\/?post_type=product&#038;p=4871"},"modified":"2025-12-31T08:35:38","modified_gmt":"2025-12-31T08:35:38","slug":"chromatheme","status":"publish","type":"product","link":"https:\/\/senzorika-varga.si\/en\/product\/chromatheme\/","title":{"rendered":"Chromatheme"},"content":{"rendered":"<div class=\"text-sm font-medium text-gray-900\"><strong><span dir=\"auto\">Opis<\/span><\/strong><\/div>\n<div class=\"prose prose-sm mt-4 text-gray-500\">\n<div>\n<p><span dir=\"auto\">Revolucionarni projekcijski sistem, ki bo za vedno spremenil na\u010din, kako do\u017eivljate senzori\u010dne seanse. Na\u0161 sistem vam ponuja najbolj dinami\u010dne projekcije, ki so na voljo za va\u0161 senzori\u010dni prostor.<\/span><\/p>\n<p><span dir=\"auto\">U\u017eivajte v na\u0161i barvno kodirani knji\u017enici s 100 videoposnetki, ki se ponavljajo in vam na dosegu roke ponujajo bogato paleto primernih in privla\u010dnih vsebin. Te priro\u010dne kromatografske teme, zdru\u017eene v 10 privla\u010dnih tem, ne potrebujejo omre\u017ene povezave. Izbira prek Bluetooth prek na\u0161e aplikacije MSE Genie. Kratki in sladki videoposnetki so v povpre\u010dju dolgi pribli\u017eno 8 sekund, vendar se vsi predvajajo neprekinjeno (dokler ne izberete druge). Znotraj vsake teme je 10 razli\u010dnih videoposnetkov, povezanih z ustrezno barvo.<\/span><\/p>\n<p><span dir=\"auto\">\ud83d\udd34\u00a0<\/span><strong><span dir=\"auto\">Rde\u010da<\/span><\/strong><span dir=\"auto\">\u00a0\u2013 Prevoz<\/span><br \/>\n<span dir=\"auto\">\ud83d\udfe0\u00a0<\/span><strong><span dir=\"auto\">Oran\u017ena<\/span><\/strong><span dir=\"auto\">\u00a0\u2013 Gradbeni\u0161tvo<\/span><br \/>\n<span dir=\"auto\">\ud83d\udfe1\u00a0<\/span><strong><span dir=\"auto\">Rumena<\/span><\/strong><span dir=\"auto\">\u00a0\u2013 Znamenitosti in kultura<\/span><br \/>\n<span dir=\"auto\">\ud83d\udfe2\u00a0<\/span><strong><span dir=\"auto\">Zelena<\/span><\/strong><span dir=\"auto\">\u00a0\u2013 Mirna narava<\/span><br \/>\n<span dir=\"auto\">\ud83d\udd35\u00a0<\/span><strong><span dir=\"auto\">Modra<\/span><\/strong><span dir=\"auto\">\u00a0\u2013 Vreme in \u010dudesa<\/span><br \/>\n<span dir=\"auto\">\ud83d\udfe6\u00a0<\/span><strong><span dir=\"auto\">Voda<\/span><\/strong><span dir=\"auto\">\u00a0\u2013 Podvodno \u017eivljenje<\/span><br \/>\n<span dir=\"auto\">\ud83d\udfe3\u00a0<\/span><strong><span dir=\"auto\">Vijoli\u010dna<\/span><\/strong><span dir=\"auto\">\u00a0\u2013 Listje in \u017eivali<\/span><br \/>\n<span dir=\"auto\">\u26ab\u00a0<\/span><strong><span dir=\"auto\">\u010crna<\/span><\/strong><span dir=\"auto\">\u00a0\u2013 Pomirjujo\u010di toni in oblike<\/span><br \/>\n<span dir=\"auto\">\u26aa\u00a0<\/span><strong><span dir=\"auto\">Bela<\/span><\/strong><span dir=\"auto\">\u00a0\u2013 Abstraktni vzorci<\/span><\/p>\n<p><span dir=\"auto\">\u2705\u00a0<\/span><strong><span dir=\"auto\">100 ponavljajo\u010dih se senzori\u010dnih videoposnetkov<\/span><\/strong><span dir=\"auto\">\u00a0\u2013 U\u017eivajte v bogati knji\u017enici kratkih (povpre\u010dno 8 sekund), neprekinjeno ponavljajo\u010dih se videoposnetkov za neprekinjene vizualne podobe.<\/span><br \/>\n<span dir=\"auto\">\u2705\u00a0<\/span><strong><span dir=\"auto\">10 o\u010darljivih tem<\/span><\/strong><span dir=\"auto\">\u00a0\u2013 Vsaka kromatska tema je organizirana po barvah in razpolo\u017eenju in vklju\u010duje 10 sorodnih videoposnetkov.<\/span><br \/>\n<span dir=\"auto\">\u2705\u00a0<\/span><strong><span dir=\"auto\">Brez povezave in enostavna uporaba<\/span><\/strong><span dir=\"auto\">\u00a0\u2013 Internet ni potreben. Preprosto priklju\u010dite na kateri koli projektor, televizor, monitor ali belo tablo prek vrat HDMI.<\/span><br \/>\n<span dir=\"auto\">\u2705\u00a0<\/span><strong><span dir=\"auto\">Upravljanje Bluetooth prek aplikacije MSE Genie<\/span><\/strong><span dir=\"auto\">\u00a0\u2013 Hitro brez\u017ei\u010dno preklapljajte med temami za brezhibno izku\u0161njo.<\/span><br \/>\n<span dir=\"auto\">\u2705\u00a0<\/span><strong><span dir=\"auto\">Zasnovano za senzori\u010dna okolja<\/span><\/strong><span dir=\"auto\">\u00a0\u2013 Idealno za u\u010dilnice za otroke s posebnimi potrebami, terapevtske sobe, senzori\u010dne koti\u010dke in pomirjujo\u010de prostore.<\/span><\/p>\n<p><strong><span dir=\"auto\">Priklopi in uporabljaj:<\/span><\/strong><span dir=\"auto\">\u00a0Priklopi se neposredno na projektorje, monitorje, televizorje ali bele table prek povezave HDMI \u2013 brez te\u017eav z nastavitvijo ali potrebe po internetni povezavi.<\/span><\/p>\n<p><span style=\"text-decoration: underline;\"><a href=\"https:\/\/online.flippingbook.com\/view\/194620318\/\"><span dir=\"auto\">Navodila za Chromatheme<\/span><\/a><\/span><\/p>\n<\/div>\n<\/div>","protected":false},"excerpt":{"rendered":"<p>Chromatheme<\/p>","protected":false},"featured_media":9741,"menu_order":0,"comment_status":"open","ping_status":"closed","template":"","meta":[],"product_brand":[],"product_cat":[70,132,129,125,68],"product_tag":[],"class_list":{"0":"post-4871","1":"product","2":"type-product","3":"status-publish","4":"has-post-thumbnail","6":"product_cat-gledanje","7":"product_cat-mse-kontrolniki","8":"product_cat-projektorji","9":"product_cat-snoezelen","10":"product_cat-vizualni-pripomocki","12":"first","13":"instock","14":"taxable","15":"shipping-taxable","16":"purchasable","17":"product-type-simple"},"jetpack_sharing_enabled":true,"_links":{"self":[{"href":"https:\/\/senzorika-varga.si\/en\/wp-json\/wp\/v2\/product\/4871","targetHints":{"allow":["GET"]}}],"collection":[{"href":"https:\/\/senzorika-varga.si\/en\/wp-json\/wp\/v2\/product"}],"about":[{"href":"https:\/\/senzorika-varga.si\/en\/wp-json\/wp\/v2\/types\/product"}],"replies":[{"embeddable":true,"href":"https:\/\/senzorika-varga.si\/en\/wp-json\/wp\/v2\/comments?post=4871"}],"version-history":[{"count":4,"href":"https:\/\/senzorika-varga.si\/en\/wp-json\/wp\/v2\/product\/4871\/revisions"}],"predecessor-version":[{"id":9728,"href":"https:\/\/senzorika-varga.si\/en\/wp-json\/wp\/v2\/product\/4871\/revisions\/9728"}],"wp:featuredmedia":[{"embeddable":true,"href":"https:\/\/senzorika-varga.si\/en\/wp-json\/wp\/v2\/media\/9741"}],"wp:attachment":[{"href":"https:\/\/senzorika-varga.si\/en\/wp-json\/wp\/v2\/media?parent=4871"}],"wp:term":[{"taxonomy":"product_brand","embeddable":true,"href":"https:\/\/senzorika-varga.si\/en\/wp-json\/wp\/v2\/product_brand?post=4871"},{"taxonomy":"product_cat","embeddable":true,"href":"https:\/\/senzorika-varga.si\/en\/wp-json\/wp\/v2\/product_cat?post=4871"},{"taxonomy":"product_tag","embeddable":true,"href":"https:\/\/senzorika-varga.si\/en\/wp-json\/wp\/v2\/product_tag?post=4871"}],"curies":[{"name":"wp","href":"https:\/\/api.w.org\/{rel}","templated":true}]}}