{"id":4869,"date":"2025-11-03T21:59:16","date_gmt":"2025-11-03T21:59:16","guid":{"rendered":"https:\/\/senzorika.ajvonidol.si\/?post_type=product&#038;p=4869"},"modified":"2026-03-11T09:33:11","modified_gmt":"2026-03-11T09:33:11","slug":"tezka-modra-kaca","status":"publish","type":"product","link":"https:\/\/senzorika-varga.si\/en\/product\/tezka-modra-kaca\/","title":{"rendered":"Te\u017eka modra ka\u010da"},"content":{"rendered":"<p data-start=\"75\" data-end=\"323\">Obte\u017eena senzori\u010dna ka\u010da nudi prijeten ob\u010dutek topline in varnosti, ki pomaga pri umirjanju, sprostitvi in bolj\u0161i koncentraciji. Polo\u017eite jo v naro\u010dje ali jo ovijte okoli ramen \u2013 njena prijetna te\u017ea deluje kot ne\u017een objem, ki pomirja telo in misli.<\/p>\n<p data-start=\"325\" data-end=\"580\">Polnilo iz steklenih kroglic enakomerno razporedi te\u017eo, zunanja prevleka iz trpe\u017enega PU materiala pa omogo\u010da hitro in enostavno \u010di\u0161\u010denje. Zaradi svoje prilagodljive oblike je ka\u010da popolna za uporabo doma, v \u0161oli ali pri razli\u010dnih senzori\u010dnih aktivnostih.<\/p>\n<p data-start=\"582\" data-end=\"713\">Idealna je za otroke in odrasle, ki potrebujejo dodatno podporo pri umirjanju, zmanj\u0161evanju stresa ali izbolj\u0161anju osredoto\u010denosti.<\/p>\n<p data-start=\"715\" data-end=\"758\"><strong data-start=\"715\" data-end=\"758\">Zakaj izbrati obte\u017eeno senzori\u010dno ka\u010do?<\/strong><\/p>\n<ul data-start=\"759\" data-end=\"983\">\n<li data-section-id=\"mzhp1g\" data-start=\"759\" data-end=\"806\">\n<p data-start=\"761\" data-end=\"806\">pomaga pri umirjanju in zmanj\u0161evanju nemira<\/p>\n<\/li>\n<li data-section-id=\"1wud2j7\" data-start=\"807\" data-end=\"840\">\n<p data-start=\"809\" data-end=\"840\">spodbuja bolj\u0161o koncentracijo<\/p>\n<\/li>\n<li data-section-id=\"tpck30\" data-start=\"841\" data-end=\"889\">\n<p data-start=\"843\" data-end=\"889\">daje prijeten ob\u010dutek varnosti in sprostitve<\/p>\n<\/li>\n<li data-section-id=\"e2dfsf\" data-start=\"890\" data-end=\"938\">\n<p data-start=\"892\" data-end=\"938\">mehka, prilagodljiva in enostavna za uporabo<\/p>\n<\/li>\n<li data-section-id=\"ccvxm5\" data-start=\"939\" data-end=\"983\">\n<p data-start=\"941\" data-end=\"983\">trpe\u017een material, ki se enostavno o\u010disti<\/p>\n<\/li>\n<\/ul>\n<p data-start=\"985\" data-end=\"1008\"><strong data-start=\"985\" data-end=\"1008\">Dodatne informacije<\/strong><\/p>\n<ul data-start=\"1009\" data-end=\"1046\">\n<li data-section-id=\"arjna2\" data-start=\"1009\" data-end=\"1029\">\n<p data-start=\"1011\" data-end=\"1029\">Velikost: 85 cm<\/p>\n<\/li>\n<li data-section-id=\"wjvg2j\" data-start=\"1030\" data-end=\"1046\">\n<p data-start=\"1032\" data-end=\"1046\">Te\u017ea: 1,5 kg<\/p>\n<\/li>\n<\/ul>\n<p data-start=\"1048\" data-end=\"1164\" data-is-last-node=\"\" data-is-only-node=\"\"><em data-start=\"1048\" data-end=\"1164\" data-is-last-node=\"\">Opomba: Pred uporabo preverite, ali so \u0161ivi nepo\u0161kodovani. Izdelek ni primeren za osebe, ki rade grizejo predmete.<\/em><\/p>","protected":false},"excerpt":{"rendered":"<p>Te\u017eka modra ka\u010da<\/p>","protected":false},"featured_media":6369,"menu_order":0,"comment_status":"open","ping_status":"closed","template":"","meta":[],"product_brand":[],"product_cat":[98,95,125],"product_tag":[],"class_list":{"0":"post-4869","1":"product","2":"type-product","3":"status-publish","4":"has-post-thumbnail","6":"product_cat-obcutek-telesa","7":"product_cat-propriocepcija","8":"product_cat-snoezelen","10":"first","11":"instock","12":"taxable","13":"shipping-taxable","14":"purchasable","15":"product-type-simple"},"jetpack_sharing_enabled":true,"_links":{"self":[{"href":"https:\/\/senzorika-varga.si\/en\/wp-json\/wp\/v2\/product\/4869","targetHints":{"allow":["GET"]}}],"collection":[{"href":"https:\/\/senzorika-varga.si\/en\/wp-json\/wp\/v2\/product"}],"about":[{"href":"https:\/\/senzorika-varga.si\/en\/wp-json\/wp\/v2\/types\/product"}],"replies":[{"embeddable":true,"href":"https:\/\/senzorika-varga.si\/en\/wp-json\/wp\/v2\/comments?post=4869"}],"version-history":[{"count":3,"href":"https:\/\/senzorika-varga.si\/en\/wp-json\/wp\/v2\/product\/4869\/revisions"}],"predecessor-version":[{"id":13571,"href":"https:\/\/senzorika-varga.si\/en\/wp-json\/wp\/v2\/product\/4869\/revisions\/13571"}],"wp:featuredmedia":[{"embeddable":true,"href":"https:\/\/senzorika-varga.si\/en\/wp-json\/wp\/v2\/media\/6369"}],"wp:attachment":[{"href":"https:\/\/senzorika-varga.si\/en\/wp-json\/wp\/v2\/media?parent=4869"}],"wp:term":[{"taxonomy":"product_brand","embeddable":true,"href":"https:\/\/senzorika-varga.si\/en\/wp-json\/wp\/v2\/product_brand?post=4869"},{"taxonomy":"product_cat","embeddable":true,"href":"https:\/\/senzorika-varga.si\/en\/wp-json\/wp\/v2\/product_cat?post=4869"},{"taxonomy":"product_tag","embeddable":true,"href":"https:\/\/senzorika-varga.si\/en\/wp-json\/wp\/v2\/product_tag?post=4869"}],"curies":[{"name":"wp","href":"https:\/\/api.w.org\/{rel}","templated":true}]}}