{"id":4859,"date":"2025-11-03T21:59:14","date_gmt":"2025-11-03T21:59:14","guid":{"rendered":"https:\/\/senzorika.ajvonidol.si\/?post_type=product&#038;p=4859"},"modified":"2026-01-11T22:23:04","modified_gmt":"2026-01-11T22:23:04","slug":"fleksibilni-talni-stol","status":"publish","type":"product","link":"https:\/\/senzorika-varga.si\/en\/product\/fleksibilni-talni-stol\/","title":{"rendered":"Fleksibilni talni stol"},"content":{"rendered":"<div><!--block-->Na\u0161a talna varu\u0161ka se osredoto\u010da na udobje, prilagodljivost in\u00a0 vklju\u010dujo\u010do zasnovo, zato lahko slu\u017ei posameznikom s posebnimi potrebami na na\u010din, ki je funkcionalen in eleganten. Zaradi lahke zasnove jih je enostavno premikati, zlasti za posameznike z omejeno mo\u010djo ali mobilnostjo.<\/p>\n<p>Fleksibilni talni stol z nastavljivim ergonomskim naklonom spodnjega dela hrbta, petimi nastavljivimi polo\u017eaji naklona naslonjala, prevleka je iz 100 % poliestra, je odstranljivo in pralno. Enostavno shranite &#8211; ravno in stran od poti.<\/p>\n<p>Popoln za spro\u0161\u010danje, potovanja, kampiranje, pla\u017eo, branje knjig, igranje ra\u010dunalni\u0161kih igric in dodajanje dodatnih sede\u017eev kadarkoli in kjer koli. Usedite se, se pogovarjajte s prijateljem ali pre\u017eivite nekaj kakovostnega \u010dasa s svojimi otroki.<\/p>\n<\/div>","protected":false},"excerpt":{"rendered":"<p>Fleksibilni talni stol<\/p>","protected":false},"featured_media":13361,"menu_order":0,"comment_status":"open","ping_status":"closed","template":"","meta":[],"product_brand":[],"product_cat":[130,125,100],"product_tag":[],"class_list":{"0":"post-4859","1":"product","2":"type-product","3":"status-publish","4":"has-post-thumbnail","6":"product_cat-mehki-predmeti","7":"product_cat-snoezelen","8":"product_cat-udobje","10":"first","11":"instock","12":"taxable","13":"shipping-taxable","14":"purchasable","15":"product-type-simple"},"jetpack_sharing_enabled":true,"_links":{"self":[{"href":"https:\/\/senzorika-varga.si\/en\/wp-json\/wp\/v2\/product\/4859","targetHints":{"allow":["GET"]}}],"collection":[{"href":"https:\/\/senzorika-varga.si\/en\/wp-json\/wp\/v2\/product"}],"about":[{"href":"https:\/\/senzorika-varga.si\/en\/wp-json\/wp\/v2\/types\/product"}],"replies":[{"embeddable":true,"href":"https:\/\/senzorika-varga.si\/en\/wp-json\/wp\/v2\/comments?post=4859"}],"version-history":[{"count":2,"href":"https:\/\/senzorika-varga.si\/en\/wp-json\/wp\/v2\/product\/4859\/revisions"}],"predecessor-version":[{"id":13364,"href":"https:\/\/senzorika-varga.si\/en\/wp-json\/wp\/v2\/product\/4859\/revisions\/13364"}],"wp:featuredmedia":[{"embeddable":true,"href":"https:\/\/senzorika-varga.si\/en\/wp-json\/wp\/v2\/media\/13361"}],"wp:attachment":[{"href":"https:\/\/senzorika-varga.si\/en\/wp-json\/wp\/v2\/media?parent=4859"}],"wp:term":[{"taxonomy":"product_brand","embeddable":true,"href":"https:\/\/senzorika-varga.si\/en\/wp-json\/wp\/v2\/product_brand?post=4859"},{"taxonomy":"product_cat","embeddable":true,"href":"https:\/\/senzorika-varga.si\/en\/wp-json\/wp\/v2\/product_cat?post=4859"},{"taxonomy":"product_tag","embeddable":true,"href":"https:\/\/senzorika-varga.si\/en\/wp-json\/wp\/v2\/product_tag?post=4859"}],"curies":[{"name":"wp","href":"https:\/\/api.w.org\/{rel}","templated":true}]}}