{"id":4857,"date":"2025-11-03T21:59:14","date_gmt":"2025-11-03T21:59:14","guid":{"rendered":"https:\/\/senzorika.ajvonidol.si\/?post_type=product&#038;p=4857"},"modified":"2026-01-11T22:26:23","modified_gmt":"2026-01-11T22:26:23","slug":"otezena-blazina","status":"publish","type":"product","link":"https:\/\/senzorika-varga.si\/en\/product\/otezena-blazina\/","title":{"rendered":"Ote\u017eena blazina"},"content":{"rendered":"<div><!--block-->Izkusite neprimerljivo udobje in sprostitev z na\u0161o blazino TFH ote\u017eeno blazino. Ta blazina, zasnovana tako, da zagotavlja pomirjujo\u010d u\u010dinek, je popolna za vse, ki i\u0161\u010dejo bolj\u0161i spanec, zmanj\u0161ajo stres in izbolj\u0161ajo dobro po\u010dutje. \u0160e posebej je koristen za senzori\u010dne otroke s te\u017eavami pri obdelavi senzori\u010dnih dra\u017eljajev ter ponuja udobje, prilagojeno njihovim edinstvenim potrebam.<\/div>","protected":false},"excerpt":{"rendered":"<p>Ote\u017eena blazina<\/p>","protected":false},"featured_media":6367,"menu_order":0,"comment_status":"open","ping_status":"closed","template":"","meta":[],"product_brand":[],"product_cat":[98,95,125],"product_tag":[],"class_list":{"0":"post-4857","1":"product","2":"type-product","3":"status-publish","4":"has-post-thumbnail","6":"product_cat-obcutek-telesa","7":"product_cat-propriocepcija","8":"product_cat-snoezelen","10":"first","11":"instock","12":"taxable","13":"shipping-taxable","14":"purchasable","15":"product-type-simple"},"jetpack_sharing_enabled":true,"_links":{"self":[{"href":"https:\/\/senzorika-varga.si\/en\/wp-json\/wp\/v2\/product\/4857","targetHints":{"allow":["GET"]}}],"collection":[{"href":"https:\/\/senzorika-varga.si\/en\/wp-json\/wp\/v2\/product"}],"about":[{"href":"https:\/\/senzorika-varga.si\/en\/wp-json\/wp\/v2\/types\/product"}],"replies":[{"embeddable":true,"href":"https:\/\/senzorika-varga.si\/en\/wp-json\/wp\/v2\/comments?post=4857"}],"version-history":[{"count":1,"href":"https:\/\/senzorika-varga.si\/en\/wp-json\/wp\/v2\/product\/4857\/revisions"}],"predecessor-version":[{"id":4858,"href":"https:\/\/senzorika-varga.si\/en\/wp-json\/wp\/v2\/product\/4857\/revisions\/4858"}],"wp:featuredmedia":[{"embeddable":true,"href":"https:\/\/senzorika-varga.si\/en\/wp-json\/wp\/v2\/media\/6367"}],"wp:attachment":[{"href":"https:\/\/senzorika-varga.si\/en\/wp-json\/wp\/v2\/media?parent=4857"}],"wp:term":[{"taxonomy":"product_brand","embeddable":true,"href":"https:\/\/senzorika-varga.si\/en\/wp-json\/wp\/v2\/product_brand?post=4857"},{"taxonomy":"product_cat","embeddable":true,"href":"https:\/\/senzorika-varga.si\/en\/wp-json\/wp\/v2\/product_cat?post=4857"},{"taxonomy":"product_tag","embeddable":true,"href":"https:\/\/senzorika-varga.si\/en\/wp-json\/wp\/v2\/product_tag?post=4857"}],"curies":[{"name":"wp","href":"https:\/\/api.w.org\/{rel}","templated":true}]}}