{"id":4855,"date":"2025-11-03T21:59:14","date_gmt":"2025-11-03T21:59:14","guid":{"rendered":"https:\/\/senzorika.ajvonidol.si\/?post_type=product&#038;p=4855"},"modified":"2025-12-31T08:33:43","modified_gmt":"2025-12-31T08:33:43","slug":"plosca-razpolozenja","status":"publish","type":"product","link":"https:\/\/senzorika-varga.si\/en\/product\/plosca-razpolozenja\/","title":{"rendered":"Plo\u0161\u010da razpolo\u017eenja"},"content":{"rendered":"<div><!--block-->Plo\u0161\u010da za razpolo\u017eenje ima odzivne LED lu\u010di, okroglo mizno plo\u0161\u010do, ki&nbsp;reagira na dotik, gibanje in pritisk ter zasveti z \u017eivahno svetlobo povsod, kjer pride do interakcije. Lahko se tudi ri\u0161e vzorce s prsti, drse\u010dimi predmeti ali z ritmi tapkanja, s katerimi se otroci lahko ukvarjajo s svetlobno predstavo, ki nastaja pod njihovimi rokami.<\/div>","protected":false},"excerpt":{"rendered":"<p>Plo\u0161\u010da razpolo\u017eenja<\/p>","protected":false},"featured_media":7254,"menu_order":0,"comment_status":"open","ping_status":"closed","template":"","meta":[],"product_brand":[],"product_cat":[125,80,84],"product_tag":[],"class_list":{"0":"post-4855","1":"product","2":"type-product","3":"status-publish","4":"has-post-thumbnail","6":"product_cat-snoezelen","7":"product_cat-taktilni-pripomocki","8":"product_cat-taktilno-razlikovanje","10":"first","11":"instock","12":"taxable","13":"shipping-taxable","14":"purchasable","15":"product-type-simple"},"jetpack_sharing_enabled":true,"_links":{"self":[{"href":"https:\/\/senzorika-varga.si\/en\/wp-json\/wp\/v2\/product\/4855","targetHints":{"allow":["GET"]}}],"collection":[{"href":"https:\/\/senzorika-varga.si\/en\/wp-json\/wp\/v2\/product"}],"about":[{"href":"https:\/\/senzorika-varga.si\/en\/wp-json\/wp\/v2\/types\/product"}],"replies":[{"embeddable":true,"href":"https:\/\/senzorika-varga.si\/en\/wp-json\/wp\/v2\/comments?post=4855"}],"version-history":[{"count":1,"href":"https:\/\/senzorika-varga.si\/en\/wp-json\/wp\/v2\/product\/4855\/revisions"}],"predecessor-version":[{"id":4856,"href":"https:\/\/senzorika-varga.si\/en\/wp-json\/wp\/v2\/product\/4855\/revisions\/4856"}],"wp:featuredmedia":[{"embeddable":true,"href":"https:\/\/senzorika-varga.si\/en\/wp-json\/wp\/v2\/media\/7254"}],"wp:attachment":[{"href":"https:\/\/senzorika-varga.si\/en\/wp-json\/wp\/v2\/media?parent=4855"}],"wp:term":[{"taxonomy":"product_brand","embeddable":true,"href":"https:\/\/senzorika-varga.si\/en\/wp-json\/wp\/v2\/product_brand?post=4855"},{"taxonomy":"product_cat","embeddable":true,"href":"https:\/\/senzorika-varga.si\/en\/wp-json\/wp\/v2\/product_cat?post=4855"},{"taxonomy":"product_tag","embeddable":true,"href":"https:\/\/senzorika-varga.si\/en\/wp-json\/wp\/v2\/product_tag?post=4855"}],"curies":[{"name":"wp","href":"https:\/\/api.w.org\/{rel}","templated":true}]}}