{"id":4853,"date":"2025-11-03T21:59:14","date_gmt":"2025-11-03T21:59:14","guid":{"rendered":"https:\/\/senzorika.ajvonidol.si\/?post_type=product&#038;p=4853"},"modified":"2026-01-11T22:12:36","modified_gmt":"2026-01-11T22:12:36","slug":"taktilni-vlak","status":"publish","type":"product","link":"https:\/\/senzorika-varga.si\/en\/product\/taktilni-vlak\/","title":{"rendered":"Taktilni vlak"},"content":{"rendered":"<div><!--block-->Je interaktivna in senzori\u010dno bogata igra\u010da, zasnovana tako, da pritegne otroke z dotikom, vidom in zvokom, zaradi \u010desar je idealno orodje za senzori\u010dni razvoj in u\u010denje. Vsak vagon, sestavljen iz \u017eivahnih, trpe\u017enih komponent, ponuja edinstveno otipljivo izku\u0161njo z razli\u010dnimi teksturami, oblikami in povr\u0161inami za spodbujanje \u010dutov.<\/div>","protected":false},"excerpt":{"rendered":"<p>Taktilni vlak<\/p>","protected":false},"featured_media":6150,"menu_order":0,"comment_status":"open","ping_status":"closed","template":"","meta":[],"product_brand":[],"product_cat":[125,85,80,84],"product_tag":[],"class_list":{"0":"post-4853","1":"product","2":"type-product","3":"status-publish","4":"has-post-thumbnail","6":"product_cat-snoezelen","7":"product_cat-taktilne-stene","8":"product_cat-taktilni-pripomocki","9":"product_cat-taktilno-razlikovanje","11":"first","12":"instock","13":"taxable","14":"shipping-taxable","15":"purchasable","16":"product-type-simple"},"jetpack_sharing_enabled":true,"_links":{"self":[{"href":"https:\/\/senzorika-varga.si\/en\/wp-json\/wp\/v2\/product\/4853","targetHints":{"allow":["GET"]}}],"collection":[{"href":"https:\/\/senzorika-varga.si\/en\/wp-json\/wp\/v2\/product"}],"about":[{"href":"https:\/\/senzorika-varga.si\/en\/wp-json\/wp\/v2\/types\/product"}],"replies":[{"embeddable":true,"href":"https:\/\/senzorika-varga.si\/en\/wp-json\/wp\/v2\/comments?post=4853"}],"version-history":[{"count":1,"href":"https:\/\/senzorika-varga.si\/en\/wp-json\/wp\/v2\/product\/4853\/revisions"}],"predecessor-version":[{"id":4854,"href":"https:\/\/senzorika-varga.si\/en\/wp-json\/wp\/v2\/product\/4853\/revisions\/4854"}],"wp:featuredmedia":[{"embeddable":true,"href":"https:\/\/senzorika-varga.si\/en\/wp-json\/wp\/v2\/media\/6150"}],"wp:attachment":[{"href":"https:\/\/senzorika-varga.si\/en\/wp-json\/wp\/v2\/media?parent=4853"}],"wp:term":[{"taxonomy":"product_brand","embeddable":true,"href":"https:\/\/senzorika-varga.si\/en\/wp-json\/wp\/v2\/product_brand?post=4853"},{"taxonomy":"product_cat","embeddable":true,"href":"https:\/\/senzorika-varga.si\/en\/wp-json\/wp\/v2\/product_cat?post=4853"},{"taxonomy":"product_tag","embeddable":true,"href":"https:\/\/senzorika-varga.si\/en\/wp-json\/wp\/v2\/product_tag?post=4853"}],"curies":[{"name":"wp","href":"https:\/\/api.w.org\/{rel}","templated":true}]}}