{"id":4841,"date":"2025-11-03T21:59:12","date_gmt":"2025-11-03T21:59:12","guid":{"rendered":"https:\/\/senzorika.ajvonidol.si\/?post_type=product&#038;p=4841"},"modified":"2026-01-11T23:02:13","modified_gmt":"2026-01-11T23:02:13","slug":"bigger-bouncer-cover-only","status":"publish","type":"product","link":"https:\/\/senzorika-varga.si\/en\/product\/bigger-bouncer-cover-only\/","title":{"rendered":"Prevleka za posko\u010dni stol &#8211; ve\u010dji"},"content":{"rendered":"","protected":false},"excerpt":{"rendered":"<p>Prevleka za posko\u010dni stol &#8211; ve\u010dji<\/p>","protected":false},"featured_media":13475,"menu_order":0,"comment_status":"open","ping_status":"closed","template":"","meta":[],"product_brand":[],"product_cat":[75],"product_tag":[],"class_list":{"0":"post-4841","1":"product","2":"type-product","3":"status-publish","4":"has-post-thumbnail","6":"product_cat-vestibularni-pripomocki","8":"first","9":"instock","10":"taxable","11":"shipping-taxable","12":"purchasable","13":"product-type-simple"},"jetpack_sharing_enabled":true,"_links":{"self":[{"href":"https:\/\/senzorika-varga.si\/en\/wp-json\/wp\/v2\/product\/4841","targetHints":{"allow":["GET"]}}],"collection":[{"href":"https:\/\/senzorika-varga.si\/en\/wp-json\/wp\/v2\/product"}],"about":[{"href":"https:\/\/senzorika-varga.si\/en\/wp-json\/wp\/v2\/types\/product"}],"replies":[{"embeddable":true,"href":"https:\/\/senzorika-varga.si\/en\/wp-json\/wp\/v2\/comments?post=4841"}],"version-history":[{"count":1,"href":"https:\/\/senzorika-varga.si\/en\/wp-json\/wp\/v2\/product\/4841\/revisions"}],"predecessor-version":[{"id":4842,"href":"https:\/\/senzorika-varga.si\/en\/wp-json\/wp\/v2\/product\/4841\/revisions\/4842"}],"wp:featuredmedia":[{"embeddable":true,"href":"https:\/\/senzorika-varga.si\/en\/wp-json\/wp\/v2\/media\/13475"}],"wp:attachment":[{"href":"https:\/\/senzorika-varga.si\/en\/wp-json\/wp\/v2\/media?parent=4841"}],"wp:term":[{"taxonomy":"product_brand","embeddable":true,"href":"https:\/\/senzorika-varga.si\/en\/wp-json\/wp\/v2\/product_brand?post=4841"},{"taxonomy":"product_cat","embeddable":true,"href":"https:\/\/senzorika-varga.si\/en\/wp-json\/wp\/v2\/product_cat?post=4841"},{"taxonomy":"product_tag","embeddable":true,"href":"https:\/\/senzorika-varga.si\/en\/wp-json\/wp\/v2\/product_tag?post=4841"}],"curies":[{"name":"wp","href":"https:\/\/api.w.org\/{rel}","templated":true}]}}