{"id":4837,"date":"2025-11-03T21:59:11","date_gmt":"2025-11-03T21:59:11","guid":{"rendered":"https:\/\/senzorika.ajvonidol.si\/?post_type=product&#038;p=4837"},"modified":"2025-12-31T08:36:19","modified_gmt":"2025-12-31T08:36:19","slug":"250ml-fresh-summer","status":"publish","type":"product","link":"https:\/\/senzorika-varga.si\/en\/product\/250ml-fresh-summer\/","title":{"rendered":"Eteri\u010dno olje &#8211;  sve\u017eina &#8211; poletje"},"content":{"rendered":"","protected":false},"excerpt":{"rendered":"<p>Eteri\u010dno olje &#8211;  sve\u017eina &#8211; poletje<\/p>","protected":false},"featured_media":0,"menu_order":0,"comment_status":"open","ping_status":"closed","template":"","meta":[],"product_brand":[],"product_cat":[125,107],"product_tag":[],"class_list":{"0":"post-4837","1":"product","2":"type-product","3":"status-publish","5":"product_cat-snoezelen","6":"product_cat-spoznavanje","8":"first","9":"instock","10":"taxable","11":"shipping-taxable","12":"purchasable","13":"product-type-simple"},"jetpack_sharing_enabled":true,"_links":{"self":[{"href":"https:\/\/senzorika-varga.si\/en\/wp-json\/wp\/v2\/product\/4837","targetHints":{"allow":["GET"]}}],"collection":[{"href":"https:\/\/senzorika-varga.si\/en\/wp-json\/wp\/v2\/product"}],"about":[{"href":"https:\/\/senzorika-varga.si\/en\/wp-json\/wp\/v2\/types\/product"}],"replies":[{"embeddable":true,"href":"https:\/\/senzorika-varga.si\/en\/wp-json\/wp\/v2\/comments?post=4837"}],"version-history":[{"count":1,"href":"https:\/\/senzorika-varga.si\/en\/wp-json\/wp\/v2\/product\/4837\/revisions"}],"predecessor-version":[{"id":4838,"href":"https:\/\/senzorika-varga.si\/en\/wp-json\/wp\/v2\/product\/4837\/revisions\/4838"}],"wp:attachment":[{"href":"https:\/\/senzorika-varga.si\/en\/wp-json\/wp\/v2\/media?parent=4837"}],"wp:term":[{"taxonomy":"product_brand","embeddable":true,"href":"https:\/\/senzorika-varga.si\/en\/wp-json\/wp\/v2\/product_brand?post=4837"},{"taxonomy":"product_cat","embeddable":true,"href":"https:\/\/senzorika-varga.si\/en\/wp-json\/wp\/v2\/product_cat?post=4837"},{"taxonomy":"product_tag","embeddable":true,"href":"https:\/\/senzorika-varga.si\/en\/wp-json\/wp\/v2\/product_tag?post=4837"}],"curies":[{"name":"wp","href":"https:\/\/api.w.org\/{rel}","templated":true}]}}