{"id":4821,"date":"2025-11-03T21:59:09","date_gmt":"2025-11-03T21:59:09","guid":{"rendered":"https:\/\/senzorika.ajvonidol.si\/?post_type=product&#038;p=4821"},"modified":"2025-12-31T08:34:40","modified_gmt":"2025-12-31T08:34:40","slug":"jiggler","status":"publish","type":"product","link":"https:\/\/senzorika-varga.si\/en\/product\/jiggler\/","title":{"rendered":"Jiggler &#8211; stol"},"content":{"rendered":"<div><!--block-->S tem norim &#8220;stol\u010dkom&#8221; vadite ravnote\u017eje in stabilnost. Zabavno in koristno za telo!<\/p>\n<p>Z vzmetmi na notranji strani stola imate mo\u017enost okrepiti nadzor nad telesom. Stol lahko deluje tudi kot rokoborski partner, ki&nbsp; vas me\u010de, se plazite po njem in na razli\u010dne na\u010dine razpr\u0161ite energijo ter pri tem pridobivate nadzor nad telesom.<\/p><\/div>","protected":false},"excerpt":{"rendered":"<p>Jiggler &#8211; stol<\/p>","protected":false},"featured_media":7795,"menu_order":0,"comment_status":"open","ping_status":"closed","template":"","meta":[],"product_brand":[],"product_cat":[78,75],"product_tag":[],"class_list":{"0":"post-4821","1":"product","2":"type-product","3":"status-publish","4":"has-post-thumbnail","6":"product_cat-senzorna-integracija","7":"product_cat-vestibularni-pripomocki","9":"first","10":"instock","11":"taxable","12":"shipping-taxable","13":"purchasable","14":"product-type-simple"},"jetpack_sharing_enabled":true,"_links":{"self":[{"href":"https:\/\/senzorika-varga.si\/en\/wp-json\/wp\/v2\/product\/4821","targetHints":{"allow":["GET"]}}],"collection":[{"href":"https:\/\/senzorika-varga.si\/en\/wp-json\/wp\/v2\/product"}],"about":[{"href":"https:\/\/senzorika-varga.si\/en\/wp-json\/wp\/v2\/types\/product"}],"replies":[{"embeddable":true,"href":"https:\/\/senzorika-varga.si\/en\/wp-json\/wp\/v2\/comments?post=4821"}],"version-history":[{"count":1,"href":"https:\/\/senzorika-varga.si\/en\/wp-json\/wp\/v2\/product\/4821\/revisions"}],"predecessor-version":[{"id":4822,"href":"https:\/\/senzorika-varga.si\/en\/wp-json\/wp\/v2\/product\/4821\/revisions\/4822"}],"wp:featuredmedia":[{"embeddable":true,"href":"https:\/\/senzorika-varga.si\/en\/wp-json\/wp\/v2\/media\/7795"}],"wp:attachment":[{"href":"https:\/\/senzorika-varga.si\/en\/wp-json\/wp\/v2\/media?parent=4821"}],"wp:term":[{"taxonomy":"product_brand","embeddable":true,"href":"https:\/\/senzorika-varga.si\/en\/wp-json\/wp\/v2\/product_brand?post=4821"},{"taxonomy":"product_cat","embeddable":true,"href":"https:\/\/senzorika-varga.si\/en\/wp-json\/wp\/v2\/product_cat?post=4821"},{"taxonomy":"product_tag","embeddable":true,"href":"https:\/\/senzorika-varga.si\/en\/wp-json\/wp\/v2\/product_tag?post=4821"}],"curies":[{"name":"wp","href":"https:\/\/api.w.org\/{rel}","templated":true}]}}